{"id":835,"date":"2024-01-02T00:59:50","date_gmt":"2024-01-01T23:59:50","guid":{"rendered":"https:\/\/portal.taekwondo-hambruecken.de\/?page_id=835"},"modified":"2024-05-20T20:02:04","modified_gmt":"2024-05-20T18:02:04","slug":"downloads","status":"publish","type":"page","link":"https:\/\/www.taekwondo-hambruecken.de\/index.php\/verwaltung\/downloads\/","title":{"rendered":"Downloads"},"content":{"rendered":"\n<figure class=\"wp-block-table\"><table><tbody><tr><td><img decoding=\"async\" src=\"https:\/\/www.taekwondo-hambruecken.de\/wp-content\/uploads\/2024\/01\/pdf-logo.png\" alt=\"\" style=\"width: 40px;\"><\/td><td class=\"has-text-align-left\" data-align=\"left\"><a href=\"https:\/\/www.taekwondo-hambruecken.de\/wp-content\/uploads\/2024\/01\/satzung-tkd-hambruecken.pdf\" data-type=\"attachment\" data-id=\"838\">Satzung Taekwondo Club Hambr\u00fccken<\/a><\/td><\/tr><tr><td><img decoding=\"async\" style=\"width: 40px;\" src=\"https:\/\/www.taekwondo-hambruecken.de\/wp-content\/uploads\/2024\/01\/pdf-logo.png\" alt=\"\"><\/td><td class=\"has-text-align-left\" data-align=\"left\"><a href=\"https:\/\/www.taekwondo-hambruecken.de\/wp-content\/uploads\/2024\/01\/beitrittserklaerung-tkd-hambruecken.pdf\" data-type=\"attachment\" data-id=\"837\">Beitrittserkl\u00e4rung Taekwondo Club Hambr\u00fccken<\/a><\/td><\/tr><tr><td><img decoding=\"async\" style=\"width: 40px;\" src=\"https:\/\/www.taekwondo-hambruecken.de\/wp-content\/uploads\/2024\/01\/pdf-logo.png\" alt=\"\"><\/td><td class=\"has-text-align-left\" data-align=\"left\"><a href=\"https:\/\/www.taekwondo-hambruecken.de\/wp-content\/uploads\/2024\/01\/einverstaendniserklaerung-dtu-datenbank.pdf\" data-type=\"attachment\" data-id=\"836\">Einverst\u00e4ndniserkl\u00e4rung DTU Datenbank<\/a><\/td><\/tr><tr><td><img decoding=\"async\" style=\"width: 40px;\" src=\"https:\/\/www.taekwondo-hambruecken.de\/wp-content\/uploads\/2024\/01\/pdf-logo.png\" alt=\"\"><\/td><td class=\"has-text-align-left\" data-align=\"left\">Einverst\u00e4ndniserkl\u00e4rung der Erziehungsberechtigten f\u00fcr eine Taekwondo-G\u00fcrtelpr\u00fcfung<\/td><\/tr><\/tbody><\/table><\/figure>\n","protected":false},"excerpt":{"rendered":"<p>Satzung Taekwondo Club Hambr\u00fccken Beitrittserkl\u00e4rung Taekwondo Club Hambr\u00fccken Einverst\u00e4ndniserkl\u00e4rung DTU Datenbank Einverst\u00e4ndniserkl\u00e4rung der Erziehungsberechtigten f\u00fcr eine Taekwondo-G\u00fcrtelpr\u00fcfung<\/p>\n","protected":false},"author":1,"featured_media":0,"parent":825,"menu_order":2,"comment_status":"closed","ping_status":"closed","template":"","meta":{"footnotes":""},"class_list":["post-835","page","type-page","status-publish","hentry"],"_links":{"self":[{"href":"https:\/\/www.taekwondo-hambruecken.de\/index.php\/wp-json\/wp\/v2\/pages\/835","targetHints":{"allow":["GET"]}}],"collection":[{"href":"https:\/\/www.taekwondo-hambruecken.de\/index.php\/wp-json\/wp\/v2\/pages"}],"about":[{"href":"https:\/\/www.taekwondo-hambruecken.de\/index.php\/wp-json\/wp\/v2\/types\/page"}],"author":[{"embeddable":true,"href":"https:\/\/www.taekwondo-hambruecken.de\/index.php\/wp-json\/wp\/v2\/users\/1"}],"replies":[{"embeddable":true,"href":"https:\/\/www.taekwondo-hambruecken.de\/index.php\/wp-json\/wp\/v2\/comments?post=835"}],"version-history":[{"count":9,"href":"https:\/\/www.taekwondo-hambruecken.de\/index.php\/wp-json\/wp\/v2\/pages\/835\/revisions"}],"predecessor-version":[{"id":1594,"href":"https:\/\/www.taekwondo-hambruecken.de\/index.php\/wp-json\/wp\/v2\/pages\/835\/revisions\/1594"}],"up":[{"embeddable":true,"href":"https:\/\/www.taekwondo-hambruecken.de\/index.php\/wp-json\/wp\/v2\/pages\/825"}],"wp:attachment":[{"href":"https:\/\/www.taekwondo-hambruecken.de\/index.php\/wp-json\/wp\/v2\/media?parent=835"}],"curies":[{"name":"wp","href":"https:\/\/api.w.org\/{rel}","templated":true}]}}