{"id":825,"date":"2024-01-02T00:42:11","date_gmt":"2024-01-01T23:42:11","guid":{"rendered":"https:\/\/portal.taekwondo-hambruecken.de\/?page_id=825"},"modified":"2024-01-02T14:11:06","modified_gmt":"2024-01-02T13:11:06","slug":"verwaltung","status":"publish","type":"page","link":"https:\/\/www.taekwondo-hambruecken.de\/index.php\/verwaltung\/","title":{"rendered":"Verwaltung"},"content":{"rendered":"\n<p>Hier finden Sie alle Informationen rund um den administrativen Bereich des Taekwondo Clubs. Neben einer \u00dcbersicht \u00fcber die Vereinsorgane finden Sie hier auch die M\u00f6glichkeit zum Download einer Beitrittserkl\u00e4rung oder auch der Satzung des Vereins.<\/p>\n\n\n\n<div class=\"wp-block-buttons is-content-justification-center is-layout-flex wp-container-core-buttons-is-layout-16018d1d wp-block-buttons-is-layout-flex\">\n<div class=\"wp-block-button\"><a class=\"wp-block-button__link has-text-align-center wp-element-button\" href=\"https:\/\/www.taekwondo-hambruecken.de\/index.php\/verwaltung\/vorstandschaft\/\">Vorstandschaft<\/a><\/div>\n\n\n\n<div class=\"wp-block-button\"><a class=\"wp-block-button__link has-text-align-center wp-element-button\" href=\"https:\/\/www.taekwondo-hambruecken.de\/index.php\/verwaltung\/mitgliedsbeitraege\/\">Mitgliedsbeitr\u00e4ge<\/a><\/div>\n\n\n\n<div class=\"wp-block-button\"><a class=\"wp-block-button__link has-text-align-center wp-element-button\" href=\"https:\/\/www.taekwondo-hambruecken.de\/index.php\/verwaltung\/downloads\/\">Downloads<\/a><\/div>\n<\/div>\n","protected":false},"excerpt":{"rendered":"<p>Hier finden Sie alle Informationen rund um den administrativen Bereich des Taekwondo Clubs. Neben einer \u00dcbersicht \u00fcber die Vereinsorgane finden Sie hier auch die M\u00f6glichkeit zum Download einer Beitrittserkl\u00e4rung oder auch der Satzung des Vereins.<\/p>\n","protected":false},"author":1,"featured_media":0,"parent":0,"menu_order":8,"comment_status":"closed","ping_status":"closed","template":"","meta":{"footnotes":""},"class_list":["post-825","page","type-page","status-publish","hentry"],"_links":{"self":[{"href":"https:\/\/www.taekwondo-hambruecken.de\/index.php\/wp-json\/wp\/v2\/pages\/825","targetHints":{"allow":["GET"]}}],"collection":[{"href":"https:\/\/www.taekwondo-hambruecken.de\/index.php\/wp-json\/wp\/v2\/pages"}],"about":[{"href":"https:\/\/www.taekwondo-hambruecken.de\/index.php\/wp-json\/wp\/v2\/types\/page"}],"author":[{"embeddable":true,"href":"https:\/\/www.taekwondo-hambruecken.de\/index.php\/wp-json\/wp\/v2\/users\/1"}],"replies":[{"embeddable":true,"href":"https:\/\/www.taekwondo-hambruecken.de\/index.php\/wp-json\/wp\/v2\/comments?post=825"}],"version-history":[{"count":5,"href":"https:\/\/www.taekwondo-hambruecken.de\/index.php\/wp-json\/wp\/v2\/pages\/825\/revisions"}],"predecessor-version":[{"id":1074,"href":"https:\/\/www.taekwondo-hambruecken.de\/index.php\/wp-json\/wp\/v2\/pages\/825\/revisions\/1074"}],"wp:attachment":[{"href":"https:\/\/www.taekwondo-hambruecken.de\/index.php\/wp-json\/wp\/v2\/media?parent=825"}],"curies":[{"name":"wp","href":"https:\/\/api.w.org\/{rel}","templated":true}]}}