{"id":768,"date":"2024-01-01T22:19:34","date_gmt":"2024-01-01T21:19:34","guid":{"rendered":"https:\/\/portal.taekwondo-hambruecken.de\/?page_id=768"},"modified":"2024-01-02T14:09:20","modified_gmt":"2024-01-02T13:09:20","slug":"erfolge","status":"publish","type":"page","link":"https:\/\/www.taekwondo-hambruecken.de\/index.php\/erfolge\/","title":{"rendered":"Erfolge"},"content":{"rendered":"\n<p>Hier und in den Unterseiten finden Sie eine \u00dcbersicht \u00fcber die gr\u00f6\u00dften Erfolge unserer Wettkampfteilnehmer!<\/p>\n\n\n\n<h3 class=\"wp-block-heading\">Unser Erfolge auf Internationalen Deutschen Meisterschaften<\/h3>\n\n\n\n<table id=\"tablepress-3\" class=\"tablepress tablepress-id-3\">\n<thead>\n<tr class=\"row-1\">\n\t<th class=\"column-1\">Nachname<\/th><th class=\"column-2\">Vorname<\/th><th class=\"column-3\">Turnier<\/th><th class=\"column-4\">Jahr<\/th><th class=\"column-5\">Platz<\/th>\n<\/tr>\n<\/thead>\n<tbody class=\"row-striping row-hover\">\n<tr class=\"row-2\">\n\t<td class=\"column-1\">ehem. Vereinsmitglied<\/td><td class=\"column-2\"><\/td><td class=\"column-3\">German Open Poomsae 2020, LK1 Damen, Einzel unter 60 J.<\/td><td class=\"column-4\">2020<\/td><td class=\"column-5\">10<\/td>\n<\/tr>\n<tr class=\"row-3\">\n\t<td class=\"column-1\">ehem. Vereinsmitglied<\/td><td class=\"column-2\"><\/td><td class=\"column-3\">German Open Poomsae, Individual Division female 51-60 years<\/td><td class=\"column-4\">2019<\/td><td class=\"column-5\">8<\/td>\n<\/tr>\n<tr class=\"row-4\">\n\t<td class=\"column-1\">Heck<\/td><td class=\"column-2\">Stephan<\/td><td class=\"column-3\">WKU - Internationale Deutsche Meisterschaften<\/td><td class=\"column-4\">2013<\/td><td class=\"column-5\">1<\/td>\n<\/tr>\n<tr class=\"row-5\">\n\t<td class=\"column-1\">Ries<\/td><td class=\"column-2\">Thorsten<\/td><td class=\"column-3\">WKU - Internationale Deutsche Meisterschaften<\/td><td class=\"column-4\">2013<\/td><td class=\"column-5\">1<\/td>\n<\/tr>\n<tr class=\"row-6\">\n\t<td class=\"column-1\">Diener<\/td><td class=\"column-2\">Carolin<\/td><td class=\"column-3\">International German Open<\/td><td class=\"column-4\">2003<\/td><td class=\"column-5\">17<\/td>\n<\/tr>\n<tr class=\"row-7\">\n\t<td class=\"column-1\">Diener<\/td><td class=\"column-2\">Carolin<\/td><td class=\"column-3\">Int. German Open<\/td><td class=\"column-4\">2002<\/td><td class=\"column-5\">2<\/td>\n<\/tr>\n<tr class=\"row-8\">\n\t<td class=\"column-1\">Diener<\/td><td class=\"column-2\">Carolin<\/td><td class=\"column-3\">Int. German Open<\/td><td class=\"column-4\">2001<\/td><td class=\"column-5\">5<\/td>\n<\/tr>\n<tr class=\"row-9\">\n\t<td class=\"column-1\">Raab<\/td><td class=\"column-2\">Klaus-Dieter<\/td><td class=\"column-3\">Int. \u00d6sterreichische Meisterschaften<\/td><td class=\"column-4\">1988<\/td><td class=\"column-5\">5<\/td>\n<\/tr>\n<tr class=\"row-10\">\n\t<td class=\"column-1\">Raab<\/td><td class=\"column-2\">Klaus-Dieter<\/td><td class=\"column-3\">Int. Deutsche Meisterschaften<\/td><td class=\"column-4\">1988<\/td><td class=\"column-5\">5<\/td>\n<\/tr>\n<tr class=\"row-11\">\n\t<td class=\"column-1\">Heck<\/td><td class=\"column-2\">Stephan<\/td><td class=\"column-3\">Internationale Deutsche Meisterschaft Leichtkontakt 1988, Herrren +84 kg<\/td><td class=\"column-4\">1988<\/td><td class=\"column-5\">3<\/td>\n<\/tr>\n<tr class=\"row-12\">\n\t<td class=\"column-1\">Heck<\/td><td class=\"column-2\">Stephan<\/td><td class=\"column-3\">9. Internationale Deutsche Meisterschaften, Vollkontakt LK1, Herren +83 kg<\/td><td class=\"column-4\">1987<\/td><td class=\"column-5\">5<\/td>\n<\/tr>\n<\/tbody>\n<\/table>\n<!-- #tablepress-3 from cache -->\n\n\n\n<div class=\"wp-block-buttons is-layout-flex wp-block-buttons-is-layout-flex\">\n<div class=\"wp-block-button\"><a class=\"wp-block-button__link wp-element-button\" href=\"https:\/\/www.taekwondo-hambruecken.de\/index.php\/erfolge\/deutsche-meisterschaften\/\">Deutsche Meisterschaften<\/a><\/div>\n\n\n\n<div class=\"wp-block-button\"><a class=\"wp-block-button__link wp-element-button\" href=\"https:\/\/www.taekwondo-hambruecken.de\/index.php\/erfolge\/baden-wuerttembergische-meisterschaften\/\">Baden-W\u00fcrttembergische Meisterschaften<\/a><\/div>\n\n\n\n<div class=\"wp-block-button\"><a class=\"wp-block-button__link wp-element-button\" href=\"https:\/\/www.taekwondo-hambruecken.de\/index.php\/erfolge\/badische-meisterschaften\/\">Badische Meisterschaften<\/a><\/div>\n\n\n\n<div class=\"wp-block-button\"><a class=\"wp-block-button__link wp-element-button\" href=\"https:\/\/www.taekwondo-hambruecken.de\/index.php\/erfolge\/turniere-auch-int\/\">(Int.) Turniere<\/a><\/div>\n<\/div>\n","protected":false},"excerpt":{"rendered":"<p>Hier und in den Unterseiten finden Sie eine \u00dcbersicht \u00fcber die gr\u00f6\u00dften Erfolge unserer Wettkampfteilnehmer! Unser Erfolge auf Internationalen Deutschen Meisterschaften<\/p>\n","protected":false},"author":1,"featured_media":0,"parent":0,"menu_order":5,"comment_status":"closed","ping_status":"closed","template":"","meta":{"footnotes":""},"class_list":["post-768","page","type-page","status-publish","hentry"],"_links":{"self":[{"href":"https:\/\/www.taekwondo-hambruecken.de\/index.php\/wp-json\/wp\/v2\/pages\/768","targetHints":{"allow":["GET"]}}],"collection":[{"href":"https:\/\/www.taekwondo-hambruecken.de\/index.php\/wp-json\/wp\/v2\/pages"}],"about":[{"href":"https:\/\/www.taekwondo-hambruecken.de\/index.php\/wp-json\/wp\/v2\/types\/page"}],"author":[{"embeddable":true,"href":"https:\/\/www.taekwondo-hambruecken.de\/index.php\/wp-json\/wp\/v2\/users\/1"}],"replies":[{"embeddable":true,"href":"https:\/\/www.taekwondo-hambruecken.de\/index.php\/wp-json\/wp\/v2\/comments?post=768"}],"version-history":[{"count":13,"href":"https:\/\/www.taekwondo-hambruecken.de\/index.php\/wp-json\/wp\/v2\/pages\/768\/revisions"}],"predecessor-version":[{"id":1073,"href":"https:\/\/www.taekwondo-hambruecken.de\/index.php\/wp-json\/wp\/v2\/pages\/768\/revisions\/1073"}],"wp:attachment":[{"href":"https:\/\/www.taekwondo-hambruecken.de\/index.php\/wp-json\/wp\/v2\/media?parent=768"}],"curies":[{"name":"wp","href":"https:\/\/api.w.org\/{rel}","templated":true}]}}