{"id":758,"date":"2023-12-31T14:23:03","date_gmt":"2023-12-31T13:23:03","guid":{"rendered":"https:\/\/portal.taekwondo-hambruecken.de\/?page_id=758"},"modified":"2024-12-29T11:17:10","modified_gmt":"2024-12-29T10:17:10","slug":"martin-wolf-1-dan","status":"publish","type":"page","link":"https:\/\/www.taekwondo-hambruecken.de\/index.php\/wettkaempfer\/martin-wolf-1-dan\/","title":{"rendered":"Martin Wolf (2. DAN)"},"content":{"rendered":"\n<h3 class=\"wp-block-heading\">Profil<\/h3>\n\n\n\n<ul class=\"wp-block-list\">\n<li>Gewichtsklasse Kyorugi\/Vollkontakt: Herren -78 kg<\/li>\n\n\n\n<li>Aktiver Poomsael\u00e4ufer \/ Mitglied im Poomsae-Team Hambr\u00fccken<\/li>\n<\/ul>\n\n\n\n<figure class=\"wp-block-gallery has-nested-images columns-default is-cropped wp-block-gallery-1 is-layout-flex wp-block-gallery-is-layout-flex\">\n<figure class=\"wp-block-image size-large\"><img loading=\"lazy\" decoding=\"async\" width=\"640\" height=\"800\" data-id=\"648\" src=\"https:\/\/www.taekwondo-hambruecken.de\/wp-content\/uploads\/2023\/12\/wettk_wolf_m-1.jpeg\" alt=\"\" class=\"wp-image-648\" srcset=\"https:\/\/www.taekwondo-hambruecken.de\/wp-content\/uploads\/2023\/12\/wettk_wolf_m-1.jpeg 640w, https:\/\/www.taekwondo-hambruecken.de\/wp-content\/uploads\/2023\/12\/wettk_wolf_m-1-240x300.jpeg 240w, https:\/\/www.taekwondo-hambruecken.de\/wp-content\/uploads\/2023\/12\/wettk_wolf_m-1-1x1.jpeg 1w\" sizes=\"auto, (max-width: 640px) 100vw, 640px\" \/><\/figure>\n\n\n\n<figure class=\"wp-block-image size-large\"><img loading=\"lazy\" decoding=\"async\" width=\"299\" height=\"387\" data-id=\"647\" src=\"https:\/\/www.taekwondo-hambruecken.de\/wp-content\/uploads\/2023\/12\/wettk_wolf_m-2.jpeg\" alt=\"\" class=\"wp-image-647\" srcset=\"https:\/\/www.taekwondo-hambruecken.de\/wp-content\/uploads\/2023\/12\/wettk_wolf_m-2.jpeg 299w, https:\/\/www.taekwondo-hambruecken.de\/wp-content\/uploads\/2023\/12\/wettk_wolf_m-2-232x300.jpeg 232w, https:\/\/www.taekwondo-hambruecken.de\/wp-content\/uploads\/2023\/12\/wettk_wolf_m-2-1x1.jpeg 1w\" sizes=\"auto, (max-width: 299px) 100vw, 299px\" \/><\/figure>\n\n\n\n<figure class=\"wp-block-image size-large\"><img loading=\"lazy\" decoding=\"async\" width=\"390\" height=\"560\" data-id=\"646\" src=\"https:\/\/www.taekwondo-hambruecken.de\/wp-content\/uploads\/2023\/12\/wettk_wolf_m-3.jpeg\" alt=\"\" class=\"wp-image-646\" srcset=\"https:\/\/www.taekwondo-hambruecken.de\/wp-content\/uploads\/2023\/12\/wettk_wolf_m-3.jpeg 390w, https:\/\/www.taekwondo-hambruecken.de\/wp-content\/uploads\/2023\/12\/wettk_wolf_m-3-209x300.jpeg 209w, https:\/\/www.taekwondo-hambruecken.de\/wp-content\/uploads\/2023\/12\/wettk_wolf_m-3-1x1.jpeg 1w\" sizes=\"auto, (max-width: 390px) 100vw, 390px\" \/><\/figure>\n<\/figure>\n\n\n\n<h3 class=\"wp-block-heading\">Alle Erfolge<\/h3>\n\n\n\n<figure class=\"wp-block-table\"><table><tbody><tr><th>Turnier<\/th><th>Jahr<\/th><th class=\"has-text-align-center\" data-align=\"center\">Platz<\/th><\/tr><tr><td colspan=\"3\"><strong>Baden-W\u00fcrttembergische<\/strong><\/td><\/tr><tr><td>Baden-W\u00fcrtt. Meisterschaften Formen (Synchron)<\/td><td>2012<\/td><td class=\"has-text-align-center\" data-align=\"center\">1<\/td><\/tr><tr><td>Baden-W\u00fcrtt. Meisterschaften Formen (Team)<\/td><td>2012<\/td><td class=\"has-text-align-center\" data-align=\"center\">1<\/td><\/tr><tr><td>Baden-W\u00fcrtt. Poomsae-Meisterschaft, LK2, 5er-Team Herren Master ab 40 J.<\/td><td>2012<\/td><td class=\"has-text-align-center\" data-align=\"center\">1<\/td><\/tr><tr><td>Baden-W\u00fcrtt. Poomsae-Meisterschaft, LK2, Synchron Herren Sen. 2 ab 36 J.<\/td><td>2012<\/td><td class=\"has-text-align-center\" data-align=\"center\">1<\/td><\/tr><tr><td colspan=\"3\"><strong>Badische<\/strong><\/td><\/tr><tr><td>Bad. Poomsae-Meisterschaft 2024, Pforzheim &#8211; LK1  3er-Team m Master 1 (41 J. u. \u00e4lter)<\/td><td>2024<\/td><td class=\"has-text-align-center\" data-align=\"center\">3<\/td><\/tr><tr><td>Bad. Poomsae-Meisterschaft 2019, Hambr\u00fccken &#8211; LK1  3er-Synchron m Master (ab 41 J.)<\/td><td>2019<\/td><td class=\"has-text-align-center\" data-align=\"center\">1<\/td><\/tr><tr><td>Bad. Poomsae-Meisterschaft 2019, Hambr\u00fccken &#8211; LK1  Mixed-Team Master (ab 41 J.)<\/td><td>2019<\/td><td class=\"has-text-align-center\" data-align=\"center\">1<\/td><\/tr><tr><td>Badische Poomsae-Meisterschaft &#8211; Mixed-Team, Master 1: 40-49 J.<\/td><td>2017<\/td><td class=\"has-text-align-center\" data-align=\"center\">1<\/td><\/tr><tr><td>Badische Poomsae-Meisterschaft &#8211; Synchron, Herren Master 1: 40-49 J.<\/td><td>2017<\/td><td class=\"has-text-align-center\" data-align=\"center\">1<\/td><\/tr><tr><td>Badische Poomsae-Meisterschaft &#8211; Einzel, Master 1: 40-44 J.<\/td><td>2017<\/td><td class=\"has-text-align-center\" data-align=\"center\">3<\/td><\/tr><tr><td>Badische Meisterschaft Poomsae &#8211; Synchron m Sen. 2 30+<\/td><td>2015<\/td><td class=\"has-text-align-center\" data-align=\"center\">1<\/td><\/tr><tr><td>Badische Meisterschaft Poomsae &#8211; Synchron, m\u00e4nnlich Master 1: 40-49 J.<\/td><td>2015<\/td><td class=\"has-text-align-center\" data-align=\"center\">1<\/td><\/tr><tr><td>Badische Meisterschaft Poomsae &#8211; Team m Sen. 2 30+<\/td><td>2015<\/td><td class=\"has-text-align-center\" data-align=\"center\">1<\/td><\/tr><tr><td>Badische Meisterschaft (Vollkontakt)<\/td><td>2007<\/td><td class=\"has-text-align-center\" data-align=\"center\">1<\/td><\/tr><tr><td>Badisches Nachwuchsturnier Vollkontakt, LK 2, Herren -78 kg<\/td><td>2007<\/td><td class=\"has-text-align-center\" data-align=\"center\">1<\/td><\/tr><tr><td colspan=\"3\"><strong>(Int.) Turnier<\/strong><\/td><\/tr><tr><td>Tiger Pokal (Vollkontakt)<\/td><td>2007<\/td><td class=\"has-text-align-center\" data-align=\"center\">3<\/td><\/tr><tr><td>Schwarzwald Pokal (Vollkontakt)<\/td><td>2007<\/td><td class=\"has-text-align-center\" data-align=\"center\">5<\/td><\/tr><\/tbody><\/table><\/figure>\n","protected":false},"excerpt":{"rendered":"<p>Profil Alle Erfolge Turnier Jahr Platz Baden-W\u00fcrttembergische Baden-W\u00fcrtt. Meisterschaften Formen (Synchron) 2012 1 Baden-W\u00fcrtt. Meisterschaften Formen (Team) 2012 1 Baden-W\u00fcrtt. Poomsae-Meisterschaft, LK2, 5er-Team Herren Master ab 40 J. 2012 1 Baden-W\u00fcrtt. Poomsae-Meisterschaft, LK2, Synchron Herren Sen. 2 ab 36 J. 2012 1 Badische Bad. Poomsae-Meisterschaft 2024, Pforzheim &#8211; LK1 3er-Team m Master 1 (41 J. [&hellip;]<\/p>\n","protected":false},"author":1,"featured_media":0,"parent":642,"menu_order":0,"comment_status":"closed","ping_status":"closed","template":"","meta":{"footnotes":""},"class_list":["post-758","page","type-page","status-publish","hentry"],"_links":{"self":[{"href":"https:\/\/www.taekwondo-hambruecken.de\/index.php\/wp-json\/wp\/v2\/pages\/758","targetHints":{"allow":["GET"]}}],"collection":[{"href":"https:\/\/www.taekwondo-hambruecken.de\/index.php\/wp-json\/wp\/v2\/pages"}],"about":[{"href":"https:\/\/www.taekwondo-hambruecken.de\/index.php\/wp-json\/wp\/v2\/types\/page"}],"author":[{"embeddable":true,"href":"https:\/\/www.taekwondo-hambruecken.de\/index.php\/wp-json\/wp\/v2\/users\/1"}],"replies":[{"embeddable":true,"href":"https:\/\/www.taekwondo-hambruecken.de\/index.php\/wp-json\/wp\/v2\/comments?post=758"}],"version-history":[{"count":5,"href":"https:\/\/www.taekwondo-hambruecken.de\/index.php\/wp-json\/wp\/v2\/pages\/758\/revisions"}],"predecessor-version":[{"id":2241,"href":"https:\/\/www.taekwondo-hambruecken.de\/index.php\/wp-json\/wp\/v2\/pages\/758\/revisions\/2241"}],"up":[{"embeddable":true,"href":"https:\/\/www.taekwondo-hambruecken.de\/index.php\/wp-json\/wp\/v2\/pages\/642"}],"wp:attachment":[{"href":"https:\/\/www.taekwondo-hambruecken.de\/index.php\/wp-json\/wp\/v2\/media?parent=758"}],"curies":[{"name":"wp","href":"https:\/\/api.w.org\/{rel}","templated":true}]}}