{"id":737,"date":"2023-12-31T14:04:05","date_gmt":"2023-12-31T13:04:05","guid":{"rendered":"https:\/\/portal.taekwondo-hambruecken.de\/?page_id=737"},"modified":"2024-07-06T23:05:03","modified_gmt":"2024-07-06T21:05:03","slug":"beate-leier-4-dan","status":"publish","type":"page","link":"https:\/\/www.taekwondo-hambruecken.de\/index.php\/wettkaempfer\/beate-leier-4-dan\/","title":{"rendered":"Beate Leier (4. DAN)"},"content":{"rendered":"\n<h3 class=\"wp-block-heading\">Profil<\/h3>\n\n\n\n<ul class=\"wp-block-list\">\n<li>Aktiver Poomsae-Sportlerin \/ Mitglied im Poomsae-Team Hambr\u00fccken<\/li>\n\n\n\n<li>Altersklasse Poomsae: Damen Master 3<\/li>\n\n\n\n<li>Landes-Kampfrichterlizenz Poomsae<\/li>\n<\/ul>\n\n\n\n<figure class=\"wp-block-gallery has-nested-images columns-default is-cropped wp-block-gallery-1 is-layout-flex wp-block-gallery-is-layout-flex\">\n<figure class=\"wp-block-image size-large\"><img loading=\"lazy\" decoding=\"async\" width=\"452\" height=\"626\" data-id=\"662\" src=\"https:\/\/www.taekwondo-hambruecken.de\/wp-content\/uploads\/2023\/12\/wettk_leier_b-1.jpeg\" alt=\"\" class=\"wp-image-662\" srcset=\"https:\/\/www.taekwondo-hambruecken.de\/wp-content\/uploads\/2023\/12\/wettk_leier_b-1.jpeg 452w, https:\/\/www.taekwondo-hambruecken.de\/wp-content\/uploads\/2023\/12\/wettk_leier_b-1-217x300.jpeg 217w, https:\/\/www.taekwondo-hambruecken.de\/wp-content\/uploads\/2023\/12\/wettk_leier_b-1-1x1.jpeg 1w\" sizes=\"auto, (max-width: 452px) 100vw, 452px\" \/><\/figure>\n\n\n\n<figure class=\"wp-block-image size-large\"><img loading=\"lazy\" decoding=\"async\" width=\"355\" height=\"799\" data-id=\"661\" src=\"https:\/\/www.taekwondo-hambruecken.de\/wp-content\/uploads\/2023\/12\/wettk_leier_b-2.jpeg\" alt=\"\" class=\"wp-image-661\" srcset=\"https:\/\/www.taekwondo-hambruecken.de\/wp-content\/uploads\/2023\/12\/wettk_leier_b-2.jpeg 355w, https:\/\/www.taekwondo-hambruecken.de\/wp-content\/uploads\/2023\/12\/wettk_leier_b-2-133x300.jpeg 133w, https:\/\/www.taekwondo-hambruecken.de\/wp-content\/uploads\/2023\/12\/wettk_leier_b-2-1x1.jpeg 1w\" sizes=\"auto, (max-width: 355px) 100vw, 355px\" \/><\/figure>\n\n\n\n<figure class=\"wp-block-image size-large\"><img loading=\"lazy\" decoding=\"async\" width=\"452\" height=\"626\" data-id=\"660\" src=\"https:\/\/www.taekwondo-hambruecken.de\/wp-content\/uploads\/2023\/12\/wettk_leier_b-3.jpeg\" alt=\"\" class=\"wp-image-660\" srcset=\"https:\/\/www.taekwondo-hambruecken.de\/wp-content\/uploads\/2023\/12\/wettk_leier_b-3.jpeg 452w, https:\/\/www.taekwondo-hambruecken.de\/wp-content\/uploads\/2023\/12\/wettk_leier_b-3-217x300.jpeg 217w, https:\/\/www.taekwondo-hambruecken.de\/wp-content\/uploads\/2023\/12\/wettk_leier_b-3-1x1.jpeg 1w\" sizes=\"auto, (max-width: 452px) 100vw, 452px\" \/><\/figure>\n<\/figure>\n\n\n\n<h3 class=\"wp-block-heading\">Alle Erfolge<\/h3>\n\n\n\n<figure class=\"wp-block-table\"><table><tbody><tr><th>Turnier<\/th><th>Jahr<\/th><th class=\"has-text-align-center\" data-align=\"center\">Platz<\/th><\/tr><tr><td colspan=\"3\"><strong>Baden-W\u00fcrttembergische<\/strong><\/td><\/tr><tr><td>BaW\u00fc Poomsae-Meisterschaft 2021, Stuttgart &#8211; LK 1  Mixed Master 1 (ab 51 Jahre)<\/td><td>2021<\/td><td class=\"has-text-align-center\" data-align=\"center\">1<\/td><\/tr><tr><td>BaW\u00fc Poomsae-Meisterschaft 2021, Stuttgart &#8211; LK 1  3er-Team Damen M1 (ab 51 J.)<\/td><td>2021<\/td><td class=\"has-text-align-center\" data-align=\"center\">1<\/td><\/tr><tr><td>Baden-W\u00fcrtt. Poomsae-Meisterschaft 2019, Bad Saulgau &#8211; LK1  3er-Synchron w ab 51 J.<\/td><td>2019<\/td><td class=\"has-text-align-center\" data-align=\"center\">2<\/td><\/tr><tr><td>Baden-W\u00fcrtt. Poomsae-Meisterschaft 2019, Bad Saulgau &#8211; LK1  Mixed Team M1 ab 51 J.<\/td><td>2019<\/td><td class=\"has-text-align-center\" data-align=\"center\">2<\/td><\/tr><tr><td>Baden-W\u00fcrtt. Meisterschaft Poomsae 2017, Berglen &#8211; LK1  3er-Synchron w M2 (50+ J.)<\/td><td>2017<\/td><td class=\"has-text-align-center\" data-align=\"center\">2<\/td><\/tr><tr><td>Baden-W\u00fcrtt. Meisterschaft Poomsae 2017, Berglen &#8211; LK1  Mixed-Team Master 2 (50+ J.)<\/td><td>2017<\/td><td class=\"has-text-align-center\" data-align=\"center\">2<\/td><\/tr><tr><td>Baden-W\u00fcrtt. Poomsae-Meisterschaft 2012, Hambr\u00fccken &#8211; LK 1 Paar Master (40+ J.)<\/td><td>2012<\/td><td class=\"has-text-align-center\" data-align=\"center\">5<\/td><\/tr><tr><td><strong>Rangliste<\/strong> <strong>Poomsae Baden-W\u00fcrttemberg<\/strong> am 31.12.2011 &#8211;  LK1 Damen D\/M2 (50-59 J.)<\/td><td>2011<\/td><td class=\"has-text-align-center\" data-align=\"center\">4<\/td><\/tr><tr><td>Baden-W\u00fcrtt. Meisterschaft Poomsae 2011, Giengen &#8211; LK1  Mixed-Team 40+ J.<\/td><td>2011<\/td><td class=\"has-text-align-center\" data-align=\"center\">2<\/td><\/tr><tr><td>Baden-W\u00fcrtt. Meisterschaft Poomsae 2011, Giengen &#8211; LK1  Einzel Damen M2 A (50-54 J.)<\/td><td>2011<\/td><td class=\"has-text-align-center\" data-align=\"center\">4<\/td><\/tr><tr><td>Baden-W\u00fcrtt. Meisterschaft Poomsae 2011, Giengen &#8211; LK1  Einzel Damen M2 (50-59 J.)<\/td><td>2011<\/td><td class=\"has-text-align-center\" data-align=\"center\">3<\/td><\/tr><tr><td><strong>Rangliste<\/strong> <strong>Poomsae Baden-W\u00fcrttemberg<\/strong> am 31.12.2010 &#8211;  LK1 Damen C\/M1 (40-49 J.)<\/td><td>2010<\/td><td class=\"has-text-align-center\" data-align=\"center\">2<\/td><\/tr><tr><td>Bad.-W\u00fcrtt. Meistersch. Poomsae 2010, Birkenfeld &#8211; LK1  Einzel Dam. M1 (45-49 J.)<\/td><td>2010<\/td><td class=\"has-text-align-center\" data-align=\"center\">4<\/td><\/tr><tr><td>Bad.-W\u00fcrtt. Meistersch. Poomsae 2010, Birkenfeld &#8211; LK1  Einzel Dam. M1 WOP (40-49 J.)<\/td><td>2010<\/td><td class=\"has-text-align-center\" data-align=\"center\">2<\/td><\/tr><tr><td>Bad.-W\u00fcrtt. Meistersch. Poomsae 2010, Birkenfeld &#8211; LK1  Paar Master (40+ J.)<\/td><td>2010<\/td><td class=\"has-text-align-center\" data-align=\"center\">5<\/td><\/tr><tr><td>Bad.-W\u00fcrtt. Meistersch. Poomsae 2010, Birkenfeld &#8211; LK1  3er-Synchron w Master (40+ J.)<\/td><td>2010<\/td><td class=\"has-text-align-center\" data-align=\"center\">2<\/td><\/tr><tr><td>Bad.-W\u00fcrtt. Meistersch. Poomsae 2010, Birkenfeld &#8211; LK1  5er-Team w Master (40+ J.)<\/td><td>2010<\/td><td class=\"has-text-align-center\" data-align=\"center\">1<\/td><\/tr><tr><td>Bad.-W\u00fcrtt. Meistersch. Poomsae 2010, Birkenfeld &#8211; LK1  Mixed-Team Master (40+ J.)<\/td><td>2010<\/td><td class=\"has-text-align-center\" data-align=\"center\">2<\/td><\/tr><tr><td>Baden-W\u00fcrtt. Meisterschaft Poomsae 2009, Schrozberg &#8211; LK1 Einzel Damen C2 (45-49 J.)<\/td><td>2009<\/td><td class=\"has-text-align-center\" data-align=\"center\">1<\/td><\/tr><tr><td>Baden-W\u00fcrtt. Meisterschaft Poomsae 2009, Schrozberg &#8211; LK1 Einzel Damen C (40-49 J.)<\/td><td>2009<\/td><td class=\"has-text-align-center\" data-align=\"center\">5<\/td><\/tr><tr><td>Baden-W\u00fcrtt. Meisterschaft Poomsae 2009, Schrozberg &#8211; LK1 Paar Master (+40 J.)<\/td><td>2009<\/td><td class=\"has-text-align-center\" data-align=\"center\">2<\/td><\/tr><tr><td><strong>Rangliste<\/strong> <strong>Poomsae Baden-W\u00fcrttemberg<\/strong> am 31.12.2008 &#8211; LK1 Damen C (40-49 J.)<\/td><td>2008<\/td><td class=\"has-text-align-center\" data-align=\"center\">6<\/td><\/tr><tr><td>Baden-W\u00fcrtt. Meisterschaft Poomsae 2008, Waiblingen &#8211; LK1 Einzel Damen C2 (45-49 J.)<\/td><td>2008<\/td><td class=\"has-text-align-center\" data-align=\"center\">3<\/td><\/tr><tr><td>Baden-W\u00fcrtt. Meisterschaft Poomsae 2008, Waiblingen &#8211; LK1 Einzel Damen C (40-49 J.)<\/td><td>2008<\/td><td class=\"has-text-align-center\" data-align=\"center\">3<\/td><\/tr><tr><td colspan=\"3\"><strong>Badische<\/strong><\/td><\/tr><tr><td>Badische Poomsae-Meisterschaft 2022, Pforzheim &#8211; LK1  Einzel w Master 2 (61-65 J.)<\/td><td>2022<\/td><td class=\"has-text-align-center\" data-align=\"center\">2<\/td><\/tr><tr><td>Badische Poomsae-Meisterschaft 2022, Pforzheim &#8211; LK1  Paar Master 1 (ab 51 J.)<\/td><td>2022<\/td><td class=\"has-text-align-center\" data-align=\"center\">1<\/td><\/tr><tr><td>Badische Poomsae-Meisterschaft 2022, Pforzheim &#8211; LK1  Mixed-Team Master 1 (ab 51 J.)<\/td><td>2022<\/td><td class=\"has-text-align-center\" data-align=\"center\">1<\/td><\/tr><tr><td>Badische Meisterschaft Poomsae 2018, Wiesloch &#8211; LK1  3er-Synchron w Master 2 (50+ J.)<\/td><td>2018<\/td><td class=\"has-text-align-center\" data-align=\"center\">2<\/td><\/tr><tr><td>Badische Meisterschaft Poomsae 2018, Wiesloch &#8211; LK1  Mixed-Team Master 2 (50+ J.)<\/td><td>2018<\/td><td class=\"has-text-align-center\" data-align=\"center\">2<\/td><\/tr><tr><td>Badische Poomsae-Meisterschaft 2017, B\u00fchl &#8211; LK1  3er-Synchron, w Master 2: (50+ J.)<\/td><td>2017<\/td><td class=\"has-text-align-center\" data-align=\"center\">2<\/td><\/tr><tr><td>Badische Poomsae-Meisterschaft 2017, B\u00fchl &#8211; LK1  Mixed-Team, Master 2 (50+ J.)<\/td><td>2017<\/td><td class=\"has-text-align-center\" data-align=\"center\">2<\/td><\/tr><tr><td>Badische Meisterschaft Poomsae 2015, B\u00fchl &#8211; LK1  Mixed-Team Master 2 (50+ J.)<\/td><td>2015<\/td><td class=\"has-text-align-center\" data-align=\"center\">1<\/td><\/tr><tr><td>Badische Meisterschaft Poomsae 2012, Pforzheim &#8211; LK1 Einzel w Master 2A (50-54 J.)<\/td><td>2012<\/td><td class=\"has-text-align-center\" data-align=\"center\">2<\/td><\/tr><tr><td>Badische Meisterschaft Poomsae 2012, Pforzheim &#8211; LK1 Einzel w Master 2 (50-59 J.)<\/td><td>2012<\/td><td class=\"has-text-align-center\" data-align=\"center\">4<\/td><\/tr><tr><td>Badische Meisterschaft Poomsae 2012, Pforzheim &#8211; LK1 Mixed-Team 40+ J.<\/td><td>2012<\/td><td class=\"has-text-align-center\" data-align=\"center\">2<\/td><\/tr><tr><td>Badische Poomsae-Meisterschaft 2011, Elgersweier &#8211; LK1 Einzel Damen M2 A (50-54 J.)<\/td><td>2011<\/td><td class=\"has-text-align-center\" data-align=\"center\">2<\/td><\/tr><tr><td>Badische Poomsae-Meisterschaft 2011, Elgersweier &#8211; LK1 Einzel Damen M2 (50-59 J.)<\/td><td>2011<\/td><td class=\"has-text-align-center\" data-align=\"center\">3<\/td><\/tr><tr><td>Badische Poomsae-Meisterschaft 2011, Elgersweier &#8211; LK1 Paar Master (40+ J.)<\/td><td>2011<\/td><td class=\"has-text-align-center\" data-align=\"center\">3<\/td><\/tr><tr><td>Badische Meisterschaft Poomsae 2010, Malsch &#8211; LK1  Einzel Damen Master 1B (45-49 J.)<\/td><td>2010<\/td><td class=\"has-text-align-center\" data-align=\"center\">2<\/td><\/tr><tr><td>Badische Meisterschaft Poomsae 2010, Malsch &#8211; LK1  Einzel Damen Master 1 (40-49 J.)<\/td><td>2010<\/td><td class=\"has-text-align-center\" data-align=\"center\">3<\/td><\/tr><tr><td>Badische Meisterschaft Poomsae 2010, Malsch &#8211; LK1  3er-Synchron w Master (40+ J.)<\/td><td>2010<\/td><td class=\"has-text-align-center\" data-align=\"center\">2<\/td><\/tr><tr><td>Badische Meisterschaft Poomsae 2010, Malsch &#8211; LK1  5er-Team w Master (40+ J.)<\/td><td>2010<\/td><td class=\"has-text-align-center\" data-align=\"center\">1<\/td><\/tr><tr><td>Badische Meisterschaft Poomsae 2010, Malsch &#8211; LK1  Mixed-Team Master (40+ J.)<\/td><td>2010<\/td><td class=\"has-text-align-center\" data-align=\"center\">2<\/td><\/tr><tr><td>Badische Poomsae-Meisterschaft 2009, Hambr\u00fccken &#8211; LK1  Einzel Damen C2 (45-49 J.)<\/td><td>2009<\/td><td class=\"has-text-align-center\" data-align=\"center\">2<\/td><\/tr><tr><td>Badische Poomsae-Meisterschaft 2009, Hambr\u00fccken &#8211; LK1  Einzel Damen C (40-49 J.)<\/td><td>2009<\/td><td class=\"has-text-align-center\" data-align=\"center\">3<\/td><\/tr><tr><td>Badische Poomsae-Meisterschaft 2009, Hambr\u00fccken &#8211; LK1  Paar Master (+40 J.)<\/td><td>2009<\/td><td class=\"has-text-align-center\" data-align=\"center\">3<\/td><\/tr><tr><td>Badische Poomsae-Meisterschaft 2009, Hambr\u00fccken &#8211; LK1  3er-Synchron w Master (+40)<\/td><td>2009<\/td><td class=\"has-text-align-center\" data-align=\"center\">2<\/td><\/tr><tr><td>Badische Poomsae-Meisterschaft 2009, Hambr\u00fccken &#8211; LK1  5er-Team w Master (+40)<\/td><td>2009<\/td><td class=\"has-text-align-center\" data-align=\"center\">1<\/td><\/tr><tr><td>Badische Poomsae-Meisterschaft 2009, Hambr\u00fccken &#8211; LK1  Mixed-Team Master (+40)<\/td><td>2009<\/td><td class=\"has-text-align-center\" data-align=\"center\">2<\/td><\/tr><tr><td colspan=\"3\"><strong>(Int.) Turnier<\/strong><\/td><\/tr><tr><td>HTU Open Poomsae 2020, Wiesbaden-Bierstadt &#8211; Class A  Paar +31 J.<\/td><td>2020<\/td><td class=\"has-text-align-center\" data-align=\"center\">1<\/td><\/tr><tr><td>HTU Open Poomsae 2020, Wiesbaden-Bierstadt &#8211; Class A  Einzel Damen -60 J.<\/td><td>2020<\/td><td class=\"has-text-align-center\" data-align=\"center\">2<\/td><\/tr><tr><td>M\u00fchlacker Open Poomsae 2019 &#8211; LK1  3er-Team w Master (ab 40 J.)<\/td><td>2019<\/td><td class=\"has-text-align-center\" data-align=\"center\">1<\/td><\/tr><tr><td>M\u00fchlacker Open Poomsae 2019 &#8211; LK1  Mixed-Team Master (ab 40 J.)<\/td><td>2019<\/td><td class=\"has-text-align-center\" data-align=\"center\">1<\/td><\/tr><tr><td>HTU Open Poomsae 2017, Wiesbaden-Bierstadt &#8211; LK1  3er-Synchron-Team 31+ J. weibl.<\/td><td>2017<\/td><td class=\"has-text-align-center\" data-align=\"center\">1<\/td><\/tr><tr><td>32. Int. Park-Pokal Poomsae 2017, Sindelfingen &#8211; LK1  3er-Team weiblich ab 31 J.<\/td><td>2017<\/td><td class=\"has-text-align-center\" data-align=\"center\">2<\/td><\/tr><tr><td>30. Int. Park-Pokal Poomsae 2015, Sindelfingen &#8211; LK1  3er-Synchron-Team Damen \u00fc40<\/td><td>2015<\/td><td class=\"has-text-align-center\" data-align=\"center\">1<\/td><\/tr><tr><td>30. Int. Park-Pokal Poomsae 2015, Sindelfingen &#8211; LK1  Einzel, Damen Master 2 (50-59 J.)<\/td><td>2015<\/td><td class=\"has-text-align-center\" data-align=\"center\">3<\/td><\/tr><tr><td>M\u00fchlacker Open Poomsae 2011 &#8211; LK1  Einzel Damen Master 1 (50-59 J.)<\/td><td>2011<\/td><td class=\"has-text-align-center\" data-align=\"center\">6<\/td><\/tr><tr><td>26. Int. Park Pokal Poomsae 2011, Sindelfingen &#8211; LK1  Einzel Damen Master 1 (41-50 J.)<\/td><td>2011<\/td><td class=\"has-text-align-center\" data-align=\"center\">2<\/td><\/tr><tr><td>26. Int. Park Pokal Poomsae 2011, Sindelfingen &#8211; LK1  Paar Master (40+ J.)<\/td><td>2011<\/td><td class=\"has-text-align-center\" data-align=\"center\">5<\/td><\/tr><tr><td>24. Int. Park-Pokal Poomsae 2009, Sindelfingen &#8211; LK1  Einzel Damen Master 1 (40-49 J.)<\/td><td>2009<\/td><td class=\"has-text-align-center\" data-align=\"center\">3<\/td><\/tr><tr><td>24. Int. Park-Pokal Poomsae 2009, Sindelfingen &#8211; LK1  Paar Master 1 (+40 J.)<\/td><td>2009<\/td><td class=\"has-text-align-center\" data-align=\"center\">1<\/td><\/tr><tr><td>23. Int. Park-Pokal Formen 2008, Sindelfingen &#8211; LK1  Einzel Damen Master 1 (40-49 J.)<\/td><td>2008<\/td><td class=\"has-text-align-center\" data-align=\"center\">3<\/td><\/tr><\/tbody><\/table><\/figure>\n","protected":false},"excerpt":{"rendered":"<p>Profil Alle Erfolge Turnier Jahr Platz Baden-W\u00fcrttembergische BaW\u00fc Poomsae-Meisterschaft 2021, Stuttgart &#8211; LK 1 Mixed Master 1 (ab 51 Jahre) 2021 1 BaW\u00fc Poomsae-Meisterschaft 2021, Stuttgart &#8211; LK 1 3er-Team Damen M1 (ab 51 J.) 2021 1 Baden-W\u00fcrtt. Poomsae-Meisterschaft 2019, Bad Saulgau &#8211; LK1 3er-Synchron w ab 51 J. 2019 2 Baden-W\u00fcrtt. Poomsae-Meisterschaft 2019, Bad [&hellip;]<\/p>\n","protected":false},"author":1,"featured_media":0,"parent":642,"menu_order":0,"comment_status":"closed","ping_status":"closed","template":"","meta":{"footnotes":""},"class_list":["post-737","page","type-page","status-publish","hentry"],"_links":{"self":[{"href":"https:\/\/www.taekwondo-hambruecken.de\/index.php\/wp-json\/wp\/v2\/pages\/737","targetHints":{"allow":["GET"]}}],"collection":[{"href":"https:\/\/www.taekwondo-hambruecken.de\/index.php\/wp-json\/wp\/v2\/pages"}],"about":[{"href":"https:\/\/www.taekwondo-hambruecken.de\/index.php\/wp-json\/wp\/v2\/types\/page"}],"author":[{"embeddable":true,"href":"https:\/\/www.taekwondo-hambruecken.de\/index.php\/wp-json\/wp\/v2\/users\/1"}],"replies":[{"embeddable":true,"href":"https:\/\/www.taekwondo-hambruecken.de\/index.php\/wp-json\/wp\/v2\/comments?post=737"}],"version-history":[{"count":19,"href":"https:\/\/www.taekwondo-hambruecken.de\/index.php\/wp-json\/wp\/v2\/pages\/737\/revisions"}],"predecessor-version":[{"id":2004,"href":"https:\/\/www.taekwondo-hambruecken.de\/index.php\/wp-json\/wp\/v2\/pages\/737\/revisions\/2004"}],"up":[{"embeddable":true,"href":"https:\/\/www.taekwondo-hambruecken.de\/index.php\/wp-json\/wp\/v2\/pages\/642"}],"wp:attachment":[{"href":"https:\/\/www.taekwondo-hambruecken.de\/index.php\/wp-json\/wp\/v2\/media?parent=737"}],"curies":[{"name":"wp","href":"https:\/\/api.w.org\/{rel}","templated":true}]}}