{"id":715,"date":"2023-12-31T13:41:16","date_gmt":"2023-12-31T12:41:16","guid":{"rendered":"https:\/\/portal.taekwondo-hambruecken.de\/?page_id=715"},"modified":"2025-08-27T17:57:48","modified_gmt":"2025-08-27T15:57:48","slug":"hartwig-david-4-dan","status":"publish","type":"page","link":"https:\/\/www.taekwondo-hambruecken.de\/index.php\/wettkaempfer\/hartwig-david-4-dan\/","title":{"rendered":"Hartwig David (5. DAN)"},"content":{"rendered":"\n<h3 class=\"wp-block-heading\">Profil<\/h3>\n\n\n\n<ul class=\"wp-block-list\">\n<li>Formenlauf seit 2006 \/ Aktuelle Klasse: Herren Master 4<\/li>\n\n\n\n<li>Aktiver Poomsae-Sportler \/ Mitglied im Poomsae-Team Hambr\u00fccken<\/li>\n\n\n\n<li>Trainer C-Lizenz Leistungssport Taekwondo seit 2011<\/li>\n\n\n\n<li>Coach Lizenz<\/li>\n<\/ul>\n\n\n\n<figure class=\"wp-block-gallery has-nested-images columns-default is-cropped wp-block-gallery-1 is-layout-flex wp-block-gallery-is-layout-flex\">\n<figure class=\"wp-block-image size-large\"><img loading=\"lazy\" decoding=\"async\" width=\"715\" height=\"800\" data-id=\"549\" src=\"https:\/\/www.taekwondo-hambruecken.de\/wp-content\/uploads\/2023\/12\/trainer_david_h-1.jpeg\" alt=\"\" class=\"wp-image-549\" srcset=\"https:\/\/www.taekwondo-hambruecken.de\/wp-content\/uploads\/2023\/12\/trainer_david_h-1.jpeg 715w, https:\/\/www.taekwondo-hambruecken.de\/wp-content\/uploads\/2023\/12\/trainer_david_h-1-268x300.jpeg 268w, https:\/\/www.taekwondo-hambruecken.de\/wp-content\/uploads\/2023\/12\/trainer_david_h-1-1x1.jpeg 1w\" sizes=\"auto, (max-width: 715px) 100vw, 715px\" \/><\/figure>\n\n\n\n<figure class=\"wp-block-image size-large\"><img loading=\"lazy\" decoding=\"async\" width=\"800\" height=\"747\" data-id=\"676\" src=\"https:\/\/www.taekwondo-hambruecken.de\/wp-content\/uploads\/2023\/12\/wettk_david_h-1.jpeg\" alt=\"\" class=\"wp-image-676\" srcset=\"https:\/\/www.taekwondo-hambruecken.de\/wp-content\/uploads\/2023\/12\/wettk_david_h-1.jpeg 800w, https:\/\/www.taekwondo-hambruecken.de\/wp-content\/uploads\/2023\/12\/wettk_david_h-1-300x280.jpeg 300w, https:\/\/www.taekwondo-hambruecken.de\/wp-content\/uploads\/2023\/12\/wettk_david_h-1-768x717.jpeg 768w, https:\/\/www.taekwondo-hambruecken.de\/wp-content\/uploads\/2023\/12\/wettk_david_h-1-1x1.jpeg 1w\" sizes=\"auto, (max-width: 800px) 100vw, 800px\" \/><\/figure>\n\n\n\n<figure class=\"wp-block-image size-large\"><img loading=\"lazy\" decoding=\"async\" width=\"452\" height=\"533\" data-id=\"675\" src=\"https:\/\/www.taekwondo-hambruecken.de\/wp-content\/uploads\/2023\/12\/wettk_david_h-2-e1704026717232.jpeg\" alt=\"\" class=\"wp-image-675\" srcset=\"https:\/\/www.taekwondo-hambruecken.de\/wp-content\/uploads\/2023\/12\/wettk_david_h-2-e1704026717232.jpeg 452w, https:\/\/www.taekwondo-hambruecken.de\/wp-content\/uploads\/2023\/12\/wettk_david_h-2-e1704026717232-254x300.jpeg 254w, https:\/\/www.taekwondo-hambruecken.de\/wp-content\/uploads\/2023\/12\/wettk_david_h-2-e1704026717232-1x1.jpeg 1w\" sizes=\"auto, (max-width: 452px) 100vw, 452px\" \/><\/figure>\n<\/figure>\n\n\n\n<h3 class=\"wp-block-heading\">Alle Erfolge<\/h3>\n\n\n\n<figure class=\"wp-block-table\"><table><tbody><tr><th>Turnier<\/th><th>Jahr<\/th><th class=\"has-text-align-center\" data-align=\"center\">Platz<\/th><\/tr><tr><td colspan=\"3\"><strong>Baden-W\u00fcrttembergische<\/strong><\/td><\/tr><tr><td>BaW\u00fc. Poomsae-Meisterschaft 2024, Holzgerlingen &#8211; LK1 Team m Master 2 (51+ J.)<\/td><td>2024<\/td><td class=\"has-text-align-center\" data-align=\"center\">2<\/td><\/tr><tr><td>Ba-W\u00fc. Meisterschaften Formen 2012, Hambr\u00fccken &#8211; LK1  Einzel m Master 2B (55-59 J.)<\/td><td>2012<\/td><td class=\"has-text-align-center\" data-align=\"center\">2<\/td><\/tr><tr><td>Ba-W\u00fc. Meisterschaften Formen 2012, Hambr\u00fccken &#8211; LK1  Einzel m Master 2 (50-59 J.)<\/td><td>2012<\/td><td class=\"has-text-align-center\" data-align=\"center\">6<\/td><\/tr><tr><td>Ba-W\u00fc. Meisterschaften Formen 2012, Hambr\u00fccken &#8211; LK1  Paar Master 40+ J.<\/td><td>2012<\/td><td class=\"has-text-align-center\" data-align=\"center\">5<\/td><\/tr><tr><td>Ba-W\u00fc. Meisterschaften Formen 2012, Hambr\u00fccken &#8211; LK1  3er-Synchron Herren 40+ J.<\/td><td>2012<\/td><td class=\"has-text-align-center\" data-align=\"center\">2<\/td><\/tr><tr><td>Ba-W\u00fc. Meisterschaften Formen 2012, Hambr\u00fccken &#8211; LK1  5er-Team Herren 40+ J.<\/td><td>2012<\/td><td class=\"has-text-align-center\" data-align=\"center\">1<\/td><\/tr><tr><td>Ba-W\u00fc. Poomsae-Meisterschaft 2011, Giengen \u2013 LK1  Einzel Herren Master 2B (55-59 J.)<\/td><td>2011<\/td><td class=\"has-text-align-center\" data-align=\"center\">3<\/td><\/tr><tr><td>Ba-W\u00fc. Poomsae-Meisterschaft 2011, Giengen \u2013 LK1  Einzel Herren Master 2 (50-59 J.)<\/td><td>2011<\/td><td class=\"has-text-align-center\" data-align=\"center\">6<\/td><\/tr><tr><td>Ba-W\u00fc. Poomsae-Meisterschaft 2011, Giengen \u2013 LK1  Paar Master (40+ J.)<\/td><td>2011<\/td><td class=\"has-text-align-center\" data-align=\"center\">5<\/td><\/tr><tr><td>Ba-W\u00fc. Poomsae-Meisterschaft 2011, Giengen \u2013 LK1  3er-Synchron Herren Master (40+)<\/td><td>2011<\/td><td class=\"has-text-align-center\" data-align=\"center\">2<\/td><\/tr><tr><td>Ba-W\u00fc. Poomsae-Meisterschaft 2011, Giengen \u2013 LK1  Mixed-Team Master 40+ J.<\/td><td>2011<\/td><td class=\"has-text-align-center\" data-align=\"center\">2<\/td><\/tr><tr><td>Baden-W\u00fcrtt. Meisterschaft Poomsae-Team<\/td><td>2010<\/td><td class=\"has-text-align-center\" data-align=\"center\">1<\/td><\/tr><tr><td>Baden-W\u00fcrtt. Meisterschaft Formen (Synchron)<\/td><td>2010<\/td><td class=\"has-text-align-center\" data-align=\"center\">2<\/td><\/tr><tr><td>Baden-W\u00fcrtt. Meisterschaft Poomsae-Mixed<\/td><td>2010<\/td><td class=\"has-text-align-center\" data-align=\"center\">2<\/td><\/tr><tr><td>Baden-W\u00fcrtt. Meisterschaft Formen (Einzel)<\/td><td>2010<\/td><td class=\"has-text-align-center\" data-align=\"center\">3<\/td><\/tr><tr><td>Baden-W\u00fcrttembergische Poomsae Meisterschaften (Syncron)<\/td><td>2009<\/td><td class=\"has-text-align-center\" data-align=\"center\">1<\/td><\/tr><tr><td>Baden-W\u00fcrttembergische Meisterschaft<\/td><td>2008<\/td><td class=\"has-text-align-center\" data-align=\"center\">3<\/td><\/tr><tr><td>Baden-W\u00fcrttembergische Meisterschaft (2 Jg.)<\/td><td>2008<\/td><td class=\"has-text-align-center\" data-align=\"center\">5<\/td><\/tr><tr><td>Baden-W\u00fcrttembergische Meisterschaft<\/td><td>2007<\/td><td class=\"has-text-align-center\" data-align=\"center\">3<\/td><\/tr><tr><td>Baden-W\u00fcrtt. Meisterschaft Formenlauf<\/td><td>2006<\/td><td class=\"has-text-align-center\" data-align=\"center\">2<\/td><\/tr><tr><td colspan=\"3\"><strong>Badische<\/strong><\/td><\/tr><tr><td>Bad. Poomsae-Meisterschaft 2025, Pforzheim \u2013 LK1 Einzel m Master 4 (66+ J.)<\/td><td>2025<\/td><td class=\"has-text-align-center\" data-align=\"center\">1<\/td><\/tr><tr><td>Bad.-Meisterschaft Poomsae 2014, Bruchsal &#8211; LK1  Einzel m Master 2  (55-59 J.)<\/td><td>2014<\/td><td class=\"has-text-align-center\" data-align=\"center\">2<\/td><\/tr><tr><td>Bad.-Meisterschaft Poomsae 2014, Bruchsal &#8211; LK1  Einzel m Master 2 WOP  (50-59 J.)<\/td><td>2014<\/td><td class=\"has-text-align-center\" data-align=\"center\">3<\/td><\/tr><tr><td>Bad.-Meisterschaft Poomsae 2014, Bruchsal &#8211; LK1  3er-Synchron m Master 2 (50-59 J.)<\/td><td>2014<\/td><td class=\"has-text-align-center\" data-align=\"center\">2<\/td><\/tr><tr><td>Bad.-Meisterschaft Poomsae 2014, Bruchsal &#8211; LK1  5er-Team m Master 2 (50-59 J.)<\/td><td>2014<\/td><td class=\"has-text-align-center\" data-align=\"center\">1<\/td><\/tr><tr><td>Badische Meisterschaft Poomsae 2013, B\u00fchl &#8211; LK1  3er-Synchron Herren Master (40+ J.)<\/td><td>2013<\/td><td class=\"has-text-align-center\" data-align=\"center\">2<\/td><\/tr><tr><td>Badische Meisterschaft Poomsae 2013, B\u00fchl &#8211; LK1  5er-Team Herren Master (40+ J.)<\/td><td>2013<\/td><td class=\"has-text-align-center\" data-align=\"center\">1<\/td><\/tr><tr><td>Badische Meisterschaft Poomsae 2012, PF &#8211; LK1  Einzel Herren Master 2 B (55-59 J.)<\/td><td>2012<\/td><td class=\"has-text-align-center\" data-align=\"center\">1<\/td><\/tr><tr><td>Badische Meisterschaft Poomsae 2012, PF &#8211; LK1  Einzel Herren Master 2  (50-59 J.)<\/td><td>2012<\/td><td class=\"has-text-align-center\" data-align=\"center\">3<\/td><\/tr><tr><td>Badische Meisterschaft Poomsae 2012, PF &#8211; LK1  3er-Synchron Herren 40+ J.<\/td><td>2012<\/td><td class=\"has-text-align-center\" data-align=\"center\">1<\/td><\/tr><tr><td>Badische Meisterschaft Poomsae 2012, PF &#8211; LK1  Mixed-Team 40+ J.<\/td><td>2012<\/td><td class=\"has-text-align-center\" data-align=\"center\">2<\/td><\/tr><tr><td>Badische Meisterschaft Poomsae 2011, Elgersweier \u2013 LK1  Einzel m Master 2A (50-54 J.)<\/td><td>2011<\/td><td class=\"has-text-align-center\" data-align=\"center\">2<\/td><\/tr><tr><td>Badische Meisterschaft Poomsae 2011, Elgersweier \u2013 LK1  Einzel m Master 2 (50-59 J.)<\/td><td>2011<\/td><td class=\"has-text-align-center\" data-align=\"center\">4<\/td><\/tr><tr><td>Badische Meisterschaft Poomsae 2011, Elgersweier \u2013 LK1  Paar Master (40+ J.) <\/td><td>2011<\/td><td class=\"has-text-align-center\" data-align=\"center\">3<\/td><\/tr><tr><td>Badische Meisterschaft Poomsae 2011, Elgersweier \u2013 LK1  3er-Synchron Herren 40+ J.<\/td><td>2011<\/td><td class=\"has-text-align-center\" data-align=\"center\">2<\/td><\/tr><tr><td>Badische Meisterschaft Formen (Mixed)<\/td><td>2009<\/td><td class=\"has-text-align-center\" data-align=\"center\">3<\/td><\/tr><tr><td>Badische Meisterschaft Formen (Paar)<\/td><td>2009<\/td><td class=\"has-text-align-center\" data-align=\"center\">3<\/td><\/tr><tr><td>Badische Meisterschaft Formen (Synchron)<\/td><td>2009<\/td><td class=\"has-text-align-center\" data-align=\"center\">3<\/td><\/tr><tr><td>Badische Meisterschaft Formen (Einzel)<\/td><td>2009<\/td><td class=\"has-text-align-center\" data-align=\"center\">5<\/td><\/tr><tr><td>Badische Meisterschaft<\/td><td>2008<\/td><td class=\"has-text-align-center\" data-align=\"center\">3<\/td><\/tr><tr><td>Badische Meisterschaft (2 Jg.)<\/td><td>2008<\/td><td class=\"has-text-align-center\" data-align=\"center\">3<\/td><\/tr><tr><td>Badische Meisterschaft (2 Jg.) (Formen) (Formenlauf) &#8211; Badische<\/td><td>2007<\/td><td class=\"has-text-align-center\" data-align=\"center\">3<\/td><\/tr><tr><td>Badische Meisterschaft (Formen)<\/td><td>2007<\/td><td class=\"has-text-align-center\" data-align=\"center\">3<\/td><\/tr><tr><td colspan=\"3\"><strong>(Int.) Turnier<\/strong><\/td><\/tr><tr><td>7. Internationales Spaichinger Poomsae-Turnier 2025 \u2013 LK1 Einzel m Master 4 (66+ J.)<\/td><td>2025<\/td><td class=\"has-text-align-center\" data-align=\"center\">1<\/td><\/tr><tr><td>M\u00fchlacker Open Poomsae 2013 &#8211; LK1  Einzel Herren Master 2 (51-60 J.)<\/td><td>2013<\/td><td class=\"has-text-align-center\" data-align=\"center\">6<\/td><\/tr><tr><td>M\u00fchlacker Open Poomsae 2013 &#8211; LK1  3er-Synchron Herren 40+ J.<\/td><td>2013<\/td><td class=\"has-text-align-center\" data-align=\"center\">1<\/td><\/tr><tr><td>M\u00fchlacker Open Poomsae 2013 &#8211; LK1  5er-Team Herren Master (40+ J.)<\/td><td>2013<\/td><td class=\"has-text-align-center\" data-align=\"center\">1<\/td><\/tr><tr><td>M\u00fchlacker Open Poomsae 2012 &#8211; LK1 Einzel Herren Master 2 (51-60 J.)<\/td><td>2012<\/td><td class=\"has-text-align-center\" data-align=\"center\">3<\/td><\/tr><tr><td>26. Int. Park Pokal-Poomsae 2011, Sindelfingen &#8211; LK1  Einzel Herren Master 2 (51-60 J.)<\/td><td>2011<\/td><td class=\"has-text-align-center\" data-align=\"center\">6<\/td><\/tr><tr><td>26. Int. Park Pokal-Poomsae 2011, Sindelfingen &#8211; LK1  Paar Master 40+ J.<\/td><td>2011<\/td><td class=\"has-text-align-center\" data-align=\"center\">5<\/td><\/tr><tr><td>Int. Park Pokal-Poomsae (Paar)<\/td><td>2009<\/td><td class=\"has-text-align-center\" data-align=\"center\">1<\/td><\/tr><tr><td>M\u00fchlacker Open (Formen)<\/td><td>2009<\/td><td class=\"has-text-align-center\" data-align=\"center\">2<\/td><\/tr><tr><td>Int. Park Pokal Formen<\/td><td>2008<\/td><td class=\"has-text-align-center\" data-align=\"center\">1<\/td><\/tr><tr><td>Int. Park Pokal<\/td><td>2007<\/td><td class=\"has-text-align-center\" data-align=\"center\">1<\/td><\/tr><tr><td>M\u00fchlacker Open (Formen)<\/td><td>2007<\/td><td class=\"has-text-align-center\" data-align=\"center\">3<\/td><\/tr><tr><td>Int. Park Pokal &#8211; Formenlauf<\/td><td>2006<\/td><td class=\"has-text-align-center\" data-align=\"center\">1<\/td><\/tr><\/tbody><\/table><\/figure>\n","protected":false},"excerpt":{"rendered":"<p>Profil Alle Erfolge Turnier Jahr Platz Baden-W\u00fcrttembergische BaW\u00fc. Poomsae-Meisterschaft 2024, Holzgerlingen &#8211; LK1 Team m Master 2 (51+ J.) 2024 2 Ba-W\u00fc. Meisterschaften Formen 2012, Hambr\u00fccken &#8211; LK1 Einzel m Master 2B (55-59 J.) 2012 2 Ba-W\u00fc. Meisterschaften Formen 2012, Hambr\u00fccken &#8211; LK1 Einzel m Master 2 (50-59 J.) 2012 6 Ba-W\u00fc. Meisterschaften Formen 2012, [&hellip;]<\/p>\n","protected":false},"author":1,"featured_media":0,"parent":642,"menu_order":0,"comment_status":"closed","ping_status":"closed","template":"","meta":{"footnotes":""},"class_list":["post-715","page","type-page","status-publish","hentry"],"_links":{"self":[{"href":"https:\/\/www.taekwondo-hambruecken.de\/index.php\/wp-json\/wp\/v2\/pages\/715","targetHints":{"allow":["GET"]}}],"collection":[{"href":"https:\/\/www.taekwondo-hambruecken.de\/index.php\/wp-json\/wp\/v2\/pages"}],"about":[{"href":"https:\/\/www.taekwondo-hambruecken.de\/index.php\/wp-json\/wp\/v2\/types\/page"}],"author":[{"embeddable":true,"href":"https:\/\/www.taekwondo-hambruecken.de\/index.php\/wp-json\/wp\/v2\/users\/1"}],"replies":[{"embeddable":true,"href":"https:\/\/www.taekwondo-hambruecken.de\/index.php\/wp-json\/wp\/v2\/comments?post=715"}],"version-history":[{"count":22,"href":"https:\/\/www.taekwondo-hambruecken.de\/index.php\/wp-json\/wp\/v2\/pages\/715\/revisions"}],"predecessor-version":[{"id":2579,"href":"https:\/\/www.taekwondo-hambruecken.de\/index.php\/wp-json\/wp\/v2\/pages\/715\/revisions\/2579"}],"up":[{"embeddable":true,"href":"https:\/\/www.taekwondo-hambruecken.de\/index.php\/wp-json\/wp\/v2\/pages\/642"}],"wp:attachment":[{"href":"https:\/\/www.taekwondo-hambruecken.de\/index.php\/wp-json\/wp\/v2\/media?parent=715"}],"curies":[{"name":"wp","href":"https:\/\/api.w.org\/{rel}","templated":true}]}}