{"id":707,"date":"2023-12-31T13:32:22","date_gmt":"2023-12-31T12:32:22","guid":{"rendered":"https:\/\/portal.taekwondo-hambruecken.de\/?page_id=707"},"modified":"2024-01-02T14:21:55","modified_gmt":"2024-01-02T13:21:55","slug":"roswitha-brenzinger-dahn-3-dan","status":"publish","type":"page","link":"https:\/\/www.taekwondo-hambruecken.de\/index.php\/wettkaempfer\/roswitha-brenzinger-dahn-3-dan\/","title":{"rendered":"Roswitha Brenzinger-Dahn (3. DAN)"},"content":{"rendered":"\n<h3 class=\"wp-block-heading\">Profil<\/h3>\n\n\n\n<ul class=\"wp-block-list\">\n<li>Formenlauf: Einzel Master 4, Team Master 1 &#8211; 4<\/li>\n\n\n\n<li>Taekwondo seit 2002<\/li>\n<\/ul>\n\n\n\n<figure class=\"wp-block-gallery has-nested-images columns-default is-cropped wp-block-gallery-1 is-layout-flex wp-block-gallery-is-layout-flex\">\n<figure class=\"wp-block-image size-large\"><img loading=\"lazy\" decoding=\"async\" width=\"451\" height=\"800\" data-id=\"680\" src=\"https:\/\/www.taekwondo-hambruecken.de\/wp-content\/uploads\/2023\/12\/wettk_brenzinger-dahn_r-1.jpeg\" alt=\"\" class=\"wp-image-680\" srcset=\"https:\/\/www.taekwondo-hambruecken.de\/wp-content\/uploads\/2023\/12\/wettk_brenzinger-dahn_r-1.jpeg 451w, https:\/\/www.taekwondo-hambruecken.de\/wp-content\/uploads\/2023\/12\/wettk_brenzinger-dahn_r-1-169x300.jpeg 169w, https:\/\/www.taekwondo-hambruecken.de\/wp-content\/uploads\/2023\/12\/wettk_brenzinger-dahn_r-1-1x1.jpeg 1w\" sizes=\"auto, (max-width: 451px) 100vw, 451px\" \/><\/figure>\n\n\n\n<figure class=\"wp-block-image size-large\"><img loading=\"lazy\" decoding=\"async\" width=\"800\" height=\"639\" data-id=\"679\" src=\"https:\/\/www.taekwondo-hambruecken.de\/wp-content\/uploads\/2023\/12\/wettk_brenzinger-dahn_r-2.jpeg\" alt=\"\" class=\"wp-image-679\" srcset=\"https:\/\/www.taekwondo-hambruecken.de\/wp-content\/uploads\/2023\/12\/wettk_brenzinger-dahn_r-2.jpeg 800w, https:\/\/www.taekwondo-hambruecken.de\/wp-content\/uploads\/2023\/12\/wettk_brenzinger-dahn_r-2-300x240.jpeg 300w, https:\/\/www.taekwondo-hambruecken.de\/wp-content\/uploads\/2023\/12\/wettk_brenzinger-dahn_r-2-768x613.jpeg 768w, https:\/\/www.taekwondo-hambruecken.de\/wp-content\/uploads\/2023\/12\/wettk_brenzinger-dahn_r-2-1x1.jpeg 1w\" sizes=\"auto, (max-width: 800px) 100vw, 800px\" \/><\/figure>\n\n\n\n<figure class=\"wp-block-image size-large\"><img loading=\"lazy\" decoding=\"async\" width=\"800\" height=\"533\" data-id=\"678\" src=\"https:\/\/www.taekwondo-hambruecken.de\/wp-content\/uploads\/2023\/12\/wettk_brenzinger-dahn_r-3.jpeg\" alt=\"\" class=\"wp-image-678\" srcset=\"https:\/\/www.taekwondo-hambruecken.de\/wp-content\/uploads\/2023\/12\/wettk_brenzinger-dahn_r-3.jpeg 800w, https:\/\/www.taekwondo-hambruecken.de\/wp-content\/uploads\/2023\/12\/wettk_brenzinger-dahn_r-3-300x200.jpeg 300w, https:\/\/www.taekwondo-hambruecken.de\/wp-content\/uploads\/2023\/12\/wettk_brenzinger-dahn_r-3-768x512.jpeg 768w, https:\/\/www.taekwondo-hambruecken.de\/wp-content\/uploads\/2023\/12\/wettk_brenzinger-dahn_r-3-2x1.jpeg 2w\" sizes=\"auto, (max-width: 800px) 100vw, 800px\" \/><\/figure>\n<\/figure>\n\n\n\n<h3 class=\"wp-block-heading\">Alle Erfolge<\/h3>\n\n\n\n<figure class=\"wp-block-table\"><table><tbody><tr><th>Turnier<\/th><th>Jahr<\/th><th>Platz<\/th><\/tr><tr><td colspan=\"3\"><strong>Baden-W\u00fcrttembergische<\/strong><\/td><\/tr><tr><td>BaW\u00fc Poomsae-Meisterschaft 2021, LK 1, Einzel Damen Master 4 (71-75 J.)<\/td><td>2021<\/td><td>1<\/td><\/tr><tr><td>Baden-W\u00fcrtt. Meisterschaft Poomsae 2011, Einzel Damen Master III 60-64 J.<\/td><td>2011<\/td><td>1<\/td><\/tr><tr><td>Baden-W\u00fcrtt. Meisterschaft Poomsae 2011, Einzel Damen Master III 60-69 J.<\/td><td>2011<\/td><td>1<\/td><\/tr><tr><td>Baden-W\u00fcrtt. Meisterschaft Poomsae 2010, Einzel Damen Master 3 +60<\/td><td>2010<\/td><td>1<\/td><\/tr><tr><td>Baden-W\u00fcrtt. Meisterschaft Poomsae 2010, Einzel Damen Master 3 60-64 J.<\/td><td>2010<\/td><td>1<\/td><\/tr><tr><td>Baden-W\u00fcrtt. Meisterschaft Poomsae 2010, Team Damen Master 40+<\/td><td>2010<\/td><td>1<\/td><\/tr><tr><td>Baden-W\u00fcrtt. Poomsae-Meisterschaft 2009, Einzel Damen D 2 55-59 J.<\/td><td>2009<\/td><td>1<\/td><\/tr><tr><td>Baden-W\u00fcrtt. Poomsae-Meisterschaft 2009, Mixed Team Master +40<\/td><td>2009<\/td><td>2<\/td><\/tr><tr><td>Baden-W\u00fcrtt. Poomsae-Meisterschaft 2009, Einzel Damen D 50-59 J.<\/td><td>2009<\/td><td>3<\/td><\/tr><tr><td colspan=\"3\"><strong>Badische<\/strong><\/td><\/tr><tr><td>Badische Poomsae-Meisterschaft 2019, Damen Synchron Master (ab 41 J)<\/td><td>2019<\/td><td>1<\/td><\/tr><tr><td>Badische Poomsae-Meisterschaft 2019, Damen Team Master (ab 41 J)<\/td><td>2019<\/td><td>1<\/td><\/tr><tr><td>Badische Poomsae-Meisterschaft 2019, Einzel Damen Master 3 (66-70 J)<\/td><td>2019<\/td><td>1<\/td><\/tr><tr><td>Badische Meisterschaft Poomsae, Einzel w Master 3 60-65 J.<\/td><td>2014<\/td><td>1<\/td><\/tr><tr><td>Badische Meisterschaft Poomsae, Einzel w Master 3 60-69 J.<\/td><td>2014<\/td><td>1<\/td><\/tr><tr><td>Badische Meisterschaft Poomsae 2012, Einzel Damen Master III 60-64 J.<\/td><td>2012<\/td><td>1<\/td><\/tr><tr><td>Badische Meisterschaft Poomsae 2012, Einzel Damen Master III 60-69 J.<\/td><td>2012<\/td><td>1<\/td><\/tr><tr><td>Badische Meisterschaft Poomsae 2010, Einzel Damen Master 2 60-64 J.<\/td><td>2010<\/td><td>1<\/td><\/tr><tr><td>Badische Meisterschaft Poomsae 2010, Einzel Damen Master 2 60+<\/td><td>2010<\/td><td>1<\/td><\/tr><tr><td>Badische Meisterschaft Poomsae 2010, Team Damen Master 40+<\/td><td>2010<\/td><td>1<\/td><\/tr><tr><td>Badische Poomsae-Meisterschaft 2009, Team Master +40 w<\/td><td>2009<\/td><td>1<\/td><\/tr><tr><td>Badische Poomsae-Meisterschaft 2009, Einzel Damen D2 55-59 J.<\/td><td>2009<\/td><td>2<\/td><\/tr><tr><td>Badische Poomsae-Meisterschaft 2009, Einzel Damen D 50-59 J.<\/td><td>2009<\/td><td>3<\/td><\/tr><tr><td>Badische Poomsae-Meisterschaft 2009, Mixed Team Master 40+<\/td><td>2009<\/td><td>3<\/td><\/tr><\/tbody><\/table><\/figure>\n","protected":false},"excerpt":{"rendered":"<p>Profil Alle Erfolge Turnier Jahr Platz Baden-W\u00fcrttembergische BaW\u00fc Poomsae-Meisterschaft 2021, LK 1, Einzel Damen Master 4 (71-75 J.) 2021 1 Baden-W\u00fcrtt. Meisterschaft Poomsae 2011, Einzel Damen Master III 60-64 J. 2011 1 Baden-W\u00fcrtt. Meisterschaft Poomsae 2011, Einzel Damen Master III 60-69 J. 2011 1 Baden-W\u00fcrtt. Meisterschaft Poomsae 2010, Einzel Damen Master 3 +60 2010 1 [&hellip;]<\/p>\n","protected":false},"author":1,"featured_media":0,"parent":642,"menu_order":0,"comment_status":"closed","ping_status":"closed","template":"","meta":{"footnotes":""},"class_list":["post-707","page","type-page","status-publish","hentry"],"_links":{"self":[{"href":"https:\/\/www.taekwondo-hambruecken.de\/index.php\/wp-json\/wp\/v2\/pages\/707","targetHints":{"allow":["GET"]}}],"collection":[{"href":"https:\/\/www.taekwondo-hambruecken.de\/index.php\/wp-json\/wp\/v2\/pages"}],"about":[{"href":"https:\/\/www.taekwondo-hambruecken.de\/index.php\/wp-json\/wp\/v2\/types\/page"}],"author":[{"embeddable":true,"href":"https:\/\/www.taekwondo-hambruecken.de\/index.php\/wp-json\/wp\/v2\/users\/1"}],"replies":[{"embeddable":true,"href":"https:\/\/www.taekwondo-hambruecken.de\/index.php\/wp-json\/wp\/v2\/comments?post=707"}],"version-history":[{"count":3,"href":"https:\/\/www.taekwondo-hambruecken.de\/index.php\/wp-json\/wp\/v2\/pages\/707\/revisions"}],"predecessor-version":[{"id":1108,"href":"https:\/\/www.taekwondo-hambruecken.de\/index.php\/wp-json\/wp\/v2\/pages\/707\/revisions\/1108"}],"up":[{"embeddable":true,"href":"https:\/\/www.taekwondo-hambruecken.de\/index.php\/wp-json\/wp\/v2\/pages\/642"}],"wp:attachment":[{"href":"https:\/\/www.taekwondo-hambruecken.de\/index.php\/wp-json\/wp\/v2\/media?parent=707"}],"curies":[{"name":"wp","href":"https:\/\/api.w.org\/{rel}","templated":true}]}}