{"id":705,"date":"2023-12-31T13:30:09","date_gmt":"2023-12-31T12:30:09","guid":{"rendered":"https:\/\/portal.taekwondo-hambruecken.de\/?page_id=705"},"modified":"2026-04-08T11:44:46","modified_gmt":"2026-04-08T09:44:46","slug":"juergen-bender-4-dan","status":"publish","type":"page","link":"https:\/\/www.taekwondo-hambruecken.de\/index.php\/wettkaempfer\/juergen-bender-4-dan\/","title":{"rendered":"J\u00fcrgen Bender (4. DAN)"},"content":{"rendered":"\n<h3 class=\"wp-block-heading\">Profil<\/h3>\n\n\n\n<ul class=\"wp-block-list\">\n<li>Aktiver Poomsae-Sportler \/ Mitglied im Poomsae-Team Hambr\u00fccken<\/li>\n\n\n\n<li>Formenlauf-Altersklasse: Master 2 (51-60 J.)<\/li>\n\n\n\n<li>Vollkontakt Gewichtsklasse: Schwergewicht <\/li>\n<\/ul>\n\n\n\n<figure class=\"wp-block-gallery has-nested-images columns-default is-cropped wp-block-gallery-1 is-layout-flex wp-block-gallery-is-layout-flex\">\n<figure class=\"wp-block-image size-large\"><img loading=\"lazy\" decoding=\"async\" width=\"533\" height=\"800\" data-id=\"683\" src=\"https:\/\/www.taekwondo-hambruecken.de\/wp-content\/uploads\/2023\/12\/wettk_bender_jue-1.jpeg\" alt=\"\" class=\"wp-image-683\" srcset=\"https:\/\/www.taekwondo-hambruecken.de\/wp-content\/uploads\/2023\/12\/wettk_bender_jue-1.jpeg 533w, https:\/\/www.taekwondo-hambruecken.de\/wp-content\/uploads\/2023\/12\/wettk_bender_jue-1-200x300.jpeg 200w, https:\/\/www.taekwondo-hambruecken.de\/wp-content\/uploads\/2023\/12\/wettk_bender_jue-1-1x1.jpeg 1w\" sizes=\"auto, (max-width: 533px) 100vw, 533px\" \/><\/figure>\n\n\n\n<figure class=\"wp-block-image size-large\"><img loading=\"lazy\" decoding=\"async\" width=\"589\" height=\"800\" data-id=\"682\" src=\"https:\/\/www.taekwondo-hambruecken.de\/wp-content\/uploads\/2023\/12\/wettk_bender_jue-2.jpeg\" alt=\"\" class=\"wp-image-682\" srcset=\"https:\/\/www.taekwondo-hambruecken.de\/wp-content\/uploads\/2023\/12\/wettk_bender_jue-2.jpeg 589w, https:\/\/www.taekwondo-hambruecken.de\/wp-content\/uploads\/2023\/12\/wettk_bender_jue-2-221x300.jpeg 221w, https:\/\/www.taekwondo-hambruecken.de\/wp-content\/uploads\/2023\/12\/wettk_bender_jue-2-1x1.jpeg 1w\" sizes=\"auto, (max-width: 589px) 100vw, 589px\" \/><\/figure>\n\n\n\n<figure class=\"wp-block-image size-large\"><img loading=\"lazy\" decoding=\"async\" width=\"800\" height=\"599\" data-id=\"681\" src=\"https:\/\/www.taekwondo-hambruecken.de\/wp-content\/uploads\/2023\/12\/wettk_bender_jue-3.jpeg\" alt=\"\" class=\"wp-image-681\" srcset=\"https:\/\/www.taekwondo-hambruecken.de\/wp-content\/uploads\/2023\/12\/wettk_bender_jue-3.jpeg 800w, https:\/\/www.taekwondo-hambruecken.de\/wp-content\/uploads\/2023\/12\/wettk_bender_jue-3-300x225.jpeg 300w, https:\/\/www.taekwondo-hambruecken.de\/wp-content\/uploads\/2023\/12\/wettk_bender_jue-3-768x575.jpeg 768w, https:\/\/www.taekwondo-hambruecken.de\/wp-content\/uploads\/2023\/12\/wettk_bender_jue-3-1x1.jpeg 1w\" sizes=\"auto, (max-width: 800px) 100vw, 800px\" \/><\/figure>\n<\/figure>\n\n\n\n<h3 class=\"wp-block-heading\">Alle Erfolge<\/h3>\n\n\n\n<figure class=\"wp-block-table\"><table><tbody><tr><th>Turnier<\/th><th>Jahr<\/th><th class=\"has-text-align-center\" data-align=\"center\">Platz<\/th><\/tr><tr><td><strong>Internationale Deutsche<\/strong><\/td><td><\/td><td class=\"has-text-align-center\" data-align=\"center\"><\/td><\/tr><tr><td>German Open Poomsae 2026 \/G1, Wiesbaden &#8211; LK1 Team Herren 51-60 Jahre<\/td><td>2026<\/td><td class=\"has-text-align-center\" data-align=\"center\">3<\/td><\/tr><tr><td colspan=\"3\"><strong>Deutsche<\/strong><\/td><\/tr><tr><td>Deutsche Meisterschaft Poomsae 2025, Aichwald \u2013 LK1 Team TUBW Herren 51-60 J.<\/td><td>2025<\/td><td class=\"has-text-align-center\" data-align=\"center\">3<\/td><\/tr><tr><td>Deutsche Meisterschaft Poomsae 2025, Aichwald \u2013 LK1 Einzel Herren 51-60 J.<\/td><td>2025<\/td><td class=\"has-text-align-center\" data-align=\"center\">14<\/td><\/tr><tr><td colspan=\"3\"><strong>Baden-W\u00fcrttembergische<\/strong><\/td><\/tr><tr><td>Baden-W\u00fcrtt. Poomsae-Meisterschaften 2025, Pl\u00fcderhausen \u2013 LK1 Team M2 (51- 60 J.)<\/td><td>2025<\/td><td class=\"has-text-align-center\" data-align=\"center\">1<\/td><\/tr><tr><td>Baden-W\u00fcrtt. Poomsae-Meisterschaften 2025, Pl\u00fcderhausen \u2013 LK1 Einzel M2 (51- 60 J.)<\/td><td>2025<\/td><td class=\"has-text-align-center\" data-align=\"center\">3<\/td><\/tr><tr><td>BaW\u00fc. Poomsae-Meisterschaft 2024, Holzgerlingen &#8211; LK1  3er-Team m M2 (51-60 J.)<\/td><td>2024<\/td><td class=\"has-text-align-center\" data-align=\"center\">2<\/td><\/tr><tr><td>BaW\u00fc. Poomsae-Meisterschaft 2024, Holzgerlingen &#8211; LK1  Einzel m Master 2 (51-60 J.)<\/td><td>2024<\/td><td class=\"has-text-align-center\" data-align=\"center\">5<\/td><\/tr><tr><td>BaW\u00fc. Poomsae-Meisterschaft 2023, Birkenfeld \u2013 LK1  Einzel Herren Master 2B (56-60 J.)<\/td><td>2023<\/td><td class=\"has-text-align-center\" data-align=\"center\">6<\/td><\/tr><tr><td>BaW\u00fc. Poomsae-Meisterschaft 2023, Birkenfeld \u2013 LK1  Einzel Herren Master 2 (51-60 J.)<\/td><td>2023<\/td><td class=\"has-text-align-center\" data-align=\"center\">8<\/td><\/tr><tr><td>BaW\u00fc. Poomsae-Meisterschaft 2023, Birkenfeld \u2013 LK1  3er-Team Herren (51+ J.)<\/td><td>2023<\/td><td class=\"has-text-align-center\" data-align=\"center\">1<\/td><\/tr><tr><td>BaW\u00fc. Poomsae-Meisterschaft 2022, Waiblingen &#8211; LK1 Einzel Herren Master 1A (51-55 J.)<\/td><td>2022<\/td><td class=\"has-text-align-center\" data-align=\"center\">2<\/td><\/tr><tr><td>BaW\u00fc. Poomsae-Meisterschaft 2022, Waiblingen &#8211; LK1 Einzel Herren Master 1 (51-60 J.)<\/td><td>2022<\/td><td class=\"has-text-align-center\" data-align=\"center\">5<\/td><\/tr><tr><td>BaW\u00fc. Poomsae-Meisterschaft 2012, Hambr\u00fccken &#8211; LK1  Einzel m Master 1B (45-49 J.)<\/td><td>2012<\/td><td class=\"has-text-align-center\" data-align=\"center\">3<\/td><\/tr><tr><td>BaW\u00fc. Poomsae-Meisterschaft 2012, Hambr\u00fccken &#8211; LK1  5er-Team Herren 40+ J.<\/td><td>2012<\/td><td class=\"has-text-align-center\" data-align=\"center\">1<\/td><\/tr><tr><td>BaW\u00fc. Poomsae-Meisterschaft 2010, PF-Birkenfeld &#8211; LK1  Einzel m Master 1A (40-44 J.)<\/td><td>2010<\/td><td class=\"has-text-align-center\" data-align=\"center\">3<\/td><\/tr><tr><td>BaW\u00fc. Poomsae-Meisterschaft 2010, PF-Birkenfeld &#8211; LK1  Einzel m Master 1 (40-49 J.)<\/td><td>2010<\/td><td class=\"has-text-align-center\" data-align=\"center\">7<\/td><\/tr><tr><td>BaW\u00fc. Poomsae-Meisterschaft 2010, PF-Birkenfeld &#8211; LK1  Mixed-Team Sen. 2 (36+ J.)<\/td><td>2010<\/td><td class=\"has-text-align-center\" data-align=\"center\">1<\/td><\/tr><tr><td colspan=\"3\"><strong>Badische<\/strong><\/td><\/tr><tr><td>Bad. Poomsae-Meisterschaft 2025, Pforzheim \u2013 LK1 Einzel m Master 2 (51-60 J.)<\/td><td>2025<\/td><td class=\"has-text-align-center\" data-align=\"center\">2<\/td><\/tr><tr><td>Bad. Poomsae-Meisterschaft 2025, Pforzheim \u2013 LK1 3er-Team m Master 2 (51-60 J.)<\/td><td>2025<\/td><td class=\"has-text-align-center\" data-align=\"center\">1<\/td><\/tr><tr><td>Bad. Poomsae-Meisterschaft 2025, Pforzheim \u2013 LK1 5er-Synchron m M2 (51-60 J.)<\/td><td>2025<\/td><td class=\"has-text-align-center\" data-align=\"center\">1<\/td><\/tr><tr><td>Bad. Poomsae-Meisterschaft 2024, Pforzheim &#8211; LK1  Einzel Herren Master 2 (51-60 J.)<\/td><td>2024<\/td><td class=\"has-text-align-center\" data-align=\"center\">5<\/td><\/tr><tr><td>Bad. Poomsae-Meisterschaft 2024, Pforzheim &#8211; LK1  Paar Master 2 (51-60 J.)<\/td><td>2024<\/td><td class=\"has-text-align-center\" data-align=\"center\">2<\/td><\/tr><tr><td>Bad. Poomsae-Meisterschaft 2024, Pforzheim &#8211; LK1  3er-Team m Master 1 (41 J. u. \u00e4lter)<\/td><td>2024<\/td><td class=\"has-text-align-center\" data-align=\"center\">2<\/td><\/tr><tr><td>Bad. Poomsae-Meisterschaft 2024, Pforzheim &#8211; LK1  5er-Team, m Master 2 (51 J. u. \u00e4lter)<\/td><td>2024<\/td><td class=\"has-text-align-center\" data-align=\"center\">1<\/td><\/tr><tr><td>Bad. Poomsae-Meisterschaft 2024, Pforzheim &#8211; LK1  5er Mixed-Team, Master 2 (51+ J.)<\/td><td>2024<\/td><td class=\"has-text-align-center\" data-align=\"center\">1<\/td><\/tr><tr><td>Badische Poomsae-M. 2022, Pforzheim &#8211; LK1  3er-Synchron Herren Master 1 (51-60 J.)<\/td><td>2022<\/td><td class=\"has-text-align-center\" data-align=\"center\">1<\/td><\/tr><tr><td>Badische Poomsae-M. 2022, Pforzheim &#8211; LK1  Mixed-Team Master 1 (51-60 J.)<\/td><td>2022<\/td><td class=\"has-text-align-center\" data-align=\"center\">1<\/td><\/tr><tr><td>Badische Poomsae-M. 2022, Pforzheim &#8211; LK1  Einzel Herren Master 1 (51-60 J.)<\/td><td>2022<\/td><td class=\"has-text-align-center\" data-align=\"center\">3<\/td><\/tr><tr><td>Badische Poomsae-M. 2019, Hambr\u00fccken &#8211; LK1  3er-Synchron Herren Master (ab 41 J.)<\/td><td>2019<\/td><td class=\"has-text-align-center\" data-align=\"center\">1<\/td><\/tr><tr><td>Badische Poomsae-M. 2019, Hambr\u00fccken &#8211; LK1  Mixed-Team Master (ab 41 J.)<\/td><td>2019<\/td><td class=\"has-text-align-center\" data-align=\"center\">1<\/td><\/tr><tr><td>Badische Poomsae-M. 2019, Hambr\u00fccken &#8211; LK1  Paar Master (ab 41 J.)<\/td><td>2019<\/td><td class=\"has-text-align-center\" data-align=\"center\">3<\/td><\/tr><tr><td>Badische Poomsae-M. 2019, Hambr\u00fccken &#8211; LK1  Einzel Herren Master 1\/1 (51-55 J.)<\/td><td>2019<\/td><td class=\"has-text-align-center\" data-align=\"center\">2<\/td><\/tr><tr><td>Badische Poomsae-M. 2019, Hambr\u00fccken &#8211; LK1  Einzel Herren Master 1 (51-60 J.)<\/td><td>2019<\/td><td class=\"has-text-align-center\" data-align=\"center\">4<\/td><\/tr><tr><td>Badische Poomsae-Meisterschaft 2018, Wiesloch &#8211; LK1 Synchron m Master 2 (50-59 J.)<\/td><td>2018<\/td><td class=\"has-text-align-center\" data-align=\"center\">2<\/td><\/tr><tr><td>Badische Poomsae-Meisterschaft 2018, Wiesloch &#8211; LK1 Paar Master 2 (50+ J.)<\/td><td>2018<\/td><td class=\"has-text-align-center\" data-align=\"center\">4<\/td><\/tr><tr><td>Badische Poomsae-Meisterschaft 2018, Wiesloch &#8211; LK1 Einzel m Master A (51-55 J.)<\/td><td>2018<\/td><td class=\"has-text-align-center\" data-align=\"center\">5<\/td><\/tr><tr><td>Badische Poomsae-Meisterschaft 2017, B\u00fchl &#8211; LK1  Einzel m Master 2A (50-54 J.)<\/td><td>2017<\/td><td class=\"has-text-align-center\" data-align=\"center\">4<\/td><\/tr><tr><td>Badische Poomsae-Meisterschaft 2017, B\u00fchl &#8211; LK1  Einzel m Master 2 (50-59 J.)<\/td><td>2017<\/td><td class=\"has-text-align-center\" data-align=\"center\">6<\/td><\/tr><tr><td>Badische Poomsae-Meisterschaft 2017, B\u00fchl &#8211; LK1  Paar Master 2 (50+ J.)<\/td><td>2017<\/td><td class=\"has-text-align-center\" data-align=\"center\">5<\/td><\/tr><tr><td>Badische Poomsae-Meisterschaft 2017, B\u00fchl &#8211; LK1  3er-Synchron m Master 1 (40+ J.)<\/td><td>2017<\/td><td class=\"has-text-align-center\" data-align=\"center\">1<\/td><\/tr><tr><td>Badische Poomsae-Meisterschaft 2016, Heidelberg &#8211; LK1  Paar Master 1 (40+ J.)<\/td><td>2016<\/td><td class=\"has-text-align-center\" data-align=\"center\">2<\/td><\/tr><tr><td>Badische Poomsae-Meisterschaft 2015, B\u00fchl &#8211; LK1  Einzel m Master 1B (45-49 J.)<\/td><td>2015<\/td><td class=\"has-text-align-center\" data-align=\"center\">3<\/td><\/tr><tr><td>Badische Poomsae-Meisterschaft 2015, B\u00fchl &#8211; LK1  Einzel m Master 1 (40-49 J.)<\/td><td>2015<\/td><td class=\"has-text-align-center\" data-align=\"center\">5<\/td><\/tr><tr><td>Badische Poomsae-Meisterschaft 2015, B\u00fchl &#8211; LK1  Paar Master 1 (40+ J.)<\/td><td>2015<\/td><td class=\"has-text-align-center\" data-align=\"center\">2<\/td><\/tr><tr><td>Badische Poomsae-Meisterschaft 2014, Bruchsal &#8211; LK1  Einzel m Master 1B (45-49 J.)<\/td><td>2014<\/td><td class=\"has-text-align-center\" data-align=\"center\">2<\/td><\/tr><tr><td>Badische Poomsae-Meisterschaft 2014, Bruchsal &#8211; LK1  Einzel m Master 1 (40-49 J.)<\/td><td>2014<\/td><td class=\"has-text-align-center\" data-align=\"center\">5<\/td><\/tr><tr><td>Badische Poomsae-Meisterschaft 2014, Bruchsal &#8211; LK1  Paar Master 1 (40+ J.)<\/td><td>2014<\/td><td class=\"has-text-align-center\" data-align=\"center\">3<\/td><\/tr><tr><td>Badische Poomsae-Meisterschaft 2014, Bruchsal &#8211; LK1  3er-Synchron m Master 1 (40+J.)<\/td><td>2014<\/td><td class=\"has-text-align-center\" data-align=\"center\">1<\/td><\/tr><tr><td>Badische Poomsae-Meisterschaft 2014, Bruchsal &#8211; LK1  Mixed-Team Master 1 (40+ J.)<\/td><td>2014<\/td><td class=\"has-text-align-center\" data-align=\"center\">2<\/td><\/tr><tr><td>Badische Poomsae-Meisterschaft 2013, B\u00fchl &#8211; LK1  Einzel Herren Master 1B (45-49 J.)<\/td><td>2013<\/td><td class=\"has-text-align-center\" data-align=\"center\">2<\/td><\/tr><tr><td>Badische Poomsae-Meisterschaft 2013, B\u00fchl &#8211; LK1  Einzel Herren Master 1 (40-49 J.)<\/td><td>2013<\/td><td class=\"has-text-align-center\" data-align=\"center\">6<\/td><\/tr><tr><td>Badische Poomsae-Meisterschaft 2013, B\u00fchl &#8211; LK1  Paar Master 1 (40+ J.)<\/td><td>2013<\/td><td class=\"has-text-align-center\" data-align=\"center\">4<\/td><\/tr><tr><td>Badische Poomsae-Meisterschaft 2013, B\u00fchl &#8211; LK1  5er-Team Herren Master 1 (40+ J.)<\/td><td>2013<\/td><td class=\"has-text-align-center\" data-align=\"center\">1<\/td><\/tr><tr><td>Badische Poomsae-Meisterschaft 2010, Malsch &#8211; LK1  Paar Master (40+ J.)<\/td><td>2010<\/td><td class=\"has-text-align-center\" data-align=\"center\">3<\/td><\/tr><tr><td>Badische Poomsae-Meisterschaft 2010, Malsch &#8211; LK1  5er-Team m Senioren 2 (40+ J.)<\/td><td>2010<\/td><td class=\"has-text-align-center\" data-align=\"center\">1<\/td><\/tr><tr><td>Badische Poomsae-Meisterschaft 2010, Malsch &#8211; LK1  Mixed-Team Senioren 2 (36+ J.)<\/td><td>2010<\/td><td class=\"has-text-align-center\" data-align=\"center\">1<\/td><\/tr><tr><td>Badische Poomsae-Meisterschaft 2009, Hambr\u00fccken &#8211; LK1  Mixed-Team Master (40+ J.)<\/td><td>2009<\/td><td class=\"has-text-align-center\" data-align=\"center\">3<\/td><\/tr><tr><td colspan=\"3\"><strong>(Int.) Turnier<\/strong><\/td><\/tr><tr><td>Int. Hessenmeisterschaft Poomsae 2025, Wiesbaden-Bierstadt \u2013 LK1 Einzel m 51-60 J.<\/td><td>2025<\/td><td class=\"has-text-align-center\" data-align=\"center\">2<\/td><\/tr><tr><td>Int. Hessenmeisterschaft Poomsae 2025, Wiesbaden-Bierstadt \u2013 LK1 Team m 51-60 J.<\/td><td>2025<\/td><td class=\"has-text-align-center\" data-align=\"center\">1<\/td><\/tr><tr><td>16. Schwarzwald Open Poomsae 2025, Nagold \u2013 LK1 Single m upto 60 J.<\/td><td>2025<\/td><td class=\"has-text-align-center\" data-align=\"center\">3<\/td><\/tr><tr><td>16. Schwarzwald Open Poomsae 2025, Nagold \u2013 LK1 3er-Team m over 18 J.<\/td><td>2025<\/td><td class=\"has-text-align-center\" data-align=\"center\">1<\/td><\/tr><tr><td>16. Schwarzwald Open Poomsae 2025, Nagold \u2013 LK1 Mixed-Team over 18 J.<\/td><td>2025<\/td><td class=\"has-text-align-center\" data-align=\"center\">1<\/td><\/tr><tr><td>Bavarian Open Poomsae 2025, Dillingen &#8211; LK1 Single m upto 60 J.<\/td><td>2025<\/td><td class=\"has-text-align-center\" data-align=\"center\">8<\/td><\/tr><tr><td>Bavarian Open Poomsae 2025, Dillingen &#8211; LK1 Familiy Poomsae<\/td><td>2025<\/td><td class=\"has-text-align-center\" data-align=\"center\">7<\/td><\/tr><tr><td>35. Int. Park-Pokal Poomsae 2024, Sindelfingen &#8211; LK1 Einzel Herren Master 2 (51-60 J.)<\/td><td>2024<\/td><td class=\"has-text-align-center\" data-align=\"center\">3<\/td><\/tr><tr><td>15. International Schwarzwald Open Poomsae, Nagold &#8211; LK1 3er-Team m +18 J.<\/td><td>2024<\/td><td class=\"has-text-align-center\" data-align=\"center\">1<\/td><\/tr><tr><td>15. International Schwarzwald Open Poomsae, Nagold  &#8211; LK1 Mixed-Team +18 J.<\/td><td>2024<\/td><td class=\"has-text-align-center\" data-align=\"center\">1<\/td><\/tr><tr><td>15. International Schwarzwald Open Poomsae, Nagold  &#8211; LK1 Paar +18 J.<\/td><td>2024<\/td><td class=\"has-text-align-center\" data-align=\"center\">6<\/td><\/tr><tr><td>15. International Schwarzwald Open Poomsae, Nagold  &#8211; LK1 Einzel Herren 51-60 J.<\/td><td>2024<\/td><td class=\"has-text-align-center\" data-align=\"center\">3<\/td><\/tr><tr><td>Int. Creti-Cup Poomsae 2023, RT-Rommelsbach \u2013 LK1  Einzel Herren Master 1 (51-60 J.)<\/td><td>2023<\/td><td class=\"has-text-align-center\" data-align=\"center\">2<\/td><\/tr><tr><td>Int. Creti-Cup Poomsae 2023, RT-Rommelsbach \u2013 LK1  3er-Team Herren M1 (51-60 J.)<\/td><td>2023<\/td><td class=\"has-text-align-center\" data-align=\"center\">1<\/td><\/tr><tr><td>13. Int. Schwarzwald Open Poomsae, Nagold &#8211; LK1  Einzel Herren Master 2 (51-60 J.)<\/td><td>2023<\/td><td class=\"has-text-align-center\" data-align=\"center\">3<\/td><\/tr><tr><td>13. Int. Schwarzwald Open Poomsae, Nagold &#8211; LK1  3er-Team Herren 31+ Jahre<\/td><td>2023<\/td><td class=\"has-text-align-center\" data-align=\"center\">2<\/td><\/tr><tr><td>Int. Hessische Poomsae-Meisterschaften 2022, Bensheim &#8211; LK A Einzel m  51-60 Jahre<\/td><td>2022<\/td><td class=\"has-text-align-center\" data-align=\"center\">3<\/td><\/tr><tr><td>10. Int. Schwarzwald Open Poomsae, Nagold &#8211; LK1  Einzel m Master 2 (51-60 J.)<\/td><td>2018<\/td><td class=\"has-text-align-center\" data-align=\"center\">4<\/td><\/tr><tr><td>4. Internationales Spaichinger Poomsae-Turnier &#8211; LK1  Paar 40+ J.<\/td><td>2018<\/td><td class=\"has-text-align-center\" data-align=\"center\">2<\/td><\/tr><tr><td>4. Internationales Spaichinger Poomsae-Turnier &#8211; LK1  Einzel m Master 2 (51-60 J.)<\/td><td>2018<\/td><td class=\"has-text-align-center\" data-align=\"center\">5<\/td><\/tr><tr><td>M\u00fchlacker Open Poomsae 2018 &#8211; LK1  Einzel Herren Master 2 (51-60 J.)<\/td><td>2018<\/td><td class=\"has-text-align-center\" data-align=\"center\">6<\/td><\/tr><tr><td>M\u00fchlacker Open Poomsae 2013 &#8211; LK1  Einzel Herren Master 1 (41-50 J.)<\/td><td>2013<\/td><td class=\"has-text-align-center\" data-align=\"center\">6<\/td><\/tr><tr><td>M\u00fchlacker Open Poomsae 2013 &#8211; LK1  5er-Team Herren Master (40+ J.)<\/td><td>2013<\/td><td class=\"has-text-align-center\" data-align=\"center\">1<\/td><\/tr><\/tbody><\/table><\/figure>\n\n\n\n<p><\/p>\n","protected":false},"excerpt":{"rendered":"<p>Profil Alle Erfolge Turnier Jahr Platz Internationale Deutsche German Open Poomsae 2026 \/G1, Wiesbaden &#8211; LK1 Team Herren 51-60 Jahre 2026 3 Deutsche Deutsche Meisterschaft Poomsae 2025, Aichwald \u2013 LK1 Team TUBW Herren 51-60 J. 2025 3 Deutsche Meisterschaft Poomsae 2025, Aichwald \u2013 LK1 Einzel Herren 51-60 J. 2025 14 Baden-W\u00fcrttembergische Baden-W\u00fcrtt. Poomsae-Meisterschaften 2025, Pl\u00fcderhausen [&hellip;]<\/p>\n","protected":false},"author":1,"featured_media":0,"parent":642,"menu_order":0,"comment_status":"closed","ping_status":"closed","template":"","meta":{"footnotes":""},"class_list":["post-705","page","type-page","status-publish","hentry"],"_links":{"self":[{"href":"https:\/\/www.taekwondo-hambruecken.de\/index.php\/wp-json\/wp\/v2\/pages\/705","targetHints":{"allow":["GET"]}}],"collection":[{"href":"https:\/\/www.taekwondo-hambruecken.de\/index.php\/wp-json\/wp\/v2\/pages"}],"about":[{"href":"https:\/\/www.taekwondo-hambruecken.de\/index.php\/wp-json\/wp\/v2\/types\/page"}],"author":[{"embeddable":true,"href":"https:\/\/www.taekwondo-hambruecken.de\/index.php\/wp-json\/wp\/v2\/users\/1"}],"replies":[{"embeddable":true,"href":"https:\/\/www.taekwondo-hambruecken.de\/index.php\/wp-json\/wp\/v2\/comments?post=705"}],"version-history":[{"count":30,"href":"https:\/\/www.taekwondo-hambruecken.de\/index.php\/wp-json\/wp\/v2\/pages\/705\/revisions"}],"predecessor-version":[{"id":2800,"href":"https:\/\/www.taekwondo-hambruecken.de\/index.php\/wp-json\/wp\/v2\/pages\/705\/revisions\/2800"}],"up":[{"embeddable":true,"href":"https:\/\/www.taekwondo-hambruecken.de\/index.php\/wp-json\/wp\/v2\/pages\/642"}],"wp:attachment":[{"href":"https:\/\/www.taekwondo-hambruecken.de\/index.php\/wp-json\/wp\/v2\/media?parent=705"}],"curies":[{"name":"wp","href":"https:\/\/api.w.org\/{rel}","templated":true}]}}