{"id":694,"date":"2023-12-31T13:11:42","date_gmt":"2023-12-31T12:11:42","guid":{"rendered":"https:\/\/portal.taekwondo-hambruecken.de\/?page_id=694"},"modified":"2026-03-15T19:23:50","modified_gmt":"2026-03-15T18:23:50","slug":"celina-adam","status":"publish","type":"page","link":"https:\/\/www.taekwondo-hambruecken.de\/index.php\/wettkaempfer\/celina-adam\/","title":{"rendered":"Celina Adam (4. DAN)"},"content":{"rendered":"\n<h3 class=\"wp-block-heading\">Profil<\/h3>\n\n\n\n<ul class=\"wp-block-list\">\n<li>Trainerin (siehe <a href=\"https:\/\/www.taekwondo-hambruecken.de\/index.php\/trainer\/celina-adam\/\" data-type=\"page\" data-id=\"595\">Trainerprofil<\/a>)<\/li>\n\n\n\n<li>Aktive Poomsae-Sportlerin \/ Mitglied im Poomsae-Team Hambr\u00fccken<\/li>\n\n\n\n<li>Formenlauf-Altersklasse: Damen Senioren 1 (18-30 J.)<\/li>\n<\/ul>\n\n\n\n<figure class=\"wp-block-gallery has-nested-images columns-default is-cropped wp-block-gallery-1 is-layout-flex wp-block-gallery-is-layout-flex\">\n<figure class=\"wp-block-image size-full\"><img loading=\"lazy\" decoding=\"async\" width=\"527\" height=\"800\" data-id=\"691\" src=\"https:\/\/www.taekwondo-hambruecken.de\/wp-content\/uploads\/2023\/12\/wettk_adam_c-1.jpeg\" alt=\"\" class=\"wp-image-691\" srcset=\"https:\/\/www.taekwondo-hambruecken.de\/wp-content\/uploads\/2023\/12\/wettk_adam_c-1.jpeg 527w, https:\/\/www.taekwondo-hambruecken.de\/wp-content\/uploads\/2023\/12\/wettk_adam_c-1-198x300.jpeg 198w, https:\/\/www.taekwondo-hambruecken.de\/wp-content\/uploads\/2023\/12\/wettk_adam_c-1-1x1.jpeg 1w\" sizes=\"auto, (max-width: 527px) 100vw, 527px\" \/><\/figure>\n\n\n\n<figure class=\"wp-block-image size-full\"><img loading=\"lazy\" decoding=\"async\" width=\"800\" height=\"646\" data-id=\"690\" src=\"https:\/\/www.taekwondo-hambruecken.de\/wp-content\/uploads\/2023\/12\/wettk_adam_c-2.jpeg\" alt=\"\" class=\"wp-image-690\" srcset=\"https:\/\/www.taekwondo-hambruecken.de\/wp-content\/uploads\/2023\/12\/wettk_adam_c-2.jpeg 800w, https:\/\/www.taekwondo-hambruecken.de\/wp-content\/uploads\/2023\/12\/wettk_adam_c-2-300x242.jpeg 300w, https:\/\/www.taekwondo-hambruecken.de\/wp-content\/uploads\/2023\/12\/wettk_adam_c-2-768x620.jpeg 768w, https:\/\/www.taekwondo-hambruecken.de\/wp-content\/uploads\/2023\/12\/wettk_adam_c-2-1x1.jpeg 1w\" sizes=\"auto, (max-width: 800px) 100vw, 800px\" \/><\/figure>\n<\/figure>\n\n\n\n<h3 class=\"wp-block-heading\">Alle Erfolge<\/h3>\n\n\n\n<figure class=\"wp-block-table\"><table><tbody><tr><th>Turnier<\/th><th>Jahr<\/th><th class=\"has-text-align-center\" data-align=\"center\">Platz<\/th><\/tr><tr><td><strong>Deutsche<\/strong><\/td><td><\/td><td class=\"has-text-align-center\" data-align=\"center\"><\/td><\/tr><tr><td>Deutsche Poomsae-Meisterschaft 2025, Aichwald \u2013 LK1 Einzel Damen Sen. 1 (18-30 J.)<\/td><td>2025<\/td><td class=\"has-text-align-center\" data-align=\"center\">Tn<\/td><\/tr><tr><td>Deutsche Poomsae-Meisterschaft 2023, Bautzen \u2013 LK1 Einzel Damen Sen. 1 (18-30 J.)<\/td><td>2023<\/td><td class=\"has-text-align-center\" data-align=\"center\">Tn<\/td><\/tr><tr><td colspan=\"3\"><strong>Baden-W\u00fcrttembergische<\/strong><\/td><\/tr><tr><td>BaW\u00fc. Poomsae-Meisterschaft 2024, Pl\u00fcderhausen &#8211; LK1 Einzel w Sen. 1 (18-30 J.)<\/td><td>2025<\/td><td class=\"has-text-align-center\" data-align=\"center\">7<\/td><\/tr><tr><td>BaW\u00fc. Poomsae-Meisterschaft 2024, Holzgerlingen &#8211; LK1 Einzel w Sen. 1 (18-30 J.)<\/td><td>2024<\/td><td class=\"has-text-align-center\" data-align=\"center\">9<\/td><\/tr><tr><td>Baden-W\u00fcrtt. Poomsae-Meistersch. 2019, Bad Saulgau &#8211; LK1 Einzel w Sen. 1 A (18-24 J.)<\/td><td>2019<\/td><td class=\"has-text-align-center\" data-align=\"center\">4<\/td><\/tr><tr><td>Baden-W\u00fcrtt. Poomsae-Meistersch. 2019, Bad Saulgau &#8211; LK1 Einzel w Sen. 1 (18-30 J.)<\/td><td>2019<\/td><td class=\"has-text-align-center\" data-align=\"center\">6<\/td><\/tr><tr><td colspan=\"3\"><strong>Badische<\/strong><\/td><\/tr><tr><td>Badische Poomsae-Meisterschaft 2023, Pforzheim &#8211; LK1 Team Damen Sen. 1 (18-30 J.)<\/td><td>2025<\/td><td class=\"has-text-align-center\" data-align=\"center\">1<\/td><\/tr><tr><td>Badische Poomsae-Meisterschaft 2023, Pforzheim &#8211; LK1 Einzel w Sen. 1 (18-30 J.)<\/td><td>2025<\/td><td class=\"has-text-align-center\" data-align=\"center\">4<\/td><\/tr><tr><td>Badische Poomsae-Meisterschaft 2023, Pforzheim &#8211; LK1 Einzel w Sen. 1\/1 (18-24 J.)<\/td><td>2023<\/td><td class=\"has-text-align-center\" data-align=\"center\">3<\/td><\/tr><tr><td>Badische Poomsae-Meisterschaft 2023, Pforzheim &#8211; LK1 Einzel w Sen. 1 (18-30 J.)<\/td><td>2023<\/td><td class=\"has-text-align-center\" data-align=\"center\">3<\/td><\/tr><tr><td>Badische Poomsae-Meisterschaft 2019, Hambr\u00fccken &#8211; LK1 Einzel w Sen. 1\/1 (18-24 J.)<\/td><td>2019<\/td><td class=\"has-text-align-center\" data-align=\"center\">4<\/td><\/tr><tr><td>Badische Poomsae-Meisterschaft 2019, Hambr\u00fccken &#8211; LK1 Einzel w Sen. 1 (18-30 J.)<\/td><td>2019<\/td><td class=\"has-text-align-center\" data-align=\"center\">6<\/td><\/tr><tr><td>Badische Poomsae-Meisterschaft 2018, Wiesloch &#8211; LK1 Einzel Damen Sen. 1\/1 (18-24 J.)<\/td><td>2018<\/td><td class=\"has-text-align-center\" data-align=\"center\">12<\/td><\/tr><tr><td>Badische Poomsae-Meisterschaft 2018, Wiesloch &#8211; LK1 Einzel Damen Sen. 1 (18-29 J.)<\/td><td>2018<\/td><td class=\"has-text-align-center\" data-align=\"center\">14<\/td><\/tr><tr><td>Badische Poomsae-Meisterschaft 2018, Wiesloch &#8211; LK1  3er-Team w Sen. 1 (14-35 J.)<\/td><td>2018<\/td><td class=\"has-text-align-center\" data-align=\"center\">2<\/td><\/tr><tr><td>Badische Poomsae-Meisterschaft 2017, B\u00fchl &#8211; LK1 Einzel w Sen. 1 A (18-24 J.)<\/td><td>2017<\/td><td class=\"has-text-align-center\" data-align=\"center\">8<\/td><\/tr><tr><td>Badische Poomsae-Meisterschaft 2017, B\u00fchl &#8211; LK1 Einzel w Sen. 1 (18-29 J.)<\/td><td>2017<\/td><td class=\"has-text-align-center\" data-align=\"center\">8<\/td><\/tr><tr><td>Badische Poomsae-Meisterschaft 2017, B\u00fchl &#8211; LK1 3er-Synchronteam w Sen. 1 (14-35 J.)<\/td><td>2017<\/td><td class=\"has-text-align-center\" data-align=\"center\">2<\/td><\/tr><tr><td>Badische Poomsae-Meisterschaft 2016, Heidelberg LK1 &#8211; Einzel w Jugend A 2 (17 J.)<\/td><td>2016<\/td><td class=\"has-text-align-center\" data-align=\"center\">2<\/td><\/tr><tr><td>Badische Poomsae-Meisterschaft 2016, Heidelberg LK1 &#8211; Einzel w Jugend A (16-17 J.)<\/td><td>2016<\/td><td class=\"has-text-align-center\" data-align=\"center\">5<\/td><\/tr><tr><td>Badische Meisterschaft Poomsae 2015, B\u00fchl &#8211; LK1 Einzel w Jugend A 1 (16 J.)<\/td><td>2015<\/td><td class=\"has-text-align-center\" data-align=\"center\">3<\/td><\/tr><tr><td>Badische Meisterschaft Poomsae 2015, B\u00fchl &#8211; LK1 Einzel w Jugend A (16-17 J.)<\/td><td>2015<\/td><td class=\"has-text-align-center\" data-align=\"center\">9<\/td><\/tr><tr><td colspan=\"3\"><strong>(Int.) Turnier<\/strong><\/td><\/tr><tr><td>16. Schwarzwald Open Poomsae 2025, Nagold \u2013 LK1 Single f upto 30 J.<\/td><td>2025<\/td><td class=\"has-text-align-center\" data-align=\"center\">3<\/td><\/tr><tr><td>15. Int. Schwarzwald Open Poomsae 2024, Nagold &#8211; LK1 Einzel Damen 18-30 J. <\/td><td>2024<\/td><td class=\"has-text-align-center\" data-align=\"center\">9<\/td><\/tr><tr><td>14. Int. Schwarzwald Open Poomsae 2023, Nagold \u2013 LK1  Einzel Damen 18-30 J.<\/td><td>2023<\/td><td class=\"has-text-align-center\" data-align=\"center\">7<\/td><\/tr><tr><td>10. Int. Schwarzwald Open Poomsae 2018, Nagold &#8211; LK1  Einzel Damen 18-30 J.<\/td><td>2018<\/td><td class=\"has-text-align-center\" data-align=\"center\">6<\/td><\/tr><tr><td>10. Int. Schwarzwald Open Poomsae 2018, Nagold &#8211; LK1  3er-Team weiblich 14-30 J.<\/td><td>2018<\/td><td class=\"has-text-align-center\" data-align=\"center\">1<\/td><\/tr><\/tbody><\/table><\/figure>\n","protected":false},"excerpt":{"rendered":"<p>Profil Alle Erfolge Turnier Jahr Platz Deutsche Deutsche Poomsae-Meisterschaft 2025, Aichwald \u2013 LK1 Einzel Damen Sen. 1 (18-30 J.) 2025 Tn Deutsche Poomsae-Meisterschaft 2023, Bautzen \u2013 LK1 Einzel Damen Sen. 1 (18-30 J.) 2023 Tn Baden-W\u00fcrttembergische BaW\u00fc. Poomsae-Meisterschaft 2024, Pl\u00fcderhausen &#8211; LK1 Einzel w Sen. 1 (18-30 J.) 2025 7 BaW\u00fc. Poomsae-Meisterschaft 2024, Holzgerlingen &#8211; [&hellip;]<\/p>\n","protected":false},"author":1,"featured_media":0,"parent":642,"menu_order":0,"comment_status":"closed","ping_status":"closed","template":"","meta":{"footnotes":""},"class_list":["post-694","page","type-page","status-publish","hentry"],"_links":{"self":[{"href":"https:\/\/www.taekwondo-hambruecken.de\/index.php\/wp-json\/wp\/v2\/pages\/694","targetHints":{"allow":["GET"]}}],"collection":[{"href":"https:\/\/www.taekwondo-hambruecken.de\/index.php\/wp-json\/wp\/v2\/pages"}],"about":[{"href":"https:\/\/www.taekwondo-hambruecken.de\/index.php\/wp-json\/wp\/v2\/types\/page"}],"author":[{"embeddable":true,"href":"https:\/\/www.taekwondo-hambruecken.de\/index.php\/wp-json\/wp\/v2\/users\/1"}],"replies":[{"embeddable":true,"href":"https:\/\/www.taekwondo-hambruecken.de\/index.php\/wp-json\/wp\/v2\/comments?post=694"}],"version-history":[{"count":20,"href":"https:\/\/www.taekwondo-hambruecken.de\/index.php\/wp-json\/wp\/v2\/pages\/694\/revisions"}],"predecessor-version":[{"id":2749,"href":"https:\/\/www.taekwondo-hambruecken.de\/index.php\/wp-json\/wp\/v2\/pages\/694\/revisions\/2749"}],"up":[{"embeddable":true,"href":"https:\/\/www.taekwondo-hambruecken.de\/index.php\/wp-json\/wp\/v2\/pages\/642"}],"wp:attachment":[{"href":"https:\/\/www.taekwondo-hambruecken.de\/index.php\/wp-json\/wp\/v2\/media?parent=694"}],"curies":[{"name":"wp","href":"https:\/\/api.w.org\/{rel}","templated":true}]}}