{"id":634,"date":"2023-12-31T11:58:55","date_gmt":"2023-12-31T10:58:55","guid":{"rendered":"https:\/\/portal.taekwondo-hambruecken.de\/?page_id=634"},"modified":"2024-01-05T00:45:22","modified_gmt":"2024-01-04T23:45:22","slug":"melanie-ries-2-dan","status":"publish","type":"page","link":"https:\/\/www.taekwondo-hambruecken.de\/index.php\/trainer\/melanie-ries-2-dan\/","title":{"rendered":"Melanie Ries (2. DAN)"},"content":{"rendered":"\n<div class=\"wp-block-media-text is-stacked-on-mobile is-vertically-aligned-top\" style=\"grid-template-columns:30% auto\"><figure class=\"wp-block-media-text__media\"><img loading=\"lazy\" decoding=\"async\" width=\"413\" height=\"531\" src=\"https:\/\/www.taekwondo-hambruecken.de\/wp-content\/uploads\/2023\/12\/trainer_ries_m-1.jpeg\" alt=\"\" class=\"wp-image-543 size-full\" srcset=\"https:\/\/www.taekwondo-hambruecken.de\/wp-content\/uploads\/2023\/12\/trainer_ries_m-1.jpeg 413w, https:\/\/www.taekwondo-hambruecken.de\/wp-content\/uploads\/2023\/12\/trainer_ries_m-1-233x300.jpeg 233w, https:\/\/www.taekwondo-hambruecken.de\/wp-content\/uploads\/2023\/12\/trainer_ries_m-1-1x1.jpeg 1w\" sizes=\"auto, (max-width: 413px) 100vw, 413px\" \/><\/figure><div class=\"wp-block-media-text__content\">\n<h3 class=\"wp-block-heading\">Aufgaben &amp; Auszeichnungen<\/h3>\n\n\n\n<p>Trainerin f\u00fcr Frauen-SV-Kurse<br>Trainerin f\u00fcr Anf\u00e4ngerkurse<\/p>\n\n\n\n<p>Taekwondo seit 2013<\/p>\n<\/div><\/div>\n\n\n\n<p><\/p>\n\n\n\n<div class=\"wp-block-media-text is-stacked-on-mobile is-vertically-aligned-top\" style=\"grid-template-columns:30% auto\"><figure class=\"wp-block-media-text__media\"><img loading=\"lazy\" decoding=\"async\" width=\"800\" height=\"600\" src=\"https:\/\/www.taekwondo-hambruecken.de\/wp-content\/uploads\/2023\/12\/trainer_ries_m-2.jpeg\" alt=\"\" class=\"wp-image-636 size-full\" srcset=\"https:\/\/www.taekwondo-hambruecken.de\/wp-content\/uploads\/2023\/12\/trainer_ries_m-2.jpeg 800w, https:\/\/www.taekwondo-hambruecken.de\/wp-content\/uploads\/2023\/12\/trainer_ries_m-2-300x225.jpeg 300w, https:\/\/www.taekwondo-hambruecken.de\/wp-content\/uploads\/2023\/12\/trainer_ries_m-2-768x576.jpeg 768w, https:\/\/www.taekwondo-hambruecken.de\/wp-content\/uploads\/2023\/12\/trainer_ries_m-2-1x1.jpeg 1w\" sizes=\"auto, (max-width: 800px) 100vw, 800px\" \/><\/figure><div class=\"wp-block-media-text__content\">\n<p><\/p>\n<\/div><\/div>\n\n\n\n<p><\/p>\n\n\n\n<div class=\"wp-block-media-text is-stacked-on-mobile is-vertically-aligned-top\" style=\"grid-template-columns:30% auto\"><figure class=\"wp-block-media-text__media\"><img loading=\"lazy\" decoding=\"async\" width=\"800\" height=\"681\" src=\"https:\/\/www.taekwondo-hambruecken.de\/wp-content\/uploads\/2023\/12\/trainer_ries_m-3.jpeg\" alt=\"\" class=\"wp-image-637 size-full\" srcset=\"https:\/\/www.taekwondo-hambruecken.de\/wp-content\/uploads\/2023\/12\/trainer_ries_m-3.jpeg 800w, https:\/\/www.taekwondo-hambruecken.de\/wp-content\/uploads\/2023\/12\/trainer_ries_m-3-300x255.jpeg 300w, https:\/\/www.taekwondo-hambruecken.de\/wp-content\/uploads\/2023\/12\/trainer_ries_m-3-768x654.jpeg 768w, https:\/\/www.taekwondo-hambruecken.de\/wp-content\/uploads\/2023\/12\/trainer_ries_m-3-1x1.jpeg 1w\" sizes=\"auto, (max-width: 800px) 100vw, 800px\" \/><\/figure><div class=\"wp-block-media-text__content\">\n<p><\/p>\n<\/div><\/div>\n","protected":false},"excerpt":{"rendered":"<p>Aufgaben &amp; Auszeichnungen Trainerin f\u00fcr Frauen-SV-KurseTrainerin f\u00fcr Anf\u00e4ngerkurse Taekwondo seit 2013<\/p>\n","protected":false},"author":1,"featured_media":0,"parent":521,"menu_order":11,"comment_status":"closed","ping_status":"closed","template":"","meta":{"footnotes":""},"class_list":["post-634","page","type-page","status-publish","hentry"],"_links":{"self":[{"href":"https:\/\/www.taekwondo-hambruecken.de\/index.php\/wp-json\/wp\/v2\/pages\/634","targetHints":{"allow":["GET"]}}],"collection":[{"href":"https:\/\/www.taekwondo-hambruecken.de\/index.php\/wp-json\/wp\/v2\/pages"}],"about":[{"href":"https:\/\/www.taekwondo-hambruecken.de\/index.php\/wp-json\/wp\/v2\/types\/page"}],"author":[{"embeddable":true,"href":"https:\/\/www.taekwondo-hambruecken.de\/index.php\/wp-json\/wp\/v2\/users\/1"}],"replies":[{"embeddable":true,"href":"https:\/\/www.taekwondo-hambruecken.de\/index.php\/wp-json\/wp\/v2\/comments?post=634"}],"version-history":[{"count":3,"href":"https:\/\/www.taekwondo-hambruecken.de\/index.php\/wp-json\/wp\/v2\/pages\/634\/revisions"}],"predecessor-version":[{"id":1088,"href":"https:\/\/www.taekwondo-hambruecken.de\/index.php\/wp-json\/wp\/v2\/pages\/634\/revisions\/1088"}],"up":[{"embeddable":true,"href":"https:\/\/www.taekwondo-hambruecken.de\/index.php\/wp-json\/wp\/v2\/pages\/521"}],"wp:attachment":[{"href":"https:\/\/www.taekwondo-hambruecken.de\/index.php\/wp-json\/wp\/v2\/media?parent=634"}],"curies":[{"name":"wp","href":"https:\/\/api.w.org\/{rel}","templated":true}]}}