{"id":625,"date":"2023-12-31T11:48:56","date_gmt":"2023-12-31T10:48:56","guid":{"rendered":"https:\/\/portal.taekwondo-hambruecken.de\/?page_id=625"},"modified":"2024-01-21T21:06:05","modified_gmt":"2024-01-21T20:06:05","slug":"joshuar-piuma-2-dan","status":"publish","type":"page","link":"https:\/\/www.taekwondo-hambruecken.de\/index.php\/ehemalige\/joshuar-piuma-2-dan\/","title":{"rendered":"Joshuar Piuma (2. DAN)"},"content":{"rendered":"\n<div class=\"wp-block-media-text is-stacked-on-mobile is-vertically-aligned-top\" style=\"grid-template-columns:30% auto\"><figure class=\"wp-block-media-text__media\"><img loading=\"lazy\" decoding=\"async\" width=\"414\" height=\"616\" src=\"https:\/\/www.taekwondo-hambruecken.de\/wp-content\/uploads\/2023\/12\/trainer_piuma_j-1.jpeg\" alt=\"\" class=\"wp-image-548 size-full\" srcset=\"https:\/\/www.taekwondo-hambruecken.de\/wp-content\/uploads\/2023\/12\/trainer_piuma_j-1.jpeg 414w, https:\/\/www.taekwondo-hambruecken.de\/wp-content\/uploads\/2023\/12\/trainer_piuma_j-1-202x300.jpeg 202w, https:\/\/www.taekwondo-hambruecken.de\/wp-content\/uploads\/2023\/12\/trainer_piuma_j-1-1x1.jpeg 1w\" sizes=\"auto, (max-width: 414px) 100vw, 414px\" \/><\/figure><div class=\"wp-block-media-text__content\">\n<h3 class=\"wp-block-heading\">Lizenzen<\/h3>\n\n\n\n<p>Assistenztrainer-Lizenz BSB<\/p>\n\n\n\n<h3 class=\"wp-block-heading\">Aufgaben &amp; Auszeichnungen<\/h3>\n\n\n\n<p>Kinder- und Jugendtrainer bis 2022<\/p>\n<\/div><\/div>\n\n\n\n<p><\/p>\n\n\n\n<div class=\"wp-block-media-text is-stacked-on-mobile is-vertically-aligned-top\" style=\"grid-template-columns:30% auto\"><figure class=\"wp-block-media-text__media\"><img loading=\"lazy\" decoding=\"async\" width=\"588\" height=\"550\" src=\"https:\/\/www.taekwondo-hambruecken.de\/wp-content\/uploads\/2023\/12\/trainer_piuma_j-2.jpeg\" alt=\"\" class=\"wp-image-627 size-full\" srcset=\"https:\/\/www.taekwondo-hambruecken.de\/wp-content\/uploads\/2023\/12\/trainer_piuma_j-2.jpeg 588w, https:\/\/www.taekwondo-hambruecken.de\/wp-content\/uploads\/2023\/12\/trainer_piuma_j-2-300x281.jpeg 300w, https:\/\/www.taekwondo-hambruecken.de\/wp-content\/uploads\/2023\/12\/trainer_piuma_j-2-1x1.jpeg 1w\" sizes=\"auto, (max-width: 588px) 100vw, 588px\" \/><\/figure><div class=\"wp-block-media-text__content\">\n<p>Taekwondo seit 2004<\/p>\n<\/div><\/div>\n\n\n\n<h3 class=\"wp-block-heading\">Pers\u00f6nliche Erfolge<\/h3>\n\n\n\n<figure class=\"wp-block-table\"><table><tbody><tr><th>Turnier<\/th><th>Jahr<\/th><th>Platz<\/th><\/tr><tr><td colspan=\"3\"><strong>Baden-W\u00fcrttembergische<\/strong><\/td><\/tr><tr><td>Baden-W\u00fcrtt. Meisterschaft Vollkontakt, Jugend A -55 kg<\/td><td>2012<\/td><td>1<\/td><\/tr><tr><td>Baden-W\u00fcrtt. Poomsae-Meisterschaft, LK 1 Synchron m Sen 1 14-35 J.<\/td><td>2012<\/td><td>1<\/td><\/tr><tr><td>Baden-W\u00fcrtt. Poomsae-Meisterschaft, LK 1 Mixed Team Sen 1 14-35 J.<\/td><td>2012<\/td><td>2<\/td><\/tr><tr><td>Baden-W\u00fcrtt. Poomsae-Meisterschaft, LK 1 Paar Sch\u00fcler 2<\/td><td>2012<\/td><td>3<\/td><\/tr><tr><td>Baden-W\u00fcrttembergische Poomsae Meisterschaften (Syncron)<\/td><td>2009<\/td><td>1<\/td><\/tr><tr><td>Baden-W\u00fcrttembergische Poomsae Meisterschaften<\/td><td>2009<\/td><td>5<\/td><\/tr><tr><td colspan=\"3\"><strong>Badische<\/strong><\/td><\/tr><tr><td>Barockstadt-Pokal Bruchsal, Herren -68 kg<\/td><td>2016<\/td><td>2<\/td><\/tr><tr><td>Badische Poomsae-Meisterschaft &#8211; Einzel, Sen. 1 m : 18-24 J.<\/td><td>2016<\/td><td>4<\/td><\/tr><tr><td>Badische Poomsae-Meisterschaft &#8211; LK 1, Einzel, Sen. 1 m : 18-29 J.<\/td><td>2016<\/td><td>5<\/td><\/tr><tr><td>Badische Meisterschaft Vollkontakt, Jugend A m -68 kg<\/td><td>2015<\/td><td>3<\/td><\/tr><tr><td>Badische Poomsae-Meisterschaft, LK 1, Team Mixed Sen 1 (14-35 J.)<\/td><td>2013<\/td><td>1<\/td><\/tr><tr><td>Badische Poomsae-Meisterschaft, LK 1, Paar Jugend (12-17 J.)<\/td><td>2013<\/td><td>2<\/td><\/tr><tr><td>Badische Meisterschaft Vollkontakt, Jugend B -49 kg<\/td><td>2012<\/td><td>2<\/td><\/tr><tr><td>Badische Meisterschaft Vollkontakt, Jugend B m -53 kg<\/td><td>2011<\/td><td>3<\/td><\/tr><tr><td>Badische Meisterschaft Vollkontakt, Jugend B -37 kg<\/td><td>2010<\/td><td>3<\/td><\/tr><tr><td>Badische Poomsae-Meisterschaft (Einzel)<\/td><td>2009<\/td><td>4<\/td><\/tr><tr><td colspan=\"3\"><strong>(Int.) Turnier<\/strong><\/td><\/tr><tr><td>18. Int. Black Tiger Cup, Jugend A -63 kg<\/td><td>2014<\/td><td>1<\/td><\/tr><tr><td>Internationaler Kids-Cup Gengenbach, Jugend A -68 kg<\/td><td>2014<\/td><td>2<\/td><\/tr><tr><td>18. int. Korntal-M\u00fcnchinger Cup<\/td><td>2014<\/td><td>3<\/td><\/tr><tr><td>21. Int. Schwarzwald Open, Jugend A -63 kg<\/td><td>2014<\/td><td>3<\/td><\/tr><tr><td>Int. Neckar Pokal Vollkontakt, Jugend A -55 kg<\/td><td>2012<\/td><td>2<\/td><\/tr><tr><td>16. Internationaler Neckar-Pokal Vollkontakt, Jugend B m -53 kg<\/td><td>2011<\/td><td>2<\/td><\/tr><tr><td>M\u00fchlacker Open-Poomsae (Einzel)<\/td><td>2009<\/td><td>1<\/td><\/tr><\/tbody><\/table><\/figure>\n","protected":false},"excerpt":{"rendered":"<p>Lizenzen Assistenztrainer-Lizenz BSB Aufgaben &amp; Auszeichnungen Kinder- und Jugendtrainer bis 2022 Taekwondo seit 2004 Pers\u00f6nliche Erfolge Turnier Jahr Platz Baden-W\u00fcrttembergische Baden-W\u00fcrtt. Meisterschaft Vollkontakt, Jugend A -55 kg 2012 1 Baden-W\u00fcrtt. Poomsae-Meisterschaft, LK 1 Synchron m Sen 1 14-35 J. 2012 1 Baden-W\u00fcrtt. Poomsae-Meisterschaft, LK 1 Mixed Team Sen 1 14-35 J. 2012 2 Baden-W\u00fcrtt. Poomsae-Meisterschaft, [&hellip;]<\/p>\n","protected":false},"author":1,"featured_media":0,"parent":1169,"menu_order":0,"comment_status":"closed","ping_status":"closed","template":"","meta":{"footnotes":""},"class_list":["post-625","page","type-page","status-publish","hentry"],"_links":{"self":[{"href":"https:\/\/www.taekwondo-hambruecken.de\/index.php\/wp-json\/wp\/v2\/pages\/625","targetHints":{"allow":["GET"]}}],"collection":[{"href":"https:\/\/www.taekwondo-hambruecken.de\/index.php\/wp-json\/wp\/v2\/pages"}],"about":[{"href":"https:\/\/www.taekwondo-hambruecken.de\/index.php\/wp-json\/wp\/v2\/types\/page"}],"author":[{"embeddable":true,"href":"https:\/\/www.taekwondo-hambruecken.de\/index.php\/wp-json\/wp\/v2\/users\/1"}],"replies":[{"embeddable":true,"href":"https:\/\/www.taekwondo-hambruecken.de\/index.php\/wp-json\/wp\/v2\/comments?post=625"}],"version-history":[{"count":4,"href":"https:\/\/www.taekwondo-hambruecken.de\/index.php\/wp-json\/wp\/v2\/pages\/625\/revisions"}],"predecessor-version":[{"id":1317,"href":"https:\/\/www.taekwondo-hambruecken.de\/index.php\/wp-json\/wp\/v2\/pages\/625\/revisions\/1317"}],"up":[{"embeddable":true,"href":"https:\/\/www.taekwondo-hambruecken.de\/index.php\/wp-json\/wp\/v2\/pages\/1169"}],"wp:attachment":[{"href":"https:\/\/www.taekwondo-hambruecken.de\/index.php\/wp-json\/wp\/v2\/media?parent=625"}],"curies":[{"name":"wp","href":"https:\/\/api.w.org\/{rel}","templated":true}]}}