{"id":614,"date":"2023-12-31T11:39:08","date_gmt":"2023-12-31T10:39:08","guid":{"rendered":"https:\/\/portal.taekwondo-hambruecken.de\/?page_id=614"},"modified":"2026-03-15T19:20:02","modified_gmt":"2026-03-15T18:20:02","slug":"marion-adam","status":"publish","type":"page","link":"https:\/\/www.taekwondo-hambruecken.de\/index.php\/trainer\/marion-adam\/","title":{"rendered":"Marion Adam (4. DAN)"},"content":{"rendered":"\n<div class=\"wp-block-media-text is-stacked-on-mobile is-vertically-aligned-top\" style=\"grid-template-columns:30% auto\"><figure class=\"wp-block-media-text__media\"><img loading=\"lazy\" decoding=\"async\" width=\"638\" height=\"800\" src=\"https:\/\/www.taekwondo-hambruecken.de\/wp-content\/uploads\/2023\/12\/trainer_adam_m-1.jpeg\" alt=\"\" class=\"wp-image-542 size-full\" srcset=\"https:\/\/www.taekwondo-hambruecken.de\/wp-content\/uploads\/2023\/12\/trainer_adam_m-1.jpeg 638w, https:\/\/www.taekwondo-hambruecken.de\/wp-content\/uploads\/2023\/12\/trainer_adam_m-1-239x300.jpeg 239w, https:\/\/www.taekwondo-hambruecken.de\/wp-content\/uploads\/2023\/12\/trainer_adam_m-1-1x1.jpeg 1w\" sizes=\"auto, (max-width: 638px) 100vw, 638px\" \/><\/figure><div class=\"wp-block-media-text__content\">\n<h3 class=\"wp-block-heading\">Lizenzen<\/h3>\n\n\n\n<p><strong>Trainer C Leistungssport Taekwondo<\/strong>&nbsp;(DOSB) seit 2018<br><strong>Coach Lizenz Kampf<\/strong> (TUBW)<strong><br>Landes-Kampfrichterin Poomsae<\/strong> (TUBW) seit 2023<\/p>\n\n\n\n<h3 class=\"wp-block-heading\">Aufgaben &amp; Auszeichnungen<\/h3>\n\n\n\n<p>Stellv. Jugendleiterin<br>Trainerin f\u00fcr Kinder und Jugend<br>Trainerin f\u00fcr Erwachsene (Technik und Poomsae)<br>Erfolgreiche Poomsae-L\u00e4uferin (siehe\u00a0<a href=\"https:\/\/www.taekwondo-hambruecken.de\/index.php\/wettkaempfer\/marion-adam\/\" data-type=\"page\" data-id=\"699\">Wettk\u00e4mpferprofil<\/a>)<\/p>\n\n\n\n<p>Taekwondo seit 2015<\/p>\n<\/div><\/div>\n\n\n\n<figure class=\"wp-block-gallery has-nested-images columns-default is-cropped wp-block-gallery-1 is-layout-flex wp-block-gallery-is-layout-flex\">\n<figure class=\"wp-block-image size-large\"><img loading=\"lazy\" decoding=\"async\" width=\"800\" height=\"449\" data-id=\"616\" src=\"https:\/\/www.taekwondo-hambruecken.de\/wp-content\/uploads\/2023\/12\/trainer_adam_m-2.jpeg\" alt=\"\" class=\"wp-image-616\" srcset=\"https:\/\/www.taekwondo-hambruecken.de\/wp-content\/uploads\/2023\/12\/trainer_adam_m-2.jpeg 800w, https:\/\/www.taekwondo-hambruecken.de\/wp-content\/uploads\/2023\/12\/trainer_adam_m-2-300x168.jpeg 300w, https:\/\/www.taekwondo-hambruecken.de\/wp-content\/uploads\/2023\/12\/trainer_adam_m-2-768x431.jpeg 768w, https:\/\/www.taekwondo-hambruecken.de\/wp-content\/uploads\/2023\/12\/trainer_adam_m-2-2x1.jpeg 2w, https:\/\/www.taekwondo-hambruecken.de\/wp-content\/uploads\/2023\/12\/trainer_adam_m-2-700x394.jpeg 700w\" sizes=\"auto, (max-width: 800px) 100vw, 800px\" \/><\/figure>\n\n\n\n<figure class=\"wp-block-image size-large\"><img loading=\"lazy\" decoding=\"async\" width=\"799\" height=\"447\" data-id=\"617\" src=\"https:\/\/www.taekwondo-hambruecken.de\/wp-content\/uploads\/2023\/12\/trainer_adam_m-3.jpeg\" alt=\"\" class=\"wp-image-617\" srcset=\"https:\/\/www.taekwondo-hambruecken.de\/wp-content\/uploads\/2023\/12\/trainer_adam_m-3.jpeg 799w, https:\/\/www.taekwondo-hambruecken.de\/wp-content\/uploads\/2023\/12\/trainer_adam_m-3-300x168.jpeg 300w, https:\/\/www.taekwondo-hambruecken.de\/wp-content\/uploads\/2023\/12\/trainer_adam_m-3-768x430.jpeg 768w, https:\/\/www.taekwondo-hambruecken.de\/wp-content\/uploads\/2023\/12\/trainer_adam_m-3-2x1.jpeg 2w\" sizes=\"auto, (max-width: 799px) 100vw, 799px\" \/><\/figure>\n<\/figure>\n\n\n\n<p><\/p>\n","protected":false},"excerpt":{"rendered":"<p>Lizenzen Trainer C Leistungssport Taekwondo&nbsp;(DOSB) seit 2018Coach Lizenz Kampf (TUBW)Landes-Kampfrichterin Poomsae (TUBW) seit 2023 Aufgaben &amp; Auszeichnungen Stellv. JugendleiterinTrainerin f\u00fcr Kinder und JugendTrainerin f\u00fcr Erwachsene (Technik und Poomsae)Erfolgreiche Poomsae-L\u00e4uferin (siehe\u00a0Wettk\u00e4mpferprofil) Taekwondo seit 2015<\/p>\n","protected":false},"author":1,"featured_media":0,"parent":521,"menu_order":12,"comment_status":"closed","ping_status":"closed","template":"","meta":{"footnotes":""},"class_list":["post-614","page","type-page","status-publish","hentry"],"_links":{"self":[{"href":"https:\/\/www.taekwondo-hambruecken.de\/index.php\/wp-json\/wp\/v2\/pages\/614","targetHints":{"allow":["GET"]}}],"collection":[{"href":"https:\/\/www.taekwondo-hambruecken.de\/index.php\/wp-json\/wp\/v2\/pages"}],"about":[{"href":"https:\/\/www.taekwondo-hambruecken.de\/index.php\/wp-json\/wp\/v2\/types\/page"}],"author":[{"embeddable":true,"href":"https:\/\/www.taekwondo-hambruecken.de\/index.php\/wp-json\/wp\/v2\/users\/1"}],"replies":[{"embeddable":true,"href":"https:\/\/www.taekwondo-hambruecken.de\/index.php\/wp-json\/wp\/v2\/comments?post=614"}],"version-history":[{"count":12,"href":"https:\/\/www.taekwondo-hambruecken.de\/index.php\/wp-json\/wp\/v2\/pages\/614\/revisions"}],"predecessor-version":[{"id":2743,"href":"https:\/\/www.taekwondo-hambruecken.de\/index.php\/wp-json\/wp\/v2\/pages\/614\/revisions\/2743"}],"up":[{"embeddable":true,"href":"https:\/\/www.taekwondo-hambruecken.de\/index.php\/wp-json\/wp\/v2\/pages\/521"}],"wp:attachment":[{"href":"https:\/\/www.taekwondo-hambruecken.de\/index.php\/wp-json\/wp\/v2\/media?parent=614"}],"curies":[{"name":"wp","href":"https:\/\/api.w.org\/{rel}","templated":true}]}}