{"id":610,"date":"2023-12-31T11:34:39","date_gmt":"2023-12-31T10:34:39","guid":{"rendered":"https:\/\/portal.taekwondo-hambruecken.de\/?page_id=610"},"modified":"2025-06-14T11:29:37","modified_gmt":"2025-06-14T09:29:37","slug":"karin-kraemer-mager-gymwelt","status":"publish","type":"page","link":"https:\/\/www.taekwondo-hambruecken.de\/index.php\/trainer\/karin-kraemer-mager-gymwelt\/","title":{"rendered":"Karin Kr\u00e4mer-Mager (GYMWELT)"},"content":{"rendered":"\n<div class=\"wp-block-media-text is-stacked-on-mobile\" style=\"grid-template-columns:36% auto\"><figure class=\"wp-block-media-text__media\"><img loading=\"lazy\" decoding=\"async\" width=\"576\" height=\"1024\" src=\"https:\/\/www.taekwondo-hambruecken.de\/wp-content\/uploads\/2025\/06\/Karin-Kraemer-Mager_11Juni2025_19-47-00_a_MRies_1280x800-576x1024.jpg\" alt=\"\" class=\"wp-image-2548 size-full\" srcset=\"https:\/\/www.taekwondo-hambruecken.de\/wp-content\/uploads\/2025\/06\/Karin-Kraemer-Mager_11Juni2025_19-47-00_a_MRies_1280x800-576x1024.jpg 576w, https:\/\/www.taekwondo-hambruecken.de\/wp-content\/uploads\/2025\/06\/Karin-Kraemer-Mager_11Juni2025_19-47-00_a_MRies_1280x800-169x300.jpg 169w, https:\/\/www.taekwondo-hambruecken.de\/wp-content\/uploads\/2025\/06\/Karin-Kraemer-Mager_11Juni2025_19-47-00_a_MRies_1280x800-768x1365.jpg 768w, https:\/\/www.taekwondo-hambruecken.de\/wp-content\/uploads\/2025\/06\/Karin-Kraemer-Mager_11Juni2025_19-47-00_a_MRies_1280x800-864x1536.jpg 864w, https:\/\/www.taekwondo-hambruecken.de\/wp-content\/uploads\/2025\/06\/Karin-Kraemer-Mager_11Juni2025_19-47-00_a_MRies_1280x800-1152x2048.jpg 1152w, https:\/\/www.taekwondo-hambruecken.de\/wp-content\/uploads\/2025\/06\/Karin-Kraemer-Mager_11Juni2025_19-47-00_a_MRies_1280x800-1x1.jpg 1w, https:\/\/www.taekwondo-hambruecken.de\/wp-content\/uploads\/2025\/06\/Karin-Kraemer-Mager_11Juni2025_19-47-00_a_MRies_1280x800.jpg 1280w\" sizes=\"auto, (max-width: 576px) 100vw, 576px\" \/><\/figure><div class=\"wp-block-media-text__content\">\n<h2 class=\"wp-block-heading\">Lizenzen<\/h2>\n\n\n\n<p><strong>DOSB-Lizenz C  Breitensport Fitness + Gesundheit<\/strong><\/p>\n\n\n\n<p><strong>DOSB-Lizenz C  Aerobic<\/strong> seit 2002 \/ 2003<\/p>\n\n\n\n<p><strong>DOSB-Lizenz B  Pr\u00e4vention<\/strong>: &#8211; Haltung + Bewegung, &#8211; Herz-Kreislauf, &#8211; Entspannung;<\/p>\n\n\n\n<p><strong>DTB-Trainer-Lizenz Pilates<\/strong><\/p>\n\n\n\n<h2 class=\"wp-block-heading\">Zertifikate<\/h2>\n\n\n\n<p><strong>DTB Beckenbodentrainerin<\/strong><\/p>\n\n\n\n<p><strong>DTB Aroha-Instructor<\/strong><\/p>\n\n\n\n<p><strong>Aktives R\u00fcckentraining<\/strong><\/p>\n<\/div><\/div>\n\n\n\n<p class=\"has-text-align-center\">&#8212;&#8212;&#8212;-   &#8212;&#8212;&#8212;-   &#8212;&#8212;&#8212;&#8211;   &#8212;&#8212;&#8212;-   &#8212;&#8212;&#8212;-   &#8212;&#8212;&#8212;-   &#8212;&#8212;&#8212;-   &#8212;&#8212;&#8212;-   &#8212;&#8212;&#8212;-<\/p>\n\n\n\n<div class=\"wp-block-media-text is-stacked-on-mobile\" style=\"grid-template-columns:35% auto\"><figure class=\"wp-block-media-text__media\"><img loading=\"lazy\" decoding=\"async\" width=\"896\" height=\"1024\" src=\"https:\/\/www.taekwondo-hambruecken.de\/wp-content\/uploads\/2025\/06\/Karin-Kraemer-Mager_11Juni2025_19-46-02_a_MRies_1000x1100-896x1024.jpg\" alt=\"\" class=\"wp-image-2517 size-full\" srcset=\"https:\/\/www.taekwondo-hambruecken.de\/wp-content\/uploads\/2025\/06\/Karin-Kraemer-Mager_11Juni2025_19-46-02_a_MRies_1000x1100-896x1024.jpg 896w, https:\/\/www.taekwondo-hambruecken.de\/wp-content\/uploads\/2025\/06\/Karin-Kraemer-Mager_11Juni2025_19-46-02_a_MRies_1000x1100-263x300.jpg 263w, https:\/\/www.taekwondo-hambruecken.de\/wp-content\/uploads\/2025\/06\/Karin-Kraemer-Mager_11Juni2025_19-46-02_a_MRies_1000x1100-768x878.jpg 768w, https:\/\/www.taekwondo-hambruecken.de\/wp-content\/uploads\/2025\/06\/Karin-Kraemer-Mager_11Juni2025_19-46-02_a_MRies_1000x1100-1x1.jpg 1w, https:\/\/www.taekwondo-hambruecken.de\/wp-content\/uploads\/2025\/06\/Karin-Kraemer-Mager_11Juni2025_19-46-02_a_MRies_1000x1100.jpg 1024w\" sizes=\"auto, (max-width: 896px) 100vw, 896px\" \/><\/figure><div class=\"wp-block-media-text__content\">\n<h3 class=\"wp-block-heading\">Trainings-Angebote<\/h3>\n\n\n\n<p>ab 2002 donnerstags 20.30 h <strong>Bodystyling-Gruppe<\/strong>; <\/p>\n\n\n\n<p>ab 2003 montags 20.00 h <strong>&#8222;Fit + Gesund&#8220;-Gruppe<\/strong>; <\/p>\n\n\n\n<p>in den folgenden Jahren bis 2005 Ausbildung zur <strong>Beckenbodentrainerin<\/strong>;<\/p>\n\n\n\n<p>seit 2010 <strong>DTB-Pilates-Trainer-Lizenz<\/strong><\/p>\n\n\n\n<p>nur in 10-st\u00fcndigen ausgeschriebenen Kursen: <strong>&#8222;M\u00e4nnersache &#8211; kraft- und ausdauerorientiertes Gesundheitssportprogramm&#8220;<\/strong><\/p>\n<\/div><\/div>\n\n\n\n<h2 class=\"wp-block-heading\">Die folgenden Angebote haben das G\u00fctesiegel &#8222;Pluspunkt  und Sport pro Gesundheit&#8220;:<\/h2>\n\n\n\n<ul class=\"wp-block-list\">\n<li>Breitensport Fitness + Gesundheit<\/li>\n\n\n\n<li>Aerobic<\/li>\n\n\n\n<li>Pr\u00e4vention: &#8211; Haltung + Bewegung, &#8211; Herz-Kreislauf, &#8211; Entspannung<\/li>\n\n\n\n<li>Pilates<\/li>\n\n\n\n<li>Ganzk\u00f6rperkr\u00e4ftigung und Beweglichkeit \u2013 sanft und effektiv<\/li>\n<\/ul>\n\n\n\n<h2 class=\"wp-block-heading\">Die folgenden Angebote sind ZPP-zertifiziert:<\/h2>\n\n\n\n<ul class=\"wp-block-list\">\n<li>&#8222;<em>Ganzk\u00f6rperkr\u00e4ftigung und Beweglichkeit \u2013 sanft und effektiv<\/em>&#8222;<\/li>\n\n\n\n<li>&#8222;<em>M\u00e4nnersache &#8211; kraft- und ausdauerorientiertes Gesundheitssportprogramm<\/em>&#8222;<\/li>\n<\/ul>\n\n\n\n<p><\/p>\n\n\n\n<div class=\"wp-block-media-text is-stacked-on-mobile\" style=\"grid-template-columns:41% auto\"><figure class=\"wp-block-media-text__media\"><img loading=\"lazy\" decoding=\"async\" width=\"502\" height=\"646\" src=\"https:\/\/www.taekwondo-hambruecken.de\/wp-content\/uploads\/2025\/06\/Guetesiegel-DSB-12-2024-12-2027_ak.jpg\" alt=\"\" class=\"wp-image-2518 size-full\" srcset=\"https:\/\/www.taekwondo-hambruecken.de\/wp-content\/uploads\/2025\/06\/Guetesiegel-DSB-12-2024-12-2027_ak.jpg 502w, https:\/\/www.taekwondo-hambruecken.de\/wp-content\/uploads\/2025\/06\/Guetesiegel-DSB-12-2024-12-2027_ak-233x300.jpg 233w, https:\/\/www.taekwondo-hambruecken.de\/wp-content\/uploads\/2025\/06\/Guetesiegel-DSB-12-2024-12-2027_ak-1x1.jpg 1w\" sizes=\"auto, (max-width: 502px) 100vw, 502px\" \/><\/figure><div class=\"wp-block-media-text__content\">\n<h2 class=\"wp-block-heading\">Auszeichnung<\/h2>\n\n\n\n<p><strong>2024 &#8211; 2027:<\/strong> <strong>G\u00fctesiegel PLUSPUNKT GESUNDHEIT und SPORT PRO GESUNDHEIT<\/strong> f\u00fcr Angebot &#8222;<em>M\u00e4nnersache &#8211; kraft- und ausdauerorientiertes Gesundheitssportprogramm<\/em>&#8222;.<\/p>\n\n\n\n<p><\/p>\n\n\n\n<p><\/p>\n<\/div><\/div>\n\n\n\n<div class=\"wp-block-media-text is-stacked-on-mobile\" style=\"grid-template-columns:41% auto\"><figure class=\"wp-block-media-text__media\"><img loading=\"lazy\" decoding=\"async\" width=\"400\" height=\"551\" src=\"https:\/\/www.taekwondo-hambruecken.de\/wp-content\/uploads\/2025\/06\/Zertifikat_Deutscher-Standard-Praevention_Dez-2024_KKraemer-Mager.jpg\" alt=\"\" class=\"wp-image-2519 size-full\" srcset=\"https:\/\/www.taekwondo-hambruecken.de\/wp-content\/uploads\/2025\/06\/Zertifikat_Deutscher-Standard-Praevention_Dez-2024_KKraemer-Mager.jpg 400w, https:\/\/www.taekwondo-hambruecken.de\/wp-content\/uploads\/2025\/06\/Zertifikat_Deutscher-Standard-Praevention_Dez-2024_KKraemer-Mager-218x300.jpg 218w, https:\/\/www.taekwondo-hambruecken.de\/wp-content\/uploads\/2025\/06\/Zertifikat_Deutscher-Standard-Praevention_Dez-2024_KKraemer-Mager-1x1.jpg 1w\" sizes=\"auto, (max-width: 400px) 100vw, 400px\" \/><\/figure><div class=\"wp-block-media-text__content\">\n<h2 class=\"wp-block-heading\">Auszeichnung<\/h2>\n\n\n\n<p><strong>Dezember 2024: Siegel &#8222;Deutscher Standard Pr\u00e4vention&#8220; der Zentralen Pr\u00fcfstelle Pr\u00e4vention (ZPP)<\/strong> f\u00fcr Angebot &#8222;<em>M\u00e4nnersache &#8211; kraft- und ausdauerorientiertes Gesundheitssportprogramm<\/em>&#8222;.<\/p>\n<\/div><\/div>\n\n\n\n<div class=\"wp-block-media-text is-stacked-on-mobile\" style=\"grid-template-columns:41% auto\"><figure class=\"wp-block-media-text__media\"><img loading=\"lazy\" decoding=\"async\" width=\"400\" height=\"552\" src=\"https:\/\/www.taekwondo-hambruecken.de\/wp-content\/uploads\/2025\/06\/Zertifikat_Deutscher-Standard-Praevention_Herrenfitness_KKraemer-Mager.jpg\" alt=\"\" class=\"wp-image-2530 size-full\" srcset=\"https:\/\/www.taekwondo-hambruecken.de\/wp-content\/uploads\/2025\/06\/Zertifikat_Deutscher-Standard-Praevention_Herrenfitness_KKraemer-Mager.jpg 400w, https:\/\/www.taekwondo-hambruecken.de\/wp-content\/uploads\/2025\/06\/Zertifikat_Deutscher-Standard-Praevention_Herrenfitness_KKraemer-Mager-217x300.jpg 217w, https:\/\/www.taekwondo-hambruecken.de\/wp-content\/uploads\/2025\/06\/Zertifikat_Deutscher-Standard-Praevention_Herrenfitness_KKraemer-Mager-1x1.jpg 1w\" sizes=\"auto, (max-width: 400px) 100vw, 400px\" \/><\/figure><div class=\"wp-block-media-text__content\">\n<h2 class=\"wp-block-heading\">Auszeichnung<\/h2>\n\n\n\n<p><strong>Dez 2024 &#8211; Dez 2027: Siegel &#8222;Deutscher Standard Pr\u00e4vention&#8220; der Zentralen Pr\u00fcfstelle Pr\u00e4vention (ZPP)<\/strong> f\u00fcr Angebot &#8222;<em>Ganzk\u00f6rperkr\u00e4ftigung und Beweglichkeit \u2013 sanft und effektiv<\/em>&#8222;.<\/p>\n<\/div><\/div>\n","protected":false},"excerpt":{"rendered":"<p>Lizenzen DOSB-Lizenz C Breitensport Fitness + Gesundheit DOSB-Lizenz C Aerobic seit 2002 \/ 2003 DOSB-Lizenz B Pr\u00e4vention: &#8211; Haltung + Bewegung, &#8211; Herz-Kreislauf, &#8211; Entspannung; DTB-Trainer-Lizenz Pilates Zertifikate DTB Beckenbodentrainerin DTB Aroha-Instructor Aktives R\u00fcckentraining &#8212;&#8212;&#8212;- &#8212;&#8212;&#8212;- &#8212;&#8212;&#8212;&#8211; &#8212;&#8212;&#8212;- &#8212;&#8212;&#8212;- &#8212;&#8212;&#8212;- &#8212;&#8212;&#8212;- &#8212;&#8212;&#8212;- &#8212;&#8212;&#8212;- Trainings-Angebote ab 2002 donnerstags 20.30 h Bodystyling-Gruppe; ab 2003 montags 20.00 h [&hellip;]<\/p>\n","protected":false},"author":1,"featured_media":0,"parent":521,"menu_order":3,"comment_status":"closed","ping_status":"closed","template":"","meta":{"footnotes":""},"class_list":["post-610","page","type-page","status-publish","hentry"],"_links":{"self":[{"href":"https:\/\/www.taekwondo-hambruecken.de\/index.php\/wp-json\/wp\/v2\/pages\/610","targetHints":{"allow":["GET"]}}],"collection":[{"href":"https:\/\/www.taekwondo-hambruecken.de\/index.php\/wp-json\/wp\/v2\/pages"}],"about":[{"href":"https:\/\/www.taekwondo-hambruecken.de\/index.php\/wp-json\/wp\/v2\/types\/page"}],"author":[{"embeddable":true,"href":"https:\/\/www.taekwondo-hambruecken.de\/index.php\/wp-json\/wp\/v2\/users\/1"}],"replies":[{"embeddable":true,"href":"https:\/\/www.taekwondo-hambruecken.de\/index.php\/wp-json\/wp\/v2\/comments?post=610"}],"version-history":[{"count":16,"href":"https:\/\/www.taekwondo-hambruecken.de\/index.php\/wp-json\/wp\/v2\/pages\/610\/revisions"}],"predecessor-version":[{"id":2554,"href":"https:\/\/www.taekwondo-hambruecken.de\/index.php\/wp-json\/wp\/v2\/pages\/610\/revisions\/2554"}],"up":[{"embeddable":true,"href":"https:\/\/www.taekwondo-hambruecken.de\/index.php\/wp-json\/wp\/v2\/pages\/521"}],"wp:attachment":[{"href":"https:\/\/www.taekwondo-hambruecken.de\/index.php\/wp-json\/wp\/v2\/media?parent=610"}],"curies":[{"name":"wp","href":"https:\/\/api.w.org\/{rel}","templated":true}]}}