{"id":605,"date":"2023-12-31T11:31:16","date_gmt":"2023-12-31T10:31:16","guid":{"rendered":"https:\/\/portal.taekwondo-hambruecken.de\/?page_id=605"},"modified":"2024-01-03T12:19:52","modified_gmt":"2024-01-03T11:19:52","slug":"michael-futterlieb-3-dan","status":"publish","type":"page","link":"https:\/\/www.taekwondo-hambruecken.de\/index.php\/ehemalige\/michael-futterlieb-3-dan\/","title":{"rendered":"Michael Futterlieb (3. DAN)"},"content":{"rendered":"\n<div class=\"wp-block-media-text is-stacked-on-mobile is-vertically-aligned-top\" style=\"grid-template-columns:30% auto\"><figure class=\"wp-block-media-text__media\"><img loading=\"lazy\" decoding=\"async\" width=\"640\" height=\"800\" src=\"https:\/\/www.taekwondo-hambruecken.de\/wp-content\/uploads\/2023\/12\/trainer_futterlieb_m-1.jpeg\" alt=\"\" class=\"wp-image-552 size-full\" srcset=\"https:\/\/www.taekwondo-hambruecken.de\/wp-content\/uploads\/2023\/12\/trainer_futterlieb_m-1.jpeg 640w, https:\/\/www.taekwondo-hambruecken.de\/wp-content\/uploads\/2023\/12\/trainer_futterlieb_m-1-240x300.jpeg 240w, https:\/\/www.taekwondo-hambruecken.de\/wp-content\/uploads\/2023\/12\/trainer_futterlieb_m-1-1x1.jpeg 1w\" sizes=\"auto, (max-width: 640px) 100vw, 640px\" \/><\/figure><div class=\"wp-block-media-text__content\">\n<h3 class=\"wp-block-heading\">Lizenzen<\/h3>\n\n\n\n<p>Trainer-B (DOSB)<br>Trainer-C (DOSB)<br>Coach-Lizenz<\/p>\n\n\n\n<h3 class=\"wp-block-heading\"><\/h3>\n<\/div><\/div>\n\n\n\n<p><\/p>\n\n\n\n<div class=\"wp-block-media-text is-stacked-on-mobile is-vertically-aligned-top\" style=\"grid-template-columns:30% auto\"><figure class=\"wp-block-media-text__media\"><img loading=\"lazy\" decoding=\"async\" width=\"800\" height=\"536\" src=\"https:\/\/www.taekwondo-hambruecken.de\/wp-content\/uploads\/2023\/12\/trainer_futterlieb_m-2.jpeg\" alt=\"\" class=\"wp-image-607 size-full\" srcset=\"https:\/\/www.taekwondo-hambruecken.de\/wp-content\/uploads\/2023\/12\/trainer_futterlieb_m-2.jpeg 800w, https:\/\/www.taekwondo-hambruecken.de\/wp-content\/uploads\/2023\/12\/trainer_futterlieb_m-2-300x201.jpeg 300w, https:\/\/www.taekwondo-hambruecken.de\/wp-content\/uploads\/2023\/12\/trainer_futterlieb_m-2-768x515.jpeg 768w, https:\/\/www.taekwondo-hambruecken.de\/wp-content\/uploads\/2023\/12\/trainer_futterlieb_m-2-1x1.jpeg 1w\" sizes=\"auto, (max-width: 800px) 100vw, 800px\" \/><\/figure><div class=\"wp-block-media-text__content\">\n<p>Taekwondo ab 1992<\/p>\n<\/div><\/div>\n\n\n\n<p><\/p>\n\n\n\n<div class=\"wp-block-media-text is-stacked-on-mobile is-vertically-aligned-top\" style=\"grid-template-columns:30% auto\"><figure class=\"wp-block-media-text__media\"><img loading=\"lazy\" decoding=\"async\" width=\"610\" height=\"800\" src=\"https:\/\/www.taekwondo-hambruecken.de\/wp-content\/uploads\/2023\/12\/trainer_futterlieb_m-3.jpeg\" alt=\"\" class=\"wp-image-608 size-full\" srcset=\"https:\/\/www.taekwondo-hambruecken.de\/wp-content\/uploads\/2023\/12\/trainer_futterlieb_m-3.jpeg 610w, https:\/\/www.taekwondo-hambruecken.de\/wp-content\/uploads\/2023\/12\/trainer_futterlieb_m-3-229x300.jpeg 229w, https:\/\/www.taekwondo-hambruecken.de\/wp-content\/uploads\/2023\/12\/trainer_futterlieb_m-3-1x1.jpeg 1w\" sizes=\"auto, (max-width: 610px) 100vw, 610px\" \/><\/figure><div class=\"wp-block-media-text__content\">\n<p><\/p>\n<\/div><\/div>\n\n\n\n<h3 class=\"wp-block-heading\">K\u00e4mpferprofil<\/h3>\n\n\n\n<ul class=\"wp-block-list\">\n<li>Gewichtsklasse: Schwergewicht<\/li>\n\n\n\n<li>Trainer B, C, Coach- Lizenz<\/li>\n<\/ul>\n\n\n\n<figure class=\"wp-block-gallery has-nested-images columns-default is-cropped wp-block-gallery-1 is-layout-flex wp-block-gallery-is-layout-flex\">\n<figure class=\"wp-block-image size-large\"><img loading=\"lazy\" decoding=\"async\" width=\"800\" height=\"633\" data-id=\"671\" src=\"https:\/\/www.taekwondo-hambruecken.de\/wp-content\/uploads\/2023\/12\/wettk_futterlieb_m-3.jpeg\" alt=\"\" class=\"wp-image-671\" srcset=\"https:\/\/www.taekwondo-hambruecken.de\/wp-content\/uploads\/2023\/12\/wettk_futterlieb_m-3.jpeg 800w, https:\/\/www.taekwondo-hambruecken.de\/wp-content\/uploads\/2023\/12\/wettk_futterlieb_m-3-300x237.jpeg 300w, https:\/\/www.taekwondo-hambruecken.de\/wp-content\/uploads\/2023\/12\/wettk_futterlieb_m-3-768x608.jpeg 768w, https:\/\/www.taekwondo-hambruecken.de\/wp-content\/uploads\/2023\/12\/wettk_futterlieb_m-3-1x1.jpeg 1w\" sizes=\"auto, (max-width: 800px) 100vw, 800px\" \/><\/figure>\n\n\n\n<figure class=\"wp-block-image size-large\"><img loading=\"lazy\" decoding=\"async\" width=\"800\" height=\"537\" data-id=\"672\" src=\"https:\/\/www.taekwondo-hambruecken.de\/wp-content\/uploads\/2023\/12\/wettk_futterlieb_m-2.jpeg\" alt=\"\" class=\"wp-image-672\" srcset=\"https:\/\/www.taekwondo-hambruecken.de\/wp-content\/uploads\/2023\/12\/wettk_futterlieb_m-2.jpeg 800w, https:\/\/www.taekwondo-hambruecken.de\/wp-content\/uploads\/2023\/12\/wettk_futterlieb_m-2-300x201.jpeg 300w, https:\/\/www.taekwondo-hambruecken.de\/wp-content\/uploads\/2023\/12\/wettk_futterlieb_m-2-768x516.jpeg 768w, https:\/\/www.taekwondo-hambruecken.de\/wp-content\/uploads\/2023\/12\/wettk_futterlieb_m-2-1x1.jpeg 1w\" sizes=\"auto, (max-width: 800px) 100vw, 800px\" \/><\/figure>\n\n\n\n<figure class=\"wp-block-image size-large\"><img loading=\"lazy\" decoding=\"async\" width=\"624\" height=\"419\" data-id=\"673\" src=\"https:\/\/www.taekwondo-hambruecken.de\/wp-content\/uploads\/2023\/12\/wettk_futterlieb_m-1.jpeg\" alt=\"\" class=\"wp-image-673\" srcset=\"https:\/\/www.taekwondo-hambruecken.de\/wp-content\/uploads\/2023\/12\/wettk_futterlieb_m-1.jpeg 624w, https:\/\/www.taekwondo-hambruecken.de\/wp-content\/uploads\/2023\/12\/wettk_futterlieb_m-1-300x201.jpeg 300w, https:\/\/www.taekwondo-hambruecken.de\/wp-content\/uploads\/2023\/12\/wettk_futterlieb_m-1-1x1.jpeg 1w\" sizes=\"auto, (max-width: 624px) 100vw, 624px\" \/><\/figure>\n<\/figure>\n\n\n\n<h3 class=\"wp-block-heading\">Alle Erfolge<\/h3>\n\n\n\n<figure class=\"wp-block-table\"><table><tbody><tr><th>Turnier<\/th><th>Jahr<\/th><th>Platz<\/th><\/tr><tr><td colspan=\"3\"><strong>Baden-W\u00fcrttembergische<\/strong><\/td><\/tr><tr><td>Bad.-W\u00fcrttembergische Meisterschaft Vollkontakt<\/td><td>1998<\/td><td>3<\/td><\/tr><tr><td>Baden-W\u00fcrttembergische Meisterschaft<\/td><td>1997<\/td><td>2<\/td><\/tr><tr><td>Baden-W\u00fcrttembergische Meisterschaft<\/td><td>1996<\/td><td>2<\/td><\/tr><tr><td colspan=\"3\"><strong>Badische<\/strong><\/td><\/tr><tr><td>Badische Meisterschaft<\/td><td>1997<\/td><td>3<\/td><\/tr><tr><td>Badische Meisterschaft Vollkontakt<\/td><td>1996<\/td><td>1<\/td><\/tr><tr><td>Badische Meisterschaft<\/td><td>1995<\/td><td>2<\/td><\/tr><tr><td colspan=\"3\"><strong>(Int.) Turnier<\/strong><\/td><\/tr><tr><td>Schwarzwald Pokal<\/td><td>1996<\/td><td>1<\/td><\/tr><\/tbody><\/table><\/figure>\n","protected":false},"excerpt":{"rendered":"<p>Lizenzen Trainer-B (DOSB)Trainer-C (DOSB)Coach-Lizenz Taekwondo ab 1992 K\u00e4mpferprofil Alle Erfolge Turnier Jahr Platz Baden-W\u00fcrttembergische Bad.-W\u00fcrttembergische Meisterschaft Vollkontakt 1998 3 Baden-W\u00fcrttembergische Meisterschaft 1997 2 Baden-W\u00fcrttembergische Meisterschaft 1996 2 Badische Badische Meisterschaft 1997 3 Badische Meisterschaft Vollkontakt 1996 1 Badische Meisterschaft 1995 2 (Int.) Turnier Schwarzwald Pokal 1996 1<\/p>\n","protected":false},"author":1,"featured_media":0,"parent":1169,"menu_order":0,"comment_status":"closed","ping_status":"closed","template":"","meta":{"footnotes":""},"class_list":["post-605","page","type-page","status-publish","hentry"],"_links":{"self":[{"href":"https:\/\/www.taekwondo-hambruecken.de\/index.php\/wp-json\/wp\/v2\/pages\/605","targetHints":{"allow":["GET"]}}],"collection":[{"href":"https:\/\/www.taekwondo-hambruecken.de\/index.php\/wp-json\/wp\/v2\/pages"}],"about":[{"href":"https:\/\/www.taekwondo-hambruecken.de\/index.php\/wp-json\/wp\/v2\/types\/page"}],"author":[{"embeddable":true,"href":"https:\/\/www.taekwondo-hambruecken.de\/index.php\/wp-json\/wp\/v2\/users\/1"}],"replies":[{"embeddable":true,"href":"https:\/\/www.taekwondo-hambruecken.de\/index.php\/wp-json\/wp\/v2\/comments?post=605"}],"version-history":[{"count":5,"href":"https:\/\/www.taekwondo-hambruecken.de\/index.php\/wp-json\/wp\/v2\/pages\/605\/revisions"}],"predecessor-version":[{"id":1173,"href":"https:\/\/www.taekwondo-hambruecken.de\/index.php\/wp-json\/wp\/v2\/pages\/605\/revisions\/1173"}],"up":[{"embeddable":true,"href":"https:\/\/www.taekwondo-hambruecken.de\/index.php\/wp-json\/wp\/v2\/pages\/1169"}],"wp:attachment":[{"href":"https:\/\/www.taekwondo-hambruecken.de\/index.php\/wp-json\/wp\/v2\/media?parent=605"}],"curies":[{"name":"wp","href":"https:\/\/api.w.org\/{rel}","templated":true}]}}