{"id":599,"date":"2023-12-31T11:27:11","date_gmt":"2023-12-31T10:27:11","guid":{"rendered":"https:\/\/portal.taekwondo-hambruecken.de\/?page_id=599"},"modified":"2024-01-03T11:55:27","modified_gmt":"2024-01-03T10:55:27","slug":"tibor-stanzel-3-dan","status":"publish","type":"page","link":"https:\/\/www.taekwondo-hambruecken.de\/index.php\/ehemalige\/tibor-stanzel-3-dan\/","title":{"rendered":"Tibor Stanzel (3. DAN)"},"content":{"rendered":"\n<div class=\"wp-block-media-text is-stacked-on-mobile is-vertically-aligned-top\" style=\"grid-template-columns:30% auto\"><figure class=\"wp-block-media-text__media\"><img loading=\"lazy\" decoding=\"async\" width=\"445\" height=\"637\" src=\"https:\/\/www.taekwondo-hambruecken.de\/wp-content\/uploads\/2023\/12\/trainer_stanzel_t-1.jpeg\" alt=\"\" class=\"wp-image-554 size-full\" srcset=\"https:\/\/www.taekwondo-hambruecken.de\/wp-content\/uploads\/2023\/12\/trainer_stanzel_t-1.jpeg 445w, https:\/\/www.taekwondo-hambruecken.de\/wp-content\/uploads\/2023\/12\/trainer_stanzel_t-1-210x300.jpeg 210w, https:\/\/www.taekwondo-hambruecken.de\/wp-content\/uploads\/2023\/12\/trainer_stanzel_t-1-1x1.jpeg 1w\" sizes=\"auto, (max-width: 445px) 100vw, 445px\" \/><\/figure><div class=\"wp-block-media-text__content\">\n<h3 class=\"wp-block-heading\">Lizenzen<\/h3>\n\n\n\n<p>Trainer B-Lizenz (DOSB)<\/p>\n\n\n\n<h3 class=\"wp-block-heading\">Aufgaben &amp; Auszeichnungen<\/h3>\n\n\n\n<p>Trainer f\u00fcr das Erwachsenentraining<br>Poomsael\u00e4ufer in Team-Disziplinen seit 2009<\/p>\n<\/div><\/div>\n\n\n\n<p><\/p>\n\n\n\n<div class=\"wp-block-media-text is-stacked-on-mobile is-vertically-aligned-top\" style=\"grid-template-columns:30% auto\"><figure class=\"wp-block-media-text__media\"><img loading=\"lazy\" decoding=\"async\" width=\"800\" height=\"574\" src=\"https:\/\/www.taekwondo-hambruecken.de\/wp-content\/uploads\/2023\/12\/trainer_stanzel_t-2.jpeg\" alt=\"\" class=\"wp-image-600 size-full\" srcset=\"https:\/\/www.taekwondo-hambruecken.de\/wp-content\/uploads\/2023\/12\/trainer_stanzel_t-2.jpeg 800w, https:\/\/www.taekwondo-hambruecken.de\/wp-content\/uploads\/2023\/12\/trainer_stanzel_t-2-300x215.jpeg 300w, https:\/\/www.taekwondo-hambruecken.de\/wp-content\/uploads\/2023\/12\/trainer_stanzel_t-2-768x551.jpeg 768w, https:\/\/www.taekwondo-hambruecken.de\/wp-content\/uploads\/2023\/12\/trainer_stanzel_t-2-1x1.jpeg 1w\" sizes=\"auto, (max-width: 800px) 100vw, 800px\" \/><\/figure><div class=\"wp-block-media-text__content\">\n<p>Taekwondo seit 1982<\/p>\n<\/div><\/div>\n\n\n\n<p><\/p>\n\n\n\n<div class=\"wp-block-media-text is-stacked-on-mobile is-vertically-aligned-top\" style=\"grid-template-columns:30% auto\"><figure class=\"wp-block-media-text__media\"><img loading=\"lazy\" decoding=\"async\" width=\"655\" height=\"800\" src=\"https:\/\/www.taekwondo-hambruecken.de\/wp-content\/uploads\/2023\/12\/trainer_stanzel_t-3.jpeg\" alt=\"\" class=\"wp-image-601 size-full\" srcset=\"https:\/\/www.taekwondo-hambruecken.de\/wp-content\/uploads\/2023\/12\/trainer_stanzel_t-3.jpeg 655w, https:\/\/www.taekwondo-hambruecken.de\/wp-content\/uploads\/2023\/12\/trainer_stanzel_t-3-246x300.jpeg 246w, https:\/\/www.taekwondo-hambruecken.de\/wp-content\/uploads\/2023\/12\/trainer_stanzel_t-3-1x1.jpeg 1w\" sizes=\"auto, (max-width: 655px) 100vw, 655px\" \/><\/figure><div class=\"wp-block-media-text__content\">\n<p><\/p>\n<\/div><\/div>\n\n\n\n<h3 class=\"wp-block-heading\">Pers\u00f6nliche Erfolge<\/h3>\n\n\n\n<figure class=\"wp-block-table\"><table><tbody><tr><th>Turnier<\/th><th>Jahr<\/th><th>Platz<\/th><\/tr><tr><td colspan=\"3\"><strong>Baden-W\u00fcrttembergische<\/strong><\/td><\/tr><tr><td>Baden-W\u00fcrtt. Meisterschaft Poomsae 2011 &#8211; Mixed-Team 40+<\/td><td>2011<\/td><td>2<\/td><\/tr><tr><td>Baden-W\u00fcrtt. Meisterschaft Poomsae 2011 &#8211; Synchron Herren 40+<\/td><td>2011<\/td><td>2<\/td><\/tr><tr><td>Baden-W\u00fcrtt. Poomsae-Meisterschaft 2009 &#8211; Synchron Master m +40<\/td><td>2009<\/td><td>1<\/td><\/tr><tr><td>Baden-W\u00fcrttembergische Meisterschaft (Paarlauf)<\/td><td>1992<\/td><td>1<\/td><\/tr><tr><td>Baden-W\u00fcrttembergische Meisterschaft<\/td><td>1989<\/td><td>2<\/td><\/tr><tr><td>Baden-W\u00fcrttembergische Meisterschaft<\/td><td>1988<\/td><td>2<\/td><\/tr><tr><td colspan=\"3\"><strong>Badische<\/strong><\/td><\/tr><tr><td>Badische Meisterschaft Poomsae &#8211; Synchron m Sen. 2 30+<\/td><td>2015<\/td><td>1<\/td><\/tr><tr><td>Badische Meisterschaft Poomsae &#8211; Team m Sen. 2 30+<\/td><td>2015<\/td><td>1<\/td><\/tr><tr><td>Badische Meisterschaft Poomsae, Team m Master 2 50-59 J.<\/td><td>2014<\/td><td>1<\/td><\/tr><tr><td>Badische Meisterschaft Poomsae, Synchron m Master 2 50-59 J.<\/td><td>2014<\/td><td>2<\/td><\/tr><tr><td>Badische Meisterschaft Poomsae 2010 &#8211; 5er-Team Herren Master 40+<\/td><td>2010<\/td><td>1<\/td><\/tr><tr><td>Badische Meisterschaft Poomsae 2010 &#8211; Mixed-Team Master 40+<\/td><td>2010<\/td><td>2<\/td><\/tr><tr><td>Badische Meisterschaft Poomsae 2010 &#8211; Synchron Master m 40+<\/td><td>2010<\/td><td>2<\/td><\/tr><tr><td>Badische Poomsae-Meisterschaft 2009, 5er-Team Master +40 m<\/td><td>2009<\/td><td>1<\/td><\/tr><tr><td>Badische Poomsae-Meisterschaft 2009 &#8211; Synchron Master +40 m<\/td><td>2009<\/td><td>3<\/td><\/tr><tr><td>Badische Meisterschaft<\/td><td>1990<\/td><td>2<\/td><\/tr><tr><td>Nordbadische Meisterschaft<\/td><td>1989<\/td><td>1<\/td><\/tr><tr><td>Badische Meisterschaft<\/td><td>1989<\/td><td>2<\/td><\/tr><tr><td>Badische Meisterschaft<\/td><td>1988<\/td><td>1<\/td><\/tr><tr><td>Nordbadische Meisterschaft<\/td><td>1988<\/td><td>2<\/td><\/tr><tr><td>Badische Meisterschaft<\/td><td>1987<\/td><td>1<\/td><\/tr><tr><td colspan=\"3\"><strong>(Int.) Turnier<\/strong><\/td><\/tr><tr><td>Int. Park Pokal<\/td><td>1988<\/td><td>2<\/td><\/tr><tr><td>Vereinsmeisterschaft Wettkampf<\/td><td>1988<\/td><td>3<\/td><\/tr><\/tbody><\/table><\/figure>\n","protected":false},"excerpt":{"rendered":"<p>Lizenzen Trainer B-Lizenz (DOSB) Aufgaben &amp; Auszeichnungen Trainer f\u00fcr das ErwachsenentrainingPoomsael\u00e4ufer in Team-Disziplinen seit 2009 Taekwondo seit 1982 Pers\u00f6nliche Erfolge Turnier Jahr Platz Baden-W\u00fcrttembergische Baden-W\u00fcrtt. Meisterschaft Poomsae 2011 &#8211; Mixed-Team 40+ 2011 2 Baden-W\u00fcrtt. Meisterschaft Poomsae 2011 &#8211; Synchron Herren 40+ 2011 2 Baden-W\u00fcrtt. Poomsae-Meisterschaft 2009 &#8211; Synchron Master m +40 2009 1 Baden-W\u00fcrttembergische Meisterschaft [&hellip;]<\/p>\n","protected":false},"author":1,"featured_media":0,"parent":1169,"menu_order":30,"comment_status":"closed","ping_status":"closed","template":"","meta":{"footnotes":""},"class_list":["post-599","page","type-page","status-publish","hentry"],"_links":{"self":[{"href":"https:\/\/www.taekwondo-hambruecken.de\/index.php\/wp-json\/wp\/v2\/pages\/599","targetHints":{"allow":["GET"]}}],"collection":[{"href":"https:\/\/www.taekwondo-hambruecken.de\/index.php\/wp-json\/wp\/v2\/pages"}],"about":[{"href":"https:\/\/www.taekwondo-hambruecken.de\/index.php\/wp-json\/wp\/v2\/types\/page"}],"author":[{"embeddable":true,"href":"https:\/\/www.taekwondo-hambruecken.de\/index.php\/wp-json\/wp\/v2\/users\/1"}],"replies":[{"embeddable":true,"href":"https:\/\/www.taekwondo-hambruecken.de\/index.php\/wp-json\/wp\/v2\/comments?post=599"}],"version-history":[{"count":3,"href":"https:\/\/www.taekwondo-hambruecken.de\/index.php\/wp-json\/wp\/v2\/pages\/599\/revisions"}],"predecessor-version":[{"id":1077,"href":"https:\/\/www.taekwondo-hambruecken.de\/index.php\/wp-json\/wp\/v2\/pages\/599\/revisions\/1077"}],"up":[{"embeddable":true,"href":"https:\/\/www.taekwondo-hambruecken.de\/index.php\/wp-json\/wp\/v2\/pages\/1169"}],"wp:attachment":[{"href":"https:\/\/www.taekwondo-hambruecken.de\/index.php\/wp-json\/wp\/v2\/media?parent=599"}],"curies":[{"name":"wp","href":"https:\/\/api.w.org\/{rel}","templated":true}]}}