{"id":591,"date":"2023-12-31T11:19:23","date_gmt":"2023-12-31T10:19:23","guid":{"rendered":"https:\/\/portal.taekwondo-hambruecken.de\/?page_id=591"},"modified":"2024-01-05T00:44:30","modified_gmt":"2024-01-04T23:44:30","slug":"thorsten-ries-4-dan","status":"publish","type":"page","link":"https:\/\/www.taekwondo-hambruecken.de\/index.php\/trainer\/thorsten-ries-4-dan\/","title":{"rendered":"Thorsten Ries (4. DAN)"},"content":{"rendered":"\n<div class=\"wp-block-media-text is-stacked-on-mobile is-vertically-aligned-top\" style=\"grid-template-columns:30% auto\"><figure class=\"wp-block-media-text__media\"><img loading=\"lazy\" decoding=\"async\" width=\"607\" height=\"800\" src=\"https:\/\/www.taekwondo-hambruecken.de\/wp-content\/uploads\/2023\/12\/trainer_ries_t-1.jpeg\" alt=\"\" class=\"wp-image-546 size-full\" srcset=\"https:\/\/www.taekwondo-hambruecken.de\/wp-content\/uploads\/2023\/12\/trainer_ries_t-1.jpeg 607w, https:\/\/www.taekwondo-hambruecken.de\/wp-content\/uploads\/2023\/12\/trainer_ries_t-1-228x300.jpeg 228w, https:\/\/www.taekwondo-hambruecken.de\/wp-content\/uploads\/2023\/12\/trainer_ries_t-1-1x1.jpeg 1w\" sizes=\"auto, (max-width: 607px) 100vw, 607px\" \/><\/figure><div class=\"wp-block-media-text__content\">\n<h3 class=\"wp-block-heading\">Aufgaben &amp; Auszeichnungen<\/h3>\n\n\n\n<p>Trainer Erwachsene<\/p>\n<\/div><\/div>\n\n\n\n<p><\/p>\n\n\n\n<div class=\"wp-block-media-text is-stacked-on-mobile is-vertically-aligned-top\" style=\"grid-template-columns:30% auto\"><figure class=\"wp-block-media-text__media\"><img loading=\"lazy\" decoding=\"async\" width=\"587\" height=\"800\" src=\"https:\/\/www.taekwondo-hambruecken.de\/wp-content\/uploads\/2023\/12\/trainer_ries_t-2.jpeg\" alt=\"\" class=\"wp-image-592 size-full\" srcset=\"https:\/\/www.taekwondo-hambruecken.de\/wp-content\/uploads\/2023\/12\/trainer_ries_t-2.jpeg 587w, https:\/\/www.taekwondo-hambruecken.de\/wp-content\/uploads\/2023\/12\/trainer_ries_t-2-220x300.jpeg 220w, https:\/\/www.taekwondo-hambruecken.de\/wp-content\/uploads\/2023\/12\/trainer_ries_t-2-1x1.jpeg 1w\" sizes=\"auto, (max-width: 587px) 100vw, 587px\" \/><\/figure><div class=\"wp-block-media-text__content\">\n<p>Taekwondo seit 2008<\/p>\n<\/div><\/div>\n\n\n\n<p><\/p>\n\n\n\n<div class=\"wp-block-media-text is-stacked-on-mobile is-vertically-aligned-top\" style=\"grid-template-columns:30% auto\"><figure class=\"wp-block-media-text__media\"><img loading=\"lazy\" decoding=\"async\" width=\"488\" height=\"637\" src=\"https:\/\/www.taekwondo-hambruecken.de\/wp-content\/uploads\/2023\/12\/trainer_ries_t-3.jpeg\" alt=\"\" class=\"wp-image-593 size-full\" srcset=\"https:\/\/www.taekwondo-hambruecken.de\/wp-content\/uploads\/2023\/12\/trainer_ries_t-3.jpeg 488w, https:\/\/www.taekwondo-hambruecken.de\/wp-content\/uploads\/2023\/12\/trainer_ries_t-3-230x300.jpeg 230w, https:\/\/www.taekwondo-hambruecken.de\/wp-content\/uploads\/2023\/12\/trainer_ries_t-3-1x1.jpeg 1w\" sizes=\"auto, (max-width: 488px) 100vw, 488px\" \/><\/figure><div class=\"wp-block-media-text__content\">\n<p><\/p>\n<\/div><\/div>\n\n\n\n<h3 class=\"wp-block-heading\">Pers\u00f6nliche Erfolge<\/h3>\n\n\n\n<figure class=\"wp-block-table\"><table><tbody><tr><th>Turnier<\/th><th>Jahr<\/th><th>Platz<\/th><\/tr><tr><td colspan=\"3\"><strong>Internationale Deutsche<\/strong><\/td><\/tr><tr><td>WKU &#8211; Internationale Deutsche Meisterschaften<\/td><td>2013<\/td><td>1<\/td><\/tr><tr><td colspan=\"3\"><strong>Baden-W\u00fcrttembergische<\/strong><\/td><\/tr><tr><td>Baden-W\u00fcrtt. Meisterschaften Formen (Einzel)<\/td><td>2012<\/td><td>1<\/td><\/tr><tr><td>Baden-W\u00fcrtt. Meisterschaften Formen (Mixed-Team)<\/td><td>2012<\/td><td>1<\/td><\/tr><tr><td>Baden-W\u00fcrtt. Meisterschaften Formen (Synchron)<\/td><td>2012<\/td><td>1<\/td><\/tr><tr><td>Baden-W\u00fcrttembergische<\/td><td>2010<\/td><td>1<\/td><\/tr><tr><td>Baden-W\u00fcrttembergische<\/td><td>2010<\/td><td>1<\/td><\/tr><tr><td>Baden-W\u00fcrttembergische<\/td><td>2010<\/td><td>1<\/td><\/tr><tr><td>Baden-W\u00fcrttembergische<\/td><td>2010<\/td><td>3<\/td><\/tr><tr><td>Baden-W\u00fcrttembergische<\/td><td>2010<\/td><td>3<\/td><\/tr><tr><td>Baden-W\u00fcrttembergische<\/td><td>2010<\/td><td>3<\/td><\/tr><tr><td colspan=\"3\"><strong>Badische<\/strong><\/td><\/tr><tr><td>Badische Poomsae-Meisterschaft &#8211; Mixed-Team, Master 1: 40-49 J.<\/td><td>2017<\/td><td>1<\/td><\/tr><tr><td>Badische Poomsae-Meisterschaft &#8211; Synchron, Herren Master 1: 40-49 J.<\/td><td>2017<\/td><td>2<\/td><\/tr><tr><td>Badische Poomsae-Meisterschaft &#8211; Synchron, Herren Master 1: 40-49 J.<\/td><td>2017<\/td><td>2<\/td><\/tr><tr><td>Badische Meisterschaft Poomsae &#8211; Einzel, Master 1 40-44<\/td><td>2015<\/td><td>1<\/td><\/tr><tr><td>Badische Meisterschaft Poomsae &#8211; Synchron, m\u00e4nnlich Master 1: 40-49 J.<\/td><td>2015<\/td><td>1<\/td><\/tr><tr><td>Badische Meisterschaft Poomsae &#8211; Team, m\u00e4nnlich Master 1: ab 40 J.<\/td><td>2015<\/td><td>1<\/td><\/tr><tr><td>Badische Meisterschaft Poomsae &#8211; Einzel, Master 1 WOP 40-49<\/td><td>2015<\/td><td>2<\/td><\/tr><tr><td>Bad.-Meisterschaft Poomsae -Synchron<\/td><td>2014<\/td><td>1<\/td><\/tr><tr><td>Bad.-Meisterschaft Poomsae &#8211; Mixed<\/td><td>2014<\/td><td>2<\/td><\/tr><tr><td>Bad.-Meisterschaft Poomsae -Einzel WOP<\/td><td>2014<\/td><td>2<\/td><\/tr><tr><td>Badische Meisterschaft Poomsae (Team)<\/td><td>2013<\/td><td>1<\/td><\/tr><tr><td>Badische Meisterschaft Poomsae (Synchron)<\/td><td>2013<\/td><td>2<\/td><\/tr><tr><td>Badische Meisterschaft Formen (Synchron)<\/td><td>2012<\/td><td>1<\/td><\/tr><tr><td>Badische Meisterschaft Formen (Mixed-Team)<\/td><td>2012<\/td><td>2<\/td><\/tr><tr><td>Badische Meisterschaft Formen (Einzel)<\/td><td>2012<\/td><td>3<\/td><\/tr><tr><td>Badische Meisterschaft<\/td><td>2010<\/td><td>1<\/td><\/tr><tr><td>Badische Meisterschaft<\/td><td>2010<\/td><td>1<\/td><\/tr><tr><td>Badische Meisterschaft<\/td><td>2010<\/td><td>1<\/td><\/tr><tr><td>Badische Meisterschaft<\/td><td>2010<\/td><td>3<\/td><\/tr><tr><td>Badische Meisterschaft Formen (Einzel)<\/td><td>2009<\/td><td>1<\/td><\/tr><tr><td>Badische Meisterschaft Formen (Mixed)<\/td><td>2009<\/td><td>1<\/td><\/tr><tr><td>Badische Meisterschaft Formen (Paar)<\/td><td>2009<\/td><td>1<\/td><\/tr><tr><td>Badische Meisterschaft Formen (Synchron)<\/td><td>2009<\/td><td>1<\/td><\/tr><tr><td colspan=\"3\"><strong>(Int.) Turnier<\/strong><\/td><\/tr><tr><td>M\u00fchlacker Open Poomsae<\/td><td>2013<\/td><td>1<\/td><\/tr><tr><td>M\u00fchlacker Open Poomsae<\/td><td>2013<\/td><td>1<\/td><\/tr><tr><td>M\u00fchlacker Open Poomsae<\/td><td>2013<\/td><td>5<\/td><\/tr><tr><td>M\u00fchlacker Open<\/td><td>2010<\/td><td>2<\/td><\/tr><tr><td>M\u00fchlacker Open-Poomsae (Einzel)<\/td><td>2009<\/td><td>1<\/td><\/tr><tr><td>M\u00fchlacker Open-Poomsae (Paar)<\/td><td>2009<\/td><td>1<\/td><\/tr><\/tbody><\/table><\/figure>\n","protected":false},"excerpt":{"rendered":"<p>Aufgaben &amp; Auszeichnungen Trainer Erwachsene Taekwondo seit 2008 Pers\u00f6nliche Erfolge Turnier Jahr Platz Internationale Deutsche WKU &#8211; Internationale Deutsche Meisterschaften 2013 1 Baden-W\u00fcrttembergische Baden-W\u00fcrtt. Meisterschaften Formen (Einzel) 2012 1 Baden-W\u00fcrtt. Meisterschaften Formen (Mixed-Team) 2012 1 Baden-W\u00fcrtt. Meisterschaften Formen (Synchron) 2012 1 Baden-W\u00fcrttembergische 2010 1 Baden-W\u00fcrttembergische 2010 1 Baden-W\u00fcrttembergische 2010 1 Baden-W\u00fcrttembergische 2010 3 Baden-W\u00fcrttembergische 2010 [&hellip;]<\/p>\n","protected":false},"author":1,"featured_media":0,"parent":521,"menu_order":8,"comment_status":"closed","ping_status":"closed","template":"","meta":{"footnotes":""},"class_list":["post-591","page","type-page","status-publish","hentry"],"_links":{"self":[{"href":"https:\/\/www.taekwondo-hambruecken.de\/index.php\/wp-json\/wp\/v2\/pages\/591","targetHints":{"allow":["GET"]}}],"collection":[{"href":"https:\/\/www.taekwondo-hambruecken.de\/index.php\/wp-json\/wp\/v2\/pages"}],"about":[{"href":"https:\/\/www.taekwondo-hambruecken.de\/index.php\/wp-json\/wp\/v2\/types\/page"}],"author":[{"embeddable":true,"href":"https:\/\/www.taekwondo-hambruecken.de\/index.php\/wp-json\/wp\/v2\/users\/1"}],"replies":[{"embeddable":true,"href":"https:\/\/www.taekwondo-hambruecken.de\/index.php\/wp-json\/wp\/v2\/comments?post=591"}],"version-history":[{"count":2,"href":"https:\/\/www.taekwondo-hambruecken.de\/index.php\/wp-json\/wp\/v2\/pages\/591\/revisions"}],"predecessor-version":[{"id":1085,"href":"https:\/\/www.taekwondo-hambruecken.de\/index.php\/wp-json\/wp\/v2\/pages\/591\/revisions\/1085"}],"up":[{"embeddable":true,"href":"https:\/\/www.taekwondo-hambruecken.de\/index.php\/wp-json\/wp\/v2\/pages\/521"}],"wp:attachment":[{"href":"https:\/\/www.taekwondo-hambruecken.de\/index.php\/wp-json\/wp\/v2\/media?parent=591"}],"curies":[{"name":"wp","href":"https:\/\/api.w.org\/{rel}","templated":true}]}}