{"id":587,"date":"2023-12-31T11:13:09","date_gmt":"2023-12-31T10:13:09","guid":{"rendered":"https:\/\/portal.taekwondo-hambruecken.de\/?page_id=587"},"modified":"2025-08-27T17:56:44","modified_gmt":"2025-08-27T15:56:44","slug":"hartwig-david-4-dan","status":"publish","type":"page","link":"https:\/\/www.taekwondo-hambruecken.de\/index.php\/trainer\/hartwig-david-4-dan\/","title":{"rendered":"Hartwig David (5. DAN)"},"content":{"rendered":"\n<div class=\"wp-block-media-text is-stacked-on-mobile is-vertically-aligned-top\" style=\"grid-template-columns:30% auto\"><figure class=\"wp-block-media-text__media\"><img loading=\"lazy\" decoding=\"async\" width=\"715\" height=\"800\" src=\"https:\/\/www.taekwondo-hambruecken.de\/wp-content\/uploads\/2023\/12\/trainer_david_h-1.jpeg\" alt=\"\" class=\"wp-image-549 size-full\" srcset=\"https:\/\/www.taekwondo-hambruecken.de\/wp-content\/uploads\/2023\/12\/trainer_david_h-1.jpeg 715w, https:\/\/www.taekwondo-hambruecken.de\/wp-content\/uploads\/2023\/12\/trainer_david_h-1-268x300.jpeg 268w, https:\/\/www.taekwondo-hambruecken.de\/wp-content\/uploads\/2023\/12\/trainer_david_h-1-1x1.jpeg 1w\" sizes=\"auto, (max-width: 715px) 100vw, 715px\" \/><\/figure><div class=\"wp-block-media-text__content\">\n<h3 class=\"wp-block-heading\">Lizenzen<\/h3>\n\n\n\n<p>Trainer-C Lizenz<br>Coach-Lizenz<\/p>\n<\/div><\/div>\n\n\n\n<p><\/p>\n\n\n\n<div class=\"wp-block-media-text is-stacked-on-mobile is-vertically-aligned-top\" style=\"grid-template-columns:30% auto\"><figure class=\"wp-block-media-text__media\"><img loading=\"lazy\" decoding=\"async\" width=\"800\" height=\"450\" src=\"https:\/\/www.taekwondo-hambruecken.de\/wp-content\/uploads\/2023\/12\/trainer_david_h-2.jpeg\" alt=\"\" class=\"wp-image-588 size-full\" srcset=\"https:\/\/www.taekwondo-hambruecken.de\/wp-content\/uploads\/2023\/12\/trainer_david_h-2.jpeg 800w, https:\/\/www.taekwondo-hambruecken.de\/wp-content\/uploads\/2023\/12\/trainer_david_h-2-300x169.jpeg 300w, https:\/\/www.taekwondo-hambruecken.de\/wp-content\/uploads\/2023\/12\/trainer_david_h-2-768x432.jpeg 768w, https:\/\/www.taekwondo-hambruecken.de\/wp-content\/uploads\/2023\/12\/trainer_david_h-2-2x1.jpeg 2w, https:\/\/www.taekwondo-hambruecken.de\/wp-content\/uploads\/2023\/12\/trainer_david_h-2-700x394.jpeg 700w\" sizes=\"auto, (max-width: 800px) 100vw, 800px\" \/><\/figure><div class=\"wp-block-media-text__content\">\n<h3 class=\"wp-block-heading\"><\/h3>\n<\/div><\/div>\n\n\n\n<p><\/p>\n\n\n\n<div class=\"wp-block-media-text is-stacked-on-mobile is-vertically-aligned-top\" style=\"grid-template-columns:30% auto\"><figure class=\"wp-block-media-text__media\"><img loading=\"lazy\" decoding=\"async\" width=\"800\" height=\"450\" src=\"https:\/\/www.taekwondo-hambruecken.de\/wp-content\/uploads\/2023\/12\/trainer_david_h-3.jpeg\" alt=\"\" class=\"wp-image-589 size-full\" srcset=\"https:\/\/www.taekwondo-hambruecken.de\/wp-content\/uploads\/2023\/12\/trainer_david_h-3.jpeg 800w, https:\/\/www.taekwondo-hambruecken.de\/wp-content\/uploads\/2023\/12\/trainer_david_h-3-300x169.jpeg 300w, https:\/\/www.taekwondo-hambruecken.de\/wp-content\/uploads\/2023\/12\/trainer_david_h-3-768x432.jpeg 768w, https:\/\/www.taekwondo-hambruecken.de\/wp-content\/uploads\/2023\/12\/trainer_david_h-3-2x1.jpeg 2w, https:\/\/www.taekwondo-hambruecken.de\/wp-content\/uploads\/2023\/12\/trainer_david_h-3-700x394.jpeg 700w\" sizes=\"auto, (max-width: 800px) 100vw, 800px\" \/><\/figure><div class=\"wp-block-media-text__content\">\n<p>Taekwondo seit 2004<\/p>\n<\/div><\/div>\n\n\n\n<h3 class=\"wp-block-heading\">Pers\u00f6nliche Erfolge<\/h3>\n\n\n\n<figure class=\"wp-block-table\"><table><tbody><tr><th>Turnier<\/th><th>Jahr<\/th><th>Platz<\/th><\/tr><tr><td colspan=\"3\"><strong>Baden-W\u00fcrttembergische<\/strong><\/td><\/tr><tr><td>Baden-W\u00fcrtt. Meisterschaften Formen (Team)<\/td><td>2012<\/td><td>1<\/td><\/tr><tr><td>Baden-W\u00fcrtt. Meisterschaften Formen (Synchron)<\/td><td>2012<\/td><td>2<\/td><\/tr><tr><td>Baden-W\u00fcrtt. Meisterschaften Formen (Einzel)<\/td><td>2012<\/td><td>3<\/td><\/tr><tr><td>Baden-W\u00fcrtt. Meisterschaft Formen (Mixed-Team)<\/td><td>2011<\/td><td>2<\/td><\/tr><tr><td>Baden-W\u00fcrtt. Meisterschaft Formen (Synchron)<\/td><td>2011<\/td><td>2<\/td><\/tr><tr><td>Baden-W\u00fcrtt. Meisterschaft Formen (Einzel)<\/td><td>2011<\/td><td>3<\/td><\/tr><tr><td>Baden-W\u00fcrtt. Meisterschaft Poomsae-Team<\/td><td>2010<\/td><td>1<\/td><\/tr><tr><td>Baden-W\u00fcrtt. Meisterschaft Formen (Synchron)<\/td><td>2010<\/td><td>2<\/td><\/tr><tr><td>Baden-W\u00fcrtt. Meisterschaft Poomsae-Mixed<\/td><td>2010<\/td><td>2<\/td><\/tr><tr><td>Baden-W\u00fcrtt. Meisterschaft Formen (Einzel)<\/td><td>2010<\/td><td>3<\/td><\/tr><tr><td>Baden-W\u00fcrttembergische Poomsae Meisterschaften (Syncron)<\/td><td>2009<\/td><td>1<\/td><\/tr><tr><td>Baden-W\u00fcrttembergische Meisterschaft<\/td><td>2008<\/td><td>3<\/td><\/tr><tr><td>Baden-W\u00fcrttembergische Meisterschaft (2 Jg.)<\/td><td>2008<\/td><td>5<\/td><\/tr><tr><td>Baden-W\u00fcrttembergische Meisterschaft<\/td><td>2007<\/td><td>3<\/td><\/tr><tr><td>Baden-W\u00fcrtt. Meisterschaft Formenlauf<\/td><td>2006<\/td><td>2<\/td><\/tr><tr><td colspan=\"3\"><strong>Badische<\/strong><\/td><\/tr><tr><td>Bad.-Meisterschaft Poomsae -Team<\/td><td>2014<\/td><td>1<\/td><\/tr><tr><td>Bad.-Meisterschaft Poomsae -Einzel halbe Klasse<\/td><td>2014<\/td><td>2<\/td><\/tr><tr><td>Bad.-Meisterschaft Poomsae -Synchron<\/td><td>2014<\/td><td>2<\/td><\/tr><tr><td>Bad.-Meisterschaft Poomsae -Einzel WOP<\/td><td>2014<\/td><td>3<\/td><\/tr><tr><td>Badische Meisterschaft Poomsae (Team)<\/td><td>2013<\/td><td>1<\/td><\/tr><tr><td>Badische Meisterschaft Poomsae (Synchron)<\/td><td>2013<\/td><td>2<\/td><\/tr><tr><td>Bad.- Meisterschaft Poomsae-halbe Klasse<\/td><td>2012<\/td><td>1<\/td><\/tr><tr><td>Badische Meisterschaft Formen (Synchron)<\/td><td>2012<\/td><td>1<\/td><\/tr><tr><td>Badische Meisterschaft Formen (Mixed-Team)<\/td><td>2012<\/td><td>2<\/td><\/tr><tr><td>Bad.-Meisterschaft Poomsae -Einzel WOP<\/td><td>2012<\/td><td>3<\/td><\/tr><tr><td>Badische Meisterschaft Formen (Synchron)<\/td><td>2011<\/td><td>2<\/td><\/tr><tr><td>Badische Meisterschaft Formen \/ halbe Altersklasse<\/td><td>2011<\/td><td>2<\/td><\/tr><tr><td>Badische Meisterschaft Formen (Einzel)<\/td><td>2011<\/td><td>3<\/td><\/tr><tr><td>Badische Meisterschaft Formen (Paar)<\/td><td>2011<\/td><td>3<\/td><\/tr><tr><td>Badische Meisterschaft Formen (Mixed)<\/td><td>2009<\/td><td>3<\/td><\/tr><tr><td>Badische Meisterschaft Formen (Paar)<\/td><td>2009<\/td><td>3<\/td><\/tr><tr><td>Badische Meisterschaft Formen (Synchron)<\/td><td>2009<\/td><td>3<\/td><\/tr><tr><td>Badische Meisterschaft Formen (Einzel)<\/td><td>2009<\/td><td>5<\/td><\/tr><tr><td>Badische Meisterschaft<\/td><td>2008<\/td><td>3<\/td><\/tr><tr><td>Badische Meisterschaft (2 Jg.)<\/td><td>2008<\/td><td>3<\/td><\/tr><tr><td>Badische Meisterschaft (2 Jg.) (Formen) (Formenlauf) &#8211; Badische<\/td><td>2007<\/td><td>3<\/td><\/tr><tr><td>Badische Meisterschaft (Formen)<\/td><td>2007<\/td><td>3<\/td><\/tr><tr><td colspan=\"3\"><strong>(Int.) Turnier<\/strong><\/td><\/tr><tr><td>M\u00fchlacker Open Poomsae -Synchron<\/td><td>2013<\/td><td>1<\/td><\/tr><tr><td>M\u00fchlacker Open Poomsae -Team<\/td><td>2013<\/td><td>1<\/td><\/tr><tr><td>M\u00fchlacker Open Formen (Einzel)<\/td><td>2012<\/td><td>3<\/td><\/tr><tr><td>Int. Park Pokal-Poomsae (Paar)<\/td><td>2009<\/td><td>1<\/td><\/tr><tr><td>M\u00fchlacker Open (Formen)<\/td><td>2009<\/td><td>2<\/td><\/tr><tr><td>Int. Park Pokal Formen<\/td><td>2008<\/td><td>1<\/td><\/tr><tr><td>Int. Park Pokal<\/td><td>2007<\/td><td>1<\/td><\/tr><tr><td>M\u00fchlacker Open (Formen)<\/td><td>2007<\/td><td>3<\/td><\/tr><tr><td>Int. Park Pokal &#8211; Formenlauf<\/td><td>2006<\/td><td>1<\/td><\/tr><\/tbody><\/table><\/figure>\n","protected":false},"excerpt":{"rendered":"<p>Lizenzen Trainer-C LizenzCoach-Lizenz Taekwondo seit 2004 Pers\u00f6nliche Erfolge Turnier Jahr Platz Baden-W\u00fcrttembergische Baden-W\u00fcrtt. Meisterschaften Formen (Team) 2012 1 Baden-W\u00fcrtt. Meisterschaften Formen (Synchron) 2012 2 Baden-W\u00fcrtt. Meisterschaften Formen (Einzel) 2012 3 Baden-W\u00fcrtt. Meisterschaft Formen (Mixed-Team) 2011 2 Baden-W\u00fcrtt. Meisterschaft Formen (Synchron) 2011 2 Baden-W\u00fcrtt. Meisterschaft Formen (Einzel) 2011 3 Baden-W\u00fcrtt. Meisterschaft Poomsae-Team 2010 1 Baden-W\u00fcrtt. Meisterschaft [&hellip;]<\/p>\n","protected":false},"author":1,"featured_media":0,"parent":521,"menu_order":5,"comment_status":"closed","ping_status":"closed","template":"","meta":{"footnotes":""},"class_list":["post-587","page","type-page","status-publish","hentry"],"_links":{"self":[{"href":"https:\/\/www.taekwondo-hambruecken.de\/index.php\/wp-json\/wp\/v2\/pages\/587","targetHints":{"allow":["GET"]}}],"collection":[{"href":"https:\/\/www.taekwondo-hambruecken.de\/index.php\/wp-json\/wp\/v2\/pages"}],"about":[{"href":"https:\/\/www.taekwondo-hambruecken.de\/index.php\/wp-json\/wp\/v2\/types\/page"}],"author":[{"embeddable":true,"href":"https:\/\/www.taekwondo-hambruecken.de\/index.php\/wp-json\/wp\/v2\/users\/1"}],"replies":[{"embeddable":true,"href":"https:\/\/www.taekwondo-hambruecken.de\/index.php\/wp-json\/wp\/v2\/comments?post=587"}],"version-history":[{"count":3,"href":"https:\/\/www.taekwondo-hambruecken.de\/index.php\/wp-json\/wp\/v2\/pages\/587\/revisions"}],"predecessor-version":[{"id":2576,"href":"https:\/\/www.taekwondo-hambruecken.de\/index.php\/wp-json\/wp\/v2\/pages\/587\/revisions\/2576"}],"up":[{"embeddable":true,"href":"https:\/\/www.taekwondo-hambruecken.de\/index.php\/wp-json\/wp\/v2\/pages\/521"}],"wp:attachment":[{"href":"https:\/\/www.taekwondo-hambruecken.de\/index.php\/wp-json\/wp\/v2\/media?parent=587"}],"curies":[{"name":"wp","href":"https:\/\/api.w.org\/{rel}","templated":true}]}}