{"id":583,"date":"2023-12-31T11:06:31","date_gmt":"2023-12-31T10:06:31","guid":{"rendered":"https:\/\/portal.taekwondo-hambruecken.de\/?page_id=583"},"modified":"2024-01-05T00:43:52","modified_gmt":"2024-01-04T23:43:52","slug":"beate-leier-4-dan","status":"publish","type":"page","link":"https:\/\/www.taekwondo-hambruecken.de\/index.php\/trainer\/beate-leier-4-dan\/","title":{"rendered":"Beate Leier (4. DAN)"},"content":{"rendered":"\n<div class=\"wp-block-media-text is-stacked-on-mobile is-vertically-aligned-top\" style=\"grid-template-columns:30% auto\"><figure class=\"wp-block-media-text__media\"><img loading=\"lazy\" decoding=\"async\" width=\"208\" height=\"259\" src=\"https:\/\/www.taekwondo-hambruecken.de\/wp-content\/uploads\/2023\/12\/trainer_leier_b-1.jpeg\" alt=\"\" class=\"wp-image-550 size-full\" srcset=\"https:\/\/www.taekwondo-hambruecken.de\/wp-content\/uploads\/2023\/12\/trainer_leier_b-1.jpeg 208w, https:\/\/www.taekwondo-hambruecken.de\/wp-content\/uploads\/2023\/12\/trainer_leier_b-1-1x1.jpeg 1w\" sizes=\"auto, (max-width: 208px) 100vw, 208px\" \/><\/figure><div class=\"wp-block-media-text__content\">\n<h3 class=\"wp-block-heading\">Lizenzen<\/h3>\n\n\n\n<p>Landes-Kampfrichterin Poomsae<\/p>\n\n\n\n<h3 class=\"wp-block-heading\">Aufgaben &amp; Auszeichnungen<\/h3>\n\n\n\n<p>Trainerin Erwachsene und Jugend<\/p>\n\n\n\n<p>Taekwondo seit 2002<\/p>\n<\/div><\/div>\n\n\n\n<h3 class=\"wp-block-heading\">Pers\u00f6nliche Erfolge<\/h3>\n\n\n\n<figure class=\"wp-block-table\"><table><tbody><tr><th>Turnier<\/th><th>Jahr<\/th><th>Platz<\/th><\/tr><tr><td colspan=\"3\"><strong>Baden-W\u00fcrttembergische<\/strong><\/td><\/tr><tr><td>BaW\u00fc Poomsae-Meisterschaft 2021, LK 1, Mixed Master 1 (ab 51 Jahre)<\/td><td>2021<\/td><td>1<\/td><\/tr><tr><td>BaW\u00fc Poomsae-Meisterschaft 2021, LK 1, Synchron Damen Master 1 (ab 51 J.)<\/td><td>2021<\/td><td>1<\/td><\/tr><tr><td>Baden-W\u00fcrttembergische Poomsae-Meisterschaft 2019 &#8211; LK1 &#8211; Mixed Team ab 51 J.<\/td><td>2019<\/td><td>2<\/td><\/tr><tr><td>Baden-W\u00fcrttembergische Poomsae-Meisterschaft 2019 &#8211; LK1 &#8211; Synchron weiblich ab 51 J.<\/td><td>2019<\/td><td>2<\/td><\/tr><tr><td>Baden-W\u00fcrtt. Meisterschaft Poomsae &#8211; Mixed, Master 1 (50+)<\/td><td>2017<\/td><td>2<\/td><\/tr><tr><td>Baden-W\u00fcrtt. Meisterschaft Poomsae &#8211; Synchron, Damen Master 2 (50+)<\/td><td>2017<\/td><td>2<\/td><\/tr><tr><td>Baden-W\u00fcrtt. Poomsae-Meisterschaft, LK 1 Paar Master 40+<\/td><td>2012<\/td><td>5<\/td><\/tr><tr><td>Baden-W\u00fcrtt. Meisterschaft Formen (Mixed-Team)<\/td><td>2011<\/td><td>2<\/td><\/tr><tr><td>Baden-W\u00fcrtt. Meisterschaft Formen (Einzel)<\/td><td>2011<\/td><td>3<\/td><\/tr><tr><td>Baden-W\u00fcrttembergische<\/td><td>2010<\/td><td>1<\/td><\/tr><tr><td>Baden-W\u00fcrttembergische<\/td><td>2010<\/td><td>2<\/td><\/tr><tr><td>Baden-W\u00fcrttembergische<\/td><td>2010<\/td><td>2<\/td><\/tr><tr><td>Baden-W\u00fcrttembergische Meisterschaft<\/td><td>2009<\/td><td>1<\/td><\/tr><tr><td>Baden-W\u00fcrttembergische Meisterschaft<\/td><td>2008<\/td><td>3<\/td><\/tr><tr><td>Baden-W\u00fcrttembergische Meisterschaft (2 Jg.)<\/td><td>2008<\/td><td>3<\/td><\/tr><tr><td colspan=\"3\"><strong>Badische<\/strong><\/td><\/tr><tr><td>Badische Poomsae-Meisterschaft &#8211; Mixed-Team, Master 2: 50-59 J.<\/td><td>2018<\/td><td>2<\/td><\/tr><tr><td>Badische Poomsae-Meisterschaft &#8211; Synchron w, Master 2: 50-59 J.<\/td><td>2018<\/td><td>2<\/td><\/tr><tr><td>Badische Poomsae-Meisterschaft &#8211; Mixed-Team, Master 2: 50-59 J.<\/td><td>2017<\/td><td>2<\/td><\/tr><tr><td>Badische Poomsae-Meisterschaft &#8211; Synchron, Damen Master 2: 50-59 J.<\/td><td>2017<\/td><td>2<\/td><\/tr><tr><td>Badische Meisterschaft Poomsae &#8211; Mixed Team, Master 2: ab 50 J.<\/td><td>2015<\/td><td>1<\/td><\/tr><tr><td>Badische Meisterschaft Formen (Mixed-Team)<\/td><td>2012<\/td><td>2<\/td><\/tr><tr><td>Badische Meisterschaft Formen (Einzel)<\/td><td>2012<\/td><td>2<\/td><\/tr><tr><td>Badische Meisterschaft Formen (Einzel)<\/td><td>2012<\/td><td>3<\/td><\/tr><tr><td>Badische Meisterschaft Formen \/ halbe Altersklasse<\/td><td>2011<\/td><td>2<\/td><\/tr><tr><td>Badische Meisterschaft Formen (Einzel)<\/td><td>2011<\/td><td>3<\/td><\/tr><tr><td>Badische Meisterschaft Formen (Paar)<\/td><td>2011<\/td><td>3<\/td><\/tr><tr><td>Badische Meisterschaft<\/td><td>2010<\/td><td>1<\/td><\/tr><tr><td>Badische Meisterschaft<\/td><td>2010<\/td><td>2<\/td><\/tr><tr><td>Badische Meisterschaft<\/td><td>2010<\/td><td>2<\/td><\/tr><tr><td>Badische Meisterschaft<\/td><td>2010<\/td><td>2<\/td><\/tr><tr><td>Badische Meisterschaft<\/td><td>2010<\/td><td>3<\/td><\/tr><tr><td>Badische Meisterschaft (Team Master)<\/td><td>2009<\/td><td>1<\/td><\/tr><tr><td>Badische Meisterschaft Formen (Einzel)<\/td><td>2009<\/td><td>2<\/td><\/tr><tr><td>Badische Meisterschaft Formen (Mixed)<\/td><td>2009<\/td><td>2<\/td><\/tr><tr><td>Badische Meisterschaft Formen (Einzel)<\/td><td>2009<\/td><td>3<\/td><\/tr><tr><td colspan=\"3\"><strong>(Int.) Turnier<\/strong><\/td><\/tr><tr><td>HTU Open Poomsae 2020, Class A Paar +31<\/td><td>2020<\/td><td>1<\/td><\/tr><tr><td>HTU Open Poomsae 2020, Class A Einzel Damen -60<\/td><td>2020<\/td><td>2<\/td><\/tr><tr><td>M\u00fchlacker Open Poomsae 2019 &#8211; LK1 3er-Team w Master ab 40 J.<\/td><td>2019<\/td><td>1<\/td><\/tr><tr><td>M\u00fchlacker Open Poomsae 2019 &#8211; LK1 Mixed-Team Master ab 40 J.<\/td><td>2019<\/td><td>1<\/td><\/tr><tr><td>HTU Open Poomsae 2017 &#8211; Synchron, Damen 31+<\/td><td>2017<\/td><td>1<\/td><\/tr><tr><td>32. Intern. Parkpokal Poomsae 2017, LK1 Synchron f 31+<\/td><td>2017<\/td><td>2<\/td><\/tr><tr><td>30. Int. Park-Pokal Poomsae &#8211; Damen, Synchron-Team \u00fc40<\/td><td>2015<\/td><td>1<\/td><\/tr><tr><td>30. Int. Park-Pokal Poomsae &#8211; Einzel, Damen Master 2: 50-59 J.<\/td><td>2015<\/td><td>3<\/td><\/tr><tr><td>Int. Park Pokal Formen (Einzel)<\/td><td>2011<\/td><td>2<\/td><\/tr><tr><td>Int. Park-Pokal (Einzel Master 1)<\/td><td>2009<\/td><td>3<\/td><\/tr><tr><td>Int. Park Pokal Formen<\/td><td>2008<\/td><td>3<\/td><\/tr><\/tbody><\/table><\/figure>\n","protected":false},"excerpt":{"rendered":"<p>Lizenzen Landes-Kampfrichterin Poomsae Aufgaben &amp; Auszeichnungen Trainerin Erwachsene und Jugend Taekwondo seit 2002 Pers\u00f6nliche Erfolge Turnier Jahr Platz Baden-W\u00fcrttembergische BaW\u00fc Poomsae-Meisterschaft 2021, LK 1, Mixed Master 1 (ab 51 Jahre) 2021 1 BaW\u00fc Poomsae-Meisterschaft 2021, LK 1, Synchron Damen Master 1 (ab 51 J.) 2021 1 Baden-W\u00fcrttembergische Poomsae-Meisterschaft 2019 &#8211; LK1 &#8211; Mixed Team ab [&hellip;]<\/p>\n","protected":false},"author":1,"featured_media":0,"parent":521,"menu_order":4,"comment_status":"closed","ping_status":"closed","template":"","meta":{"footnotes":""},"class_list":["post-583","page","type-page","status-publish","hentry"],"_links":{"self":[{"href":"https:\/\/www.taekwondo-hambruecken.de\/index.php\/wp-json\/wp\/v2\/pages\/583","targetHints":{"allow":["GET"]}}],"collection":[{"href":"https:\/\/www.taekwondo-hambruecken.de\/index.php\/wp-json\/wp\/v2\/pages"}],"about":[{"href":"https:\/\/www.taekwondo-hambruecken.de\/index.php\/wp-json\/wp\/v2\/types\/page"}],"author":[{"embeddable":true,"href":"https:\/\/www.taekwondo-hambruecken.de\/index.php\/wp-json\/wp\/v2\/users\/1"}],"replies":[{"embeddable":true,"href":"https:\/\/www.taekwondo-hambruecken.de\/index.php\/wp-json\/wp\/v2\/comments?post=583"}],"version-history":[{"count":3,"href":"https:\/\/www.taekwondo-hambruecken.de\/index.php\/wp-json\/wp\/v2\/pages\/583\/revisions"}],"predecessor-version":[{"id":1081,"href":"https:\/\/www.taekwondo-hambruecken.de\/index.php\/wp-json\/wp\/v2\/pages\/583\/revisions\/1081"}],"up":[{"embeddable":true,"href":"https:\/\/www.taekwondo-hambruecken.de\/index.php\/wp-json\/wp\/v2\/pages\/521"}],"wp:attachment":[{"href":"https:\/\/www.taekwondo-hambruecken.de\/index.php\/wp-json\/wp\/v2\/media?parent=583"}],"curies":[{"name":"wp","href":"https:\/\/api.w.org\/{rel}","templated":true}]}}