{"id":1885,"date":"2024-06-22T16:57:32","date_gmt":"2024-06-22T14:57:32","guid":{"rendered":"https:\/\/www.taekwondo-hambruecken.de\/?page_id=1885"},"modified":"2025-12-28T11:02:03","modified_gmt":"2025-12-28T10:02:03","slug":"sarah-riedelbauch-6-kup","status":"publish","type":"page","link":"https:\/\/www.taekwondo-hambruecken.de\/index.php\/wettkaempfer\/sarah-riedelbauch-6-kup\/","title":{"rendered":"Sarah Riedelbauch (4. Kup)"},"content":{"rendered":"\n<h3 class=\"wp-block-heading\">Profil<\/h3>\n\n\n\n<ul class=\"wp-block-list\">\n<li>Aktive Poomsae-Sportlerin \/ Mitglied im Poomsae-Team Hambr\u00fccken<\/li>\n\n\n\n<li>Poomsae-Turniere: Altersklasse LK3 w Jugend A<\/li>\n\n\n\n<li>Gewichtsklasse:<\/li>\n\n\n\n<li>Taekwondo seit 2019<\/li>\n<\/ul>\n\n\n\n<figure class=\"wp-block-image size-full is-resized\"><img loading=\"lazy\" decoding=\"async\" width=\"346\" height=\"402\" src=\"https:\/\/www.taekwondo-hambruecken.de\/wp-content\/uploads\/2024\/05\/Poomsae-Team-LK3_2862_Hc_ak_SarahR_a.jpg\" alt=\"\" class=\"wp-image-1749\" style=\"width:auto;height:400px\" srcset=\"https:\/\/www.taekwondo-hambruecken.de\/wp-content\/uploads\/2024\/05\/Poomsae-Team-LK3_2862_Hc_ak_SarahR_a.jpg 346w, https:\/\/www.taekwondo-hambruecken.de\/wp-content\/uploads\/2024\/05\/Poomsae-Team-LK3_2862_Hc_ak_SarahR_a-258x300.jpg 258w, https:\/\/www.taekwondo-hambruecken.de\/wp-content\/uploads\/2024\/05\/Poomsae-Team-LK3_2862_Hc_ak_SarahR_a-1x1.jpg 1w\" sizes=\"auto, (max-width: 346px) 100vw, 346px\" \/><\/figure>\n\n\n\n<h3 class=\"wp-block-heading\">Alle Erfolge<\/h3>\n\n\n\n<figure class=\"wp-block-table\"><table><tbody><tr><th>Turnier<\/th><th>Jahr<\/th><th class=\"has-text-align-center\" data-align=\"center\">Platz<\/th><\/tr><tr><td colspan=\"3\"><strong>Baden-W\u00fcrttembergische<\/strong><\/td><\/tr><tr><td>BaW\u00fc. Poomsae-Nachwuchsm. 2025, Pl\u00fcderhausen &#8211; LK2 Einzel w Senioren 1 (18-30 J.)<\/td><td>2025<\/td><td class=\"has-text-align-center\" data-align=\"center\">3<\/td><\/tr><tr><td colspan=\"3\"><strong>Badische<\/strong><\/td><\/tr><tr><td>Badische Poomsae-Meisterschaft 2024, Pforzheim &#8211; LK3 Paar Junioren (15-17 J.)<\/td><td>2024<\/td><td class=\"has-text-align-center\" data-align=\"center\">1<\/td><\/tr><tr><td>Badische Poomsae-Meisterschaft 2024, Pforzheim &#8211; LK3 Einzel Juniorinnen (15-17 J.)<\/td><td>2024<\/td><td class=\"has-text-align-center\" data-align=\"center\">3<\/td><\/tr><tr><td><strong>Internationales Turnier<\/strong><\/td><td><\/td><td class=\"has-text-align-center\" data-align=\"center\"><\/td><\/tr><tr><td>Offene Saarland-Meisterschaft Poomsae 2024, Wadern \u2013 LK3 Einzel w 15-17 J.<\/td><td>2024<\/td><td class=\"has-text-align-center\" data-align=\"center\">2<\/td><\/tr><tr><td>International Schwarzwald Open Poomsae, Nagold \u2013 LK3 Paar Jugend 11-17 J.<\/td><td>2024<\/td><td class=\"has-text-align-center\" data-align=\"center\">1<\/td><\/tr><tr><td>International Schwarzwald Open Poomsae, Nagold \u2013 LK3 weibliche Jugend 15-17 J.<\/td><td>2024<\/td><td class=\"has-text-align-center\" data-align=\"center\">4<\/td><\/tr><\/tbody><\/table><\/figure>\n\n\n\n<p><\/p>\n","protected":false},"excerpt":{"rendered":"<p>Profil Alle Erfolge Turnier Jahr Platz Baden-W\u00fcrttembergische BaW\u00fc. Poomsae-Nachwuchsm. 2025, Pl\u00fcderhausen &#8211; LK2 Einzel w Senioren 1 (18-30 J.) 2025 3 Badische Badische Poomsae-Meisterschaft 2024, Pforzheim &#8211; LK3 Paar Junioren (15-17 J.) 2024 1 Badische Poomsae-Meisterschaft 2024, Pforzheim &#8211; LK3 Einzel Juniorinnen (15-17 J.) 2024 3 Internationales Turnier Offene Saarland-Meisterschaft Poomsae 2024, Wadern \u2013 LK3 [&hellip;]<\/p>\n","protected":false},"author":1,"featured_media":0,"parent":642,"menu_order":0,"comment_status":"closed","ping_status":"closed","template":"","meta":{"footnotes":""},"class_list":["post-1885","page","type-page","status-publish","hentry"],"_links":{"self":[{"href":"https:\/\/www.taekwondo-hambruecken.de\/index.php\/wp-json\/wp\/v2\/pages\/1885","targetHints":{"allow":["GET"]}}],"collection":[{"href":"https:\/\/www.taekwondo-hambruecken.de\/index.php\/wp-json\/wp\/v2\/pages"}],"about":[{"href":"https:\/\/www.taekwondo-hambruecken.de\/index.php\/wp-json\/wp\/v2\/types\/page"}],"author":[{"embeddable":true,"href":"https:\/\/www.taekwondo-hambruecken.de\/index.php\/wp-json\/wp\/v2\/users\/1"}],"replies":[{"embeddable":true,"href":"https:\/\/www.taekwondo-hambruecken.de\/index.php\/wp-json\/wp\/v2\/comments?post=1885"}],"version-history":[{"count":12,"href":"https:\/\/www.taekwondo-hambruecken.de\/index.php\/wp-json\/wp\/v2\/pages\/1885\/revisions"}],"predecessor-version":[{"id":2675,"href":"https:\/\/www.taekwondo-hambruecken.de\/index.php\/wp-json\/wp\/v2\/pages\/1885\/revisions\/2675"}],"up":[{"embeddable":true,"href":"https:\/\/www.taekwondo-hambruecken.de\/index.php\/wp-json\/wp\/v2\/pages\/642"}],"wp:attachment":[{"href":"https:\/\/www.taekwondo-hambruecken.de\/index.php\/wp-json\/wp\/v2\/media?parent=1885"}],"curies":[{"name":"wp","href":"https:\/\/api.w.org\/{rel}","templated":true}]}}