{"id":1869,"date":"2024-06-22T17:05:51","date_gmt":"2024-06-22T15:05:51","guid":{"rendered":"https:\/\/www.taekwondo-hambruecken.de\/?page_id=1869"},"modified":"2025-12-28T11:01:39","modified_gmt":"2025-12-28T10:01:39","slug":"laura-milla","status":"publish","type":"page","link":"https:\/\/www.taekwondo-hambruecken.de\/index.php\/wettkaempfer\/laura-milla\/","title":{"rendered":"Laura Milla (3. Kup)"},"content":{"rendered":"\n<h3 class=\"wp-block-heading\">Profil<\/h3>\n\n\n\n<ul class=\"wp-block-list\">\n<li>Aktive Poomsae-Sportlerin \/ Mitglied im Poomsae-Team Hambr\u00fccken<\/li>\n\n\n\n<li>Altersklasse bei Poomsae-Turnieren: LK2 Damen Sen. 1 (18-30 J.)<\/li>\n\n\n\n<li>Taekwondo seit 2018<\/li>\n<\/ul>\n\n\n\n<figure class=\"wp-block-image size-full is-resized\"><img loading=\"lazy\" decoding=\"async\" width=\"301\" height=\"337\" src=\"https:\/\/www.taekwondo-hambruecken.de\/wp-content\/uploads\/2024\/05\/Poomsae-Team-LK2_2862_Hc_ak_LauraMilla_a.jpg\" alt=\"\" class=\"wp-image-1760\" style=\"width:auto;height:400px\" srcset=\"https:\/\/www.taekwondo-hambruecken.de\/wp-content\/uploads\/2024\/05\/Poomsae-Team-LK2_2862_Hc_ak_LauraMilla_a.jpg 301w, https:\/\/www.taekwondo-hambruecken.de\/wp-content\/uploads\/2024\/05\/Poomsae-Team-LK2_2862_Hc_ak_LauraMilla_a-268x300.jpg 268w, https:\/\/www.taekwondo-hambruecken.de\/wp-content\/uploads\/2024\/05\/Poomsae-Team-LK2_2862_Hc_ak_LauraMilla_a-1x1.jpg 1w\" sizes=\"auto, (max-width: 301px) 100vw, 301px\" \/><\/figure>\n\n\n\n<h3 class=\"wp-block-heading\">Alle Erfolge<\/h3>\n\n\n\n<figure class=\"wp-block-table\"><table><tbody><tr><th>Turnier<\/th><th>Jahr<\/th><th class=\"has-text-align-center\" data-align=\"center\">Platz<\/th><\/tr><tr><td colspan=\"3\"><strong>Baden-W\u00fcrttembergische<\/strong><\/td><\/tr><tr><td>BaW\u00fc. Poomsae-Nachwuchsm. 2025, Pl\u00fcderhausen &#8211; LK2 Einzel w Senioren 1 (18-30 J.)<\/td><td>2025<\/td><td class=\"has-text-align-center\" data-align=\"center\">2<\/td><\/tr><tr><td>BaW\u00fc. Poomsae-Nachwuchsm. 2023, PF-Birkenfeld &#8211; LK2 Einzel w Senioren 1 A (18-24 J.)<\/td><td>2023<\/td><td class=\"has-text-align-center\" data-align=\"center\">1<\/td><\/tr><tr><td>BaW\u00fc. Poomsae-Nachwuchsm. 2023, PF-Birkenfeld &#8211; LK2 Einzel w Senioren 1 (18-30 J.)<\/td><td>2023<\/td><td class=\"has-text-align-center\" data-align=\"center\">1<\/td><\/tr><tr><td colspan=\"3\"><strong>Badische<\/strong><\/td><\/tr><tr><td>Badische Poomsae-Nachwuchsmeist. 2024, Pforzheim &#8211; LK3 Einzel w Sen1 (18-30 J.)<\/td><td>2024<\/td><td class=\"has-text-align-center\" data-align=\"center\">2<\/td><\/tr><tr><td>Badische Poomsae-Nachwuchsmeist. 2022, Pforzheim &#8211; LK2 Einzel w Jugend A (16-17)<\/td><td>2022<\/td><td class=\"has-text-align-center\" data-align=\"center\">1<\/td><\/tr><tr><td>Badische Poomsae-Meisterschaft 2019, Hambr\u00fccken &#8211; LK2 Einzel w Jugend B (12-14 J.)<\/td><td>2019<\/td><td class=\"has-text-align-center\" data-align=\"center\">1<\/td><\/tr><tr><td><strong>Internationales Turnier<\/strong><\/td><td><\/td><td class=\"has-text-align-center\" data-align=\"center\"><\/td><\/tr><tr><td>UK Taekangwon Online Open Poomsae Championship 2. Edition 2022 &#8211; Class K2 female Youth (15-17 J.)<\/td><td>2022<\/td><td class=\"has-text-align-center\" data-align=\"center\">1<\/td><\/tr><tr><td>Toronto Open International Poomsae Championship Online-Turnier 2021 &#8211; LK2 Single, Juniors female (15-17 J.)<\/td><td>2021<\/td><td class=\"has-text-align-center\" data-align=\"center\">4<\/td><\/tr><tr><td>Int. M\u00fchlacker Open Poomsae 2019, M\u00fchlacker &#8211; LK3 Einzel w Jugd. B (14-15 J.)<\/td><td>2019<\/td><td class=\"has-text-align-center\" data-align=\"center\">3<\/td><\/tr><\/tbody><\/table><\/figure>\n","protected":false},"excerpt":{"rendered":"<p>Profil Alle Erfolge Turnier Jahr Platz Baden-W\u00fcrttembergische BaW\u00fc. Poomsae-Nachwuchsm. 2025, Pl\u00fcderhausen &#8211; LK2 Einzel w Senioren 1 (18-30 J.) 2025 2 BaW\u00fc. Poomsae-Nachwuchsm. 2023, PF-Birkenfeld &#8211; LK2 Einzel w Senioren 1 A (18-24 J.) 2023 1 BaW\u00fc. Poomsae-Nachwuchsm. 2023, PF-Birkenfeld &#8211; LK2 Einzel w Senioren 1 (18-30 J.) 2023 1 Badische Badische Poomsae-Nachwuchsmeist. 2024, Pforzheim [&hellip;]<\/p>\n","protected":false},"author":3,"featured_media":0,"parent":642,"menu_order":0,"comment_status":"closed","ping_status":"closed","template":"","meta":{"footnotes":""},"class_list":["post-1869","page","type-page","status-publish","hentry"],"_links":{"self":[{"href":"https:\/\/www.taekwondo-hambruecken.de\/index.php\/wp-json\/wp\/v2\/pages\/1869","targetHints":{"allow":["GET"]}}],"collection":[{"href":"https:\/\/www.taekwondo-hambruecken.de\/index.php\/wp-json\/wp\/v2\/pages"}],"about":[{"href":"https:\/\/www.taekwondo-hambruecken.de\/index.php\/wp-json\/wp\/v2\/types\/page"}],"author":[{"embeddable":true,"href":"https:\/\/www.taekwondo-hambruecken.de\/index.php\/wp-json\/wp\/v2\/users\/3"}],"replies":[{"embeddable":true,"href":"https:\/\/www.taekwondo-hambruecken.de\/index.php\/wp-json\/wp\/v2\/comments?post=1869"}],"version-history":[{"count":9,"href":"https:\/\/www.taekwondo-hambruecken.de\/index.php\/wp-json\/wp\/v2\/pages\/1869\/revisions"}],"predecessor-version":[{"id":2674,"href":"https:\/\/www.taekwondo-hambruecken.de\/index.php\/wp-json\/wp\/v2\/pages\/1869\/revisions\/2674"}],"up":[{"embeddable":true,"href":"https:\/\/www.taekwondo-hambruecken.de\/index.php\/wp-json\/wp\/v2\/pages\/642"}],"wp:attachment":[{"href":"https:\/\/www.taekwondo-hambruecken.de\/index.php\/wp-json\/wp\/v2\/media?parent=1869"}],"curies":[{"name":"wp","href":"https:\/\/api.w.org\/{rel}","templated":true}]}}