{"id":1491,"date":"2024-04-02T16:57:22","date_gmt":"2024-04-02T14:57:22","guid":{"rendered":"https:\/\/www.taekwondo-hambruecken.de\/?page_id=1491"},"modified":"2024-10-27T11:56:36","modified_gmt":"2024-10-27T10:56:36","slug":"juergen-bender-4-dan","status":"publish","type":"page","link":"https:\/\/www.taekwondo-hambruecken.de\/index.php\/trainer\/juergen-bender-4-dan\/","title":{"rendered":"J\u00fcrgen Bender (4. Dan)"},"content":{"rendered":"\n<div class=\"wp-block-media-text is-stacked-on-mobile\"><figure class=\"wp-block-media-text__media\"><img loading=\"lazy\" decoding=\"async\" width=\"346\" height=\"433\" src=\"https:\/\/www.taekwondo-hambruecken.de\/wp-content\/uploads\/2024\/04\/3er-Team_Schwarzwaldpokal-2023_1230_ak_Juergen-3.jpg\" alt=\"\" class=\"wp-image-1492 size-full\" srcset=\"https:\/\/www.taekwondo-hambruecken.de\/wp-content\/uploads\/2024\/04\/3er-Team_Schwarzwaldpokal-2023_1230_ak_Juergen-3.jpg 346w, https:\/\/www.taekwondo-hambruecken.de\/wp-content\/uploads\/2024\/04\/3er-Team_Schwarzwaldpokal-2023_1230_ak_Juergen-3-240x300.jpg 240w, https:\/\/www.taekwondo-hambruecken.de\/wp-content\/uploads\/2024\/04\/3er-Team_Schwarzwaldpokal-2023_1230_ak_Juergen-3-1x1.jpg 1w\" sizes=\"auto, (max-width: 346px) 100vw, 346px\" \/><\/figure><div class=\"wp-block-media-text__content\">\n<h2 class=\"wp-block-heading\"><strong>Aufgaben:<\/strong><\/h2>\n\n\n\n<ul class=\"wp-block-list\">\n<li>Trainer f\u00fcr Jugend und Erwachsene<\/li>\n<\/ul>\n\n\n\n<ul class=\"wp-block-list\">\n<li>Coach bei Poomsae-Turnieren<\/li>\n<\/ul>\n\n\n\n<ul class=\"wp-block-list\">\n<li>Aktiver Poomsae-L\u00e4ufer<\/li>\n<\/ul>\n\n\n\n<ul class=\"wp-block-list\">\n<li>Taekwondo seit 1995<\/li>\n<\/ul>\n<\/div><\/div>\n\n\n\n<h3 class=\"wp-block-heading\">Pers\u00f6nliche Erfolge \u2013 Genaue Liste siehe unter \u201eWettk\u00e4mpfer\u201c<\/h3>\n\n\n\n<div class=\"wp-block-group\"><div class=\"wp-block-group__inner-container is-layout-constrained wp-block-group-is-layout-constrained\">\n<figure class=\"wp-block-table\"><table class=\"has-fixed-layout\"><tbody><tr><th>Turnier<\/th><th class=\"has-text-align-center\" data-align=\"center\">Jahr<\/th><th class=\"has-text-align-center\" data-align=\"center\">Platz<\/th><\/tr><tr><td colspan=\"3\"><strong>Internationale Deutsche<\/strong><\/td><\/tr><tr><td><\/td><td class=\"has-text-align-center\" data-align=\"center\"><\/td><td class=\"has-text-align-center\" data-align=\"center\"><\/td><\/tr><tr><td colspan=\"3\"><strong>Deutsche<\/strong><\/td><\/tr><tr><td><\/td><td class=\"has-text-align-center\" data-align=\"center\"><\/td><td class=\"has-text-align-center\" data-align=\"center\"><\/td><\/tr><tr><td colspan=\"3\"><strong>Baden-W\u00fcrttembergische<\/strong><\/td><\/tr><tr><td>Baden-W\u00fcrttembergische Poomsae-Meisterschaften 2024, LK 1, 3er-Team Herren Master 2 (51-60 J.)<\/td><td class=\"has-text-align-center\" data-align=\"center\">2024<\/td><td class=\"has-text-align-center\" data-align=\"center\">2<\/td><\/tr><tr><td>Baden-W\u00fcrttembergische Poomsae-Meisterschaften 2024, LK 1, Einzel Herren Master 2 (51-60 J.)<\/td><td class=\"has-text-align-center\" data-align=\"center\">2024<\/td><td class=\"has-text-align-center\" data-align=\"center\">5<\/td><\/tr><tr><td>Baden-W\u00fcrttembergische Poomsae-Meisterschaften 2022, LK 1, Einzel Herren Master 1 A  (51-55 J.)<\/td><td class=\"has-text-align-center\" data-align=\"center\">2022<\/td><td class=\"has-text-align-center\" data-align=\"center\">2<\/td><\/tr><tr><td>Baden-W\u00fcrttembergische Poomsae-Meisterschaften 2022, LK 1, <br>Einzel Herren Master 1 (51-60 J.)<\/td><td class=\"has-text-align-center\" data-align=\"center\">2022<\/td><td class=\"has-text-align-center\" data-align=\"center\">5<\/td><\/tr><\/tbody><\/table><\/figure>\n\n\n\n<div class=\"wp-block-group\"><div class=\"wp-block-group__inner-container is-layout-constrained wp-block-group-is-layout-constrained\">\n<figure class=\"wp-block-table\"><table class=\"has-fixed-layout\"><tbody><tr><td><strong>Badische<\/strong><\/td><td class=\"has-text-align-center\" data-align=\"center\"><\/td><td class=\"has-text-align-center\" data-align=\"center\"><\/td><\/tr><tr><td>Badische Poomsae-Meisterschaft 2022, LK 1, 3er-Synchron Herren Master 1 (51-60 J.) \u2013 Pforzheim<\/td><td class=\"has-text-align-center\" data-align=\"center\">2022<\/td><td class=\"has-text-align-center\" data-align=\"center\">1<\/td><\/tr><tr><td>Badische Poomsae-Meisterschaft 2022, LK 1, Mixedteam Master 1 (51-60 J.) \u2013 Pforzheim<\/td><td class=\"has-text-align-center\" data-align=\"center\">2022<\/td><td class=\"has-text-align-center\" data-align=\"center\">1<\/td><\/tr><tr><td>Badische Poomsae-Meisterschaften 2022, LK 1, Einzel Herren Master 1 (51-60 J.) \u2013 Pforzheim<\/td><td class=\"has-text-align-center\" data-align=\"center\">2022<\/td><td class=\"has-text-align-center\" data-align=\"center\">3<\/td><\/tr><tr><td>Badische Poomsae-Meisterschaft 2019, Herren Synchron Master (ab 41 J)<\/td><td class=\"has-text-align-center\" data-align=\"center\">2019<\/td><td class=\"has-text-align-center\" data-align=\"center\">1<\/td><\/tr><tr><td>Badische Poomsae-Meisterschaft 2019, Mixed-Team Master (ab 41 J)<\/td><td class=\"has-text-align-center\" data-align=\"center\">2019<\/td><td class=\"has-text-align-center\" data-align=\"center\">1<\/td><\/tr><tr><td>Badische Poomsae-Meisterschaft 2019, Einzel Herren Master 1\/1 (51-55 J)<\/td><td class=\"has-text-align-center\" data-align=\"center\">2019<\/td><td class=\"has-text-align-center\" data-align=\"center\">2<\/td><\/tr><tr><td>Badische Poomsae-Meisterschaft 2019, Paar Master (ab 41 J)<\/td><td class=\"has-text-align-center\" data-align=\"center\">2019<\/td><td class=\"has-text-align-center\" data-align=\"center\">3<\/td><\/tr><tr><td>Badische Poomsae-Meisterschaft 2019, Einzel Herren Master 1 (51-60 J)<\/td><td class=\"has-text-align-center\" data-align=\"center\">2019<\/td><td class=\"has-text-align-center\" data-align=\"center\">4<\/td><\/tr><tr><td>Badische Poomsae-Meisterschaft \u2013 Synchron m, Master 2: 50-59 J.<\/td><td class=\"has-text-align-center\" data-align=\"center\">2018<\/td><td class=\"has-text-align-center\" data-align=\"center\">2<\/td><\/tr><tr><td>Badische Poomsae-Meisterschaft \u2013 Paar Master 2 50+<\/td><td class=\"has-text-align-center\" data-align=\"center\">2018<\/td><td class=\"has-text-align-center\" data-align=\"center\">4<\/td><\/tr><tr><td>Badische Poomsae-Meisterschaft \u2013 LK1 Einzel m Master 2 51-55 J.<\/td><td class=\"has-text-align-center\" data-align=\"center\">2018<\/td><td class=\"has-text-align-center\" data-align=\"center\">5<\/td><\/tr><tr><td>Badische Poomsae-Meisterschaft 2009, Mixed Team Master 40+<\/td><td class=\"has-text-align-center\" data-align=\"center\">2009<\/td><td class=\"has-text-align-center\" data-align=\"center\">3<\/td><\/tr><tr><td colspan=\"3\"><strong>(Int.) Turnier<\/strong><\/td><\/tr><tr><td>15. International Schwarzwald Open Poomsae \u2013 LK1  3er-Team m +18 J.<\/td><td class=\"has-text-align-center\" data-align=\"center\">2024<\/td><td class=\"has-text-align-center\" data-align=\"center\">1<\/td><\/tr><tr><td>15. International Schwarzwald Open Poomsae \u2013 LK1  Mixed-Team +18 J.<\/td><td class=\"has-text-align-center\" data-align=\"center\">2024<\/td><td class=\"has-text-align-center\" data-align=\"center\">1<\/td><\/tr><tr><td>15. International Schwarzwald Open Poomsae \u2013 LK1 Paar +18 J.<\/td><td class=\"has-text-align-center\" data-align=\"center\">2024<\/td><td class=\"has-text-align-center\" data-align=\"center\">6<\/td><\/tr><tr><td>15. International Schwarzwald Open Poomsae \u2013 LK1 Einzel Herren 51-60 J.<\/td><td class=\"has-text-align-center\" data-align=\"center\">2024<\/td><td class=\"has-text-align-center\" data-align=\"center\">3<\/td><\/tr><tr><td>Internationale Hessische Poomsae-Meisterschaften 2022, LK 1, Einzel Herren 51-60 Jahre<\/td><td class=\"has-text-align-center\" data-align=\"center\">2022<\/td><td class=\"has-text-align-center\" data-align=\"center\">3<\/td><\/tr><tr><td>4. Int. Spaichinger Poomsae-Turnier, LK 1 Paar 40+<\/td><td class=\"has-text-align-center\" data-align=\"center\">2018<\/td><td class=\"has-text-align-center\" data-align=\"center\">2<\/td><\/tr><tr><td>10. Int. Schwarzwald Open Poomsae \u2013 Einzel m Master 2 51-60 J.<\/td><td class=\"has-text-align-center\" data-align=\"center\">2018<\/td><td class=\"has-text-align-center\" data-align=\"center\">4<\/td><\/tr><tr><td>4. Int. Spaichinger Poomsae-Turnier, LK 1 Einzel m Master 2 51-60 J.<\/td><td class=\"has-text-align-center\" data-align=\"center\">2018<\/td><td class=\"has-text-align-center\" data-align=\"center\">5<\/td><\/tr><tr><td>M\u00fchlacker Open Poomsae 2018 \u2013 LK1 Einzel m Master 2 51-60 J.<\/td><td class=\"has-text-align-center\" data-align=\"center\">2018<\/td><td class=\"has-text-align-center\" data-align=\"center\">6<\/td><\/tr><\/tbody><\/table><\/figure>\n<\/div><\/div>\n<\/div><\/div>\n","protected":false},"excerpt":{"rendered":"<p>Pers\u00f6nliche Erfolge \u2013 Genaue Liste siehe unter \u201eWettk\u00e4mpfer\u201c Turnier Jahr Platz Internationale Deutsche Deutsche Baden-W\u00fcrttembergische Baden-W\u00fcrttembergische Poomsae-Meisterschaften 2024, LK 1, 3er-Team Herren Master 2 (51-60 J.) 2024 2 Baden-W\u00fcrttembergische Poomsae-Meisterschaften 2024, LK 1, Einzel Herren Master 2 (51-60 J.) 2024 5 Baden-W\u00fcrttembergische Poomsae-Meisterschaften 2022, LK 1, Einzel Herren Master 1 A (51-55 J.) 2022 2 [&hellip;]<\/p>\n","protected":false},"author":3,"featured_media":0,"parent":521,"menu_order":9,"comment_status":"closed","ping_status":"closed","template":"","meta":{"footnotes":""},"class_list":["post-1491","page","type-page","status-publish","hentry"],"_links":{"self":[{"href":"https:\/\/www.taekwondo-hambruecken.de\/index.php\/wp-json\/wp\/v2\/pages\/1491","targetHints":{"allow":["GET"]}}],"collection":[{"href":"https:\/\/www.taekwondo-hambruecken.de\/index.php\/wp-json\/wp\/v2\/pages"}],"about":[{"href":"https:\/\/www.taekwondo-hambruecken.de\/index.php\/wp-json\/wp\/v2\/types\/page"}],"author":[{"embeddable":true,"href":"https:\/\/www.taekwondo-hambruecken.de\/index.php\/wp-json\/wp\/v2\/users\/3"}],"replies":[{"embeddable":true,"href":"https:\/\/www.taekwondo-hambruecken.de\/index.php\/wp-json\/wp\/v2\/comments?post=1491"}],"version-history":[{"count":9,"href":"https:\/\/www.taekwondo-hambruecken.de\/index.php\/wp-json\/wp\/v2\/pages\/1491\/revisions"}],"predecessor-version":[{"id":2102,"href":"https:\/\/www.taekwondo-hambruecken.de\/index.php\/wp-json\/wp\/v2\/pages\/1491\/revisions\/2102"}],"up":[{"embeddable":true,"href":"https:\/\/www.taekwondo-hambruecken.de\/index.php\/wp-json\/wp\/v2\/pages\/521"}],"wp:attachment":[{"href":"https:\/\/www.taekwondo-hambruecken.de\/index.php\/wp-json\/wp\/v2\/media?parent=1491"}],"curies":[{"name":"wp","href":"https:\/\/api.w.org\/{rel}","templated":true}]}}