{"id":1179,"date":"2024-01-03T12:54:49","date_gmt":"2024-01-03T11:54:49","guid":{"rendered":"https:\/\/www.taekwondo-hambruecken.de\/?page_id=1179"},"modified":"2024-01-04T20:10:41","modified_gmt":"2024-01-04T19:10:41","slug":"anne-reiblein-damengymnastik","status":"publish","type":"page","link":"https:\/\/www.taekwondo-hambruecken.de\/index.php\/ehemalige\/anne-reiblein-damengymnastik\/","title":{"rendered":"Anne Reiblein (Damengymnastik)"},"content":{"rendered":"\n<h3 class=\"wp-block-heading\">Verdienstvolle T\u00e4tigkeiten:<\/h3>\n\n\n\n<p>\u00dcbungsleiterin verschiedener Damengymnastik-Gruppen regelm\u00e4\u00dfig seit 1988 bis 2012<\/p>\n\n\n\n<p>\u00dcbungsleiterin Aerobic-Gruppe seit 1990<\/p>\n\n\n\n<p>Erwerb der Trainer C-Lizenz &#8222;\u00dcbungsleiterin Frauenturnen&#8220; des BTB im Jahr 1990<\/p>\n\n\n\n<p>Erwerb der Lizenz &#8222;DTB-R\u00fcckenschulleiterin&#8220; des Deutschen Turnerbundes im Jahr 2000<\/p>\n\n\n\n<p>Erwerb der Lizenz &#8222;\u00dcbungsleiter B  Sport in der Rehabilitation&#8220; 1998<\/p>\n\n\n\n<p>Mehrmaliger Erwerb des G\u00fctesiegels &#8222;Puspunkt Gesundheit&#8220; des Deutschen Turnerbundes f\u00fcr den Verein seit 1996<\/p>\n\n\n\n<p>\u00dcbungsleiterin f\u00fcr Seniorinnen-Gruppen im Altenwerk Hambr\u00fccken e.V.<\/p>\n","protected":false},"excerpt":{"rendered":"<p>Verdienstvolle T\u00e4tigkeiten: \u00dcbungsleiterin verschiedener Damengymnastik-Gruppen regelm\u00e4\u00dfig seit 1988 bis 2012 \u00dcbungsleiterin Aerobic-Gruppe seit 1990 Erwerb der Trainer C-Lizenz &#8222;\u00dcbungsleiterin Frauenturnen&#8220; des BTB im Jahr 1990 Erwerb der Lizenz &#8222;DTB-R\u00fcckenschulleiterin&#8220; des Deutschen Turnerbundes im Jahr 2000 Erwerb der Lizenz &#8222;\u00dcbungsleiter B Sport in der Rehabilitation&#8220; 1998 Mehrmaliger Erwerb des G\u00fctesiegels &#8222;Puspunkt Gesundheit&#8220; des Deutschen Turnerbundes f\u00fcr [&hellip;]<\/p>\n","protected":false},"author":1,"featured_media":0,"parent":1169,"menu_order":0,"comment_status":"closed","ping_status":"closed","template":"","meta":{"footnotes":""},"class_list":["post-1179","page","type-page","status-publish","hentry"],"_links":{"self":[{"href":"https:\/\/www.taekwondo-hambruecken.de\/index.php\/wp-json\/wp\/v2\/pages\/1179","targetHints":{"allow":["GET"]}}],"collection":[{"href":"https:\/\/www.taekwondo-hambruecken.de\/index.php\/wp-json\/wp\/v2\/pages"}],"about":[{"href":"https:\/\/www.taekwondo-hambruecken.de\/index.php\/wp-json\/wp\/v2\/types\/page"}],"author":[{"embeddable":true,"href":"https:\/\/www.taekwondo-hambruecken.de\/index.php\/wp-json\/wp\/v2\/users\/1"}],"replies":[{"embeddable":true,"href":"https:\/\/www.taekwondo-hambruecken.de\/index.php\/wp-json\/wp\/v2\/comments?post=1179"}],"version-history":[{"count":3,"href":"https:\/\/www.taekwondo-hambruecken.de\/index.php\/wp-json\/wp\/v2\/pages\/1179\/revisions"}],"predecessor-version":[{"id":1206,"href":"https:\/\/www.taekwondo-hambruecken.de\/index.php\/wp-json\/wp\/v2\/pages\/1179\/revisions\/1206"}],"up":[{"embeddable":true,"href":"https:\/\/www.taekwondo-hambruecken.de\/index.php\/wp-json\/wp\/v2\/pages\/1169"}],"wp:attachment":[{"href":"https:\/\/www.taekwondo-hambruecken.de\/index.php\/wp-json\/wp\/v2\/media?parent=1179"}],"curies":[{"name":"wp","href":"https:\/\/api.w.org\/{rel}","templated":true}]}}