{"id":108,"date":"2022-09-13T11:23:14","date_gmt":"2022-09-13T11:23:14","guid":{"rendered":"https:\/\/awplife.com\/demo\/formula\/?page_id=108"},"modified":"2026-04-19T21:40:28","modified_gmt":"2026-04-19T19:40:28","slug":"about","status":"publish","type":"page","link":"https:\/\/www.taekwondo-hambruecken.de\/index.php\/about\/","title":{"rendered":"Training"},"content":{"rendered":"\n<h3 class=\"wp-block-heading has-text-align-center has-white-color has-black-background-color has-text-color has-background\">Taekwondo<\/h3>\n\n\n\n<h3 class=\"wp-block-heading\">Kinder (ab 8 Jahren)<\/h3>\n\n\n\n<figure class=\"wp-block-table\"><table><tbody><tr><td>alle Farbg\u00fcrtel<\/td><td>jeden Montag, 18:00 &#8211; 19:00<\/td><td>Schulturnhalle<\/td><\/tr><\/tbody><\/table><figcaption class=\"wp-element-caption\">Anfragen \/ Kontakt: <strong>Jugendtrainer@taekwondo-hambruecken.de<\/strong><\/figcaption><\/figure>\n\n\n\n<p><\/p>\n\n\n\n<h3 class=\"wp-block-heading\">Erwachsene und Jugend (ab 13 Jahren)<\/h3>\n\n\n\n<figure class=\"wp-block-table\"><table><tbody><tr><td>technikorientiertes Training<\/td><td>jeden Montag, 19:00 &#8211; 21:00;<br>19.00 &#8211; 20.30 gemeinsames Training f\u00fcr Farbgurte, danach freies Training bis 21.00 Uhr m\u00f6glich;<\/td><td>Lu\u00dfhardthalle<\/td><\/tr><tr><td>vollkontaktkampforientiertes Training und parallel Poomsaeturnier-Vorbereitung<\/td><td>jeden Mittwoch, 19:00 &#8211; 21:00<br>(Nov. &#8211; Mrz. nur bis 20:30)<br>19.00 &#8211; 20.30 gemeinsames Training f\u00fcr Farbgurte, danach freies Training bis 21.00 Uhr m\u00f6glich;<\/td><td>Lu\u00dfhardthalle<\/td><\/tr><tr><td>Dantr\u00e4gertraining \/ <br>Pr\u00fcfungsvorbereitung und Turniervorbereitung (f\u00fcr Farbgurte nach Absprache mit Trainer) <\/td><td>jeden Freitag 19:00 &#8211; 21:00<br>(Nov. &#8211; Mrz. im Vereinsraum;<br>erst ab 19:30 Uhr in der Lu\u00dfhardthalle)<\/td><td>Vereinsraum\/Lu\u00dfhardthalle<\/td><\/tr><\/tbody><\/table><figcaption class=\"wp-element-caption\">Anfragen \/ Kontakt: <strong>vorstand@taekwondo-hambruecken.de<\/strong><\/figcaption><\/figure>\n\n\n\n<h3 class=\"wp-block-heading has-text-align-center has-white-color has-black-background-color has-text-color has-background\">GYMWELT<\/h3>\n\n\n\n<h3 class=\"wp-block-heading\">Damengymnastik<\/h3>\n\n\n\n<figure class=\"wp-block-table\"><table><tbody><tr><td>Pilates<\/td><td>jeden Montag, 17:30 &#8211; 18:30<br>jeden Montag, 18:30 &#8211; 19:30<\/td><td>Lu\u00dfhardthalle<\/td><\/tr><tr><td>Fit und Gesund<\/td><td>jeden Montag, 20:00 &#8211; 21:00<\/td><td>Lu\u00dfhardthalle<\/td><\/tr><tr><td>Bodystyling<\/td><td>jeden Donnerstag 20:30 &#8211; 21:30<\/td><td>Lu\u00dfhardthalle<\/td><\/tr><\/tbody><\/table><\/figure>\n\n\n\n<h3 class=\"wp-block-heading\">Herrenfitness (in Bl\u00f6cken zu je 10 Veranstaltungen)<\/h3>\n\n\n\n<figure class=\"wp-block-table\"><table><tbody><tr><td>Herrenfitness<\/td><td>Mittwoch, 20:00 &#8211; 21:00<\/td><td>FORUM oder (nach <br>Absprache) Lu\u00dfhardthalle<\/td><\/tr><\/tbody><\/table><\/figure>\n\n\n\n<h3 class=\"wp-block-heading\">Neue R\u00fcckenschule (in Bl\u00f6cken zu je 10 Veranstaltungen)<\/h3>\n\n\n\n<figure class=\"wp-block-table\"><table><tbody><tr><td>Neue R\u00fcckenschule<\/td><td>Donnerstag, 10:00 &#8211; 11:00<\/td><td>Pfarrsaal Hambr\u00fccken<\/td><\/tr><\/tbody><\/table><\/figure>\n\n\n\n<h3 class=\"wp-block-heading\">Brasil-Training f\u00fcr Frauen und M\u00e4nner (pro Kurs 10 Abende)<\/h3>\n\n\n\n<figure class=\"wp-block-table\"><table><tbody><tr><td><strong>Neuer Brasil-Kurs<\/strong><\/td><td>Montag, 19:30 &#8211; 20:30<br><strong>Beginn:<\/strong> <strong>Mo., 27.04.2026<\/strong><\/td><td>Schulturnhalle Hambr\u00fccken<br>Pfarrer-Graf-Stra\u00dfe 6<\/td><\/tr><\/tbody><\/table><\/figure>\n","protected":false},"excerpt":{"rendered":"<p>Taekwondo Kinder (ab 8 Jahren) alle Farbg\u00fcrtel jeden Montag, 18:00 &#8211; 19:00 Schulturnhalle Anfragen \/ Kontakt: Jugendtrainer@taekwondo-hambruecken.de Erwachsene und Jugend (ab 13 Jahren) technikorientiertes Training jeden Montag, 19:00 &#8211; 21:00;19.00 &#8211; 20.30 gemeinsames Training f\u00fcr Farbgurte, danach freies Training bis 21.00 Uhr m\u00f6glich; Lu\u00dfhardthalle vollkontaktkampforientiertes Training und parallel Poomsaeturnier-Vorbereitung jeden Mittwoch, 19:00 &#8211; 21:00(Nov. &#8211; [&hellip;]<\/p>\n","protected":false},"author":1,"featured_media":0,"parent":0,"menu_order":2,"comment_status":"closed","ping_status":"closed","template":"","meta":{"footnotes":""},"class_list":["post-108","page","type-page","status-publish","hentry"],"_links":{"self":[{"href":"https:\/\/www.taekwondo-hambruecken.de\/index.php\/wp-json\/wp\/v2\/pages\/108","targetHints":{"allow":["GET"]}}],"collection":[{"href":"https:\/\/www.taekwondo-hambruecken.de\/index.php\/wp-json\/wp\/v2\/pages"}],"about":[{"href":"https:\/\/www.taekwondo-hambruecken.de\/index.php\/wp-json\/wp\/v2\/types\/page"}],"author":[{"embeddable":true,"href":"https:\/\/www.taekwondo-hambruecken.de\/index.php\/wp-json\/wp\/v2\/users\/1"}],"replies":[{"embeddable":true,"href":"https:\/\/www.taekwondo-hambruecken.de\/index.php\/wp-json\/wp\/v2\/comments?post=108"}],"version-history":[{"count":19,"href":"https:\/\/www.taekwondo-hambruecken.de\/index.php\/wp-json\/wp\/v2\/pages\/108\/revisions"}],"predecessor-version":[{"id":2794,"href":"https:\/\/www.taekwondo-hambruecken.de\/index.php\/wp-json\/wp\/v2\/pages\/108\/revisions\/2794"}],"wp:attachment":[{"href":"https:\/\/www.taekwondo-hambruecken.de\/index.php\/wp-json\/wp\/v2\/media?parent=108"}],"curies":[{"name":"wp","href":"https:\/\/api.w.org\/{rel}","templated":true}]}}